{"id":9765,"date":"2024-11-25T08:25:24","date_gmt":"2024-11-25T08:25:24","guid":{"rendered":"https:\/\/www.puredent.dk\/?post_type=product&#038;p=9765"},"modified":"2025-11-05T16:55:48","modified_gmt":"2025-11-05T16:55:48","slug":"ustomed-steril-container-erstatter-indpakning-permanent-safety-filter-red-lid-medium-size-high-315x190x85-mm-90-626-085","status":"publish","type":"product","link":"https:\/\/www.puredent.dk\/en\/vare\/ustomed-steril-container-erstatter-indpakning-permanent-safety-filter-red-lid-medium-size-high-315x190x85-mm-90-626-085\/","title":{"rendered":"90-628-065 Ustomed Demi Steril Container uden behov for poser, Small size, 65 mm h\u00f8j"},"content":{"rendered":"<p><strong>Smart steril kirurgikassette til opbevaring uden brug af autoklaveposer! Er godt for milj\u00f8et, og de l\u00f8bende omkostninger\u00a0<\/strong><\/p>\n<p>Med permanent filter og hermetisk lukning tilbyder b\u00e5de USTOMED og RITTER opbevaringsl\u00f8sninger til kirurgiske instrumenter, uden behov for autoklaveposer.<\/p>\n<p>De f\u00e5es i forskellige st\u00f8rrelser og med en r\u00e6kke kurve og m\u00e5tter, der kan fastholde instrumenter. USTOMEDs opbevaringsl\u00f8sninger er fuldt ud dimensioneret til det dentale omr\u00e5de, mens RITTER er udviklet til hospitals- og klinikbrug indenfor ortop\u00e6dkirurgi og andre omr\u00e5der.<\/p>\n<p>Den v\u00e6sentligste forskel p\u00e5 dem er materialevalget, hvor RITTER bruger gennemsigtig plast fremfor USTOMEDs brug af aluminium.<\/p>\n","protected":false},"excerpt":{"rendered":"<p><strong>Smart steril kirurgikassette til opbevaring uden brug af autoklaveposer! Er godt for milj\u00f8et, og de l\u00f8bende omkostninger\u00a0<\/strong><\/p>\n<p>Med permanent filter og hermetisk lukning tilbyder b\u00e5de USTOMED og RITTER opbevaringsl\u00f8sninger til kirurgiske instrumenter, uden behov for autoklaveposer.<\/p>\n<p>De f\u00e5es i forskellige st\u00f8rrelser og med en r\u00e6kke kurve og m\u00e5tter, der kan fastholde instrumenter. USTOMEDs opbevaringsl\u00f8sninger er fuldt ud dimensioneret til det dentale omr\u00e5de, mens RITTER er udviklet til hospitals- og klinikbrug indenfor ortop\u00e6dkirurgi og andre omr\u00e5der.<\/p>\n<p>Den v\u00e6sentligste forskel p\u00e5 dem er materialevalget, hvor RITTER bruger gennemsigtig plast fremfor USTOMEDs brug af aluminium.<\/p>\n<p><strong>Features<\/strong><\/p>\n<ol>\n<li>Permanent filter der er enkel at reng\u00f8re og er indbygget i l\u00e5get<\/li>\n<li>Permanent filter skal aldrig skiftes<\/li>\n<li>Aluminum giver stor styrke og lang holdbarhed<\/li>\n<li>Flere muligheder for at s\u00e6tte labels eller skilte p\u00e5<\/li>\n<li>Flere tr\u00e5dkurvsl\u00f8sninger \u201cwashing baskets\u201d, som kan integreres eller bruges separat<\/li>\n<\/ol>\n<p>St\u00f8rrelse: 195 x 145 x 65 mm<\/p>\n<h2><\/h2>\n<p>Se brochure <a href=\"https:\/\/puredent.dk\/pdf\/Sterilisation-und-lagerung.pdf\" target=\"_blank\" rel=\"noopener\">her<\/a><\/p>\n","protected":false},"featured_media":9768,"template":"","meta":[],"product_brand":[],"product_cat":[746,255],"product_tag":[788,786,258,288],"class_list":{"0":"post-9765","1":"product","2":"type-product","3":"status-publish","4":"has-post-thumbnail","6":"product_cat-sterile-containere-med-pasteur-sloejfe","7":"product_cat-steril-opbevaring","8":"product_tag-safety-filter","9":"product_tag-steril-container","10":"product_tag-steril-opbevaring","11":"product_tag-ustomed","12":"product_shipping_class-gebyr-for-bestillingsvarer","14":"first","15":"instock","16":"taxable","17":"shipping-taxable","18":"purchasable","19":"product-type-simple"},"yoast_head":"<!-- This site is optimized with the Yoast SEO plugin v27.5 - https:\/\/yoast.com\/product\/yoast-seo-wordpress\/ -->\n<title>90-628-065 Ustomed Demi Steril Container uden behov for poser, Small size, 65 mm h\u00f8j<\/title>\n<meta name=\"description\" content=\"Steril container med Pasteur-sl\u00f8jfe er fremtidens opbevaringssystem for tandklinikker. Glem affald, spar tid og penge, og st\u00f8t op om den gr\u00f8nne omstilling.\" \/>\n<meta name=\"robots\" content=\"index, follow, max-snippet:-1, max-image-preview:large, max-video-preview:-1\" \/>\n<link rel=\"canonical\" href=\"https:\/\/www.puredent.dk\/en\/vare\/ustomed-steril-container-erstatter-indpakning-permanent-safety-filter-red-lid-medium-size-high-315x190x85-mm-90-626-085\/\" \/>\n<meta property=\"og:locale\" content=\"en_GB\" \/>\n<meta property=\"og:locale:alternate\" content=\"da_DK\" \/>\n<meta property=\"og:type\" content=\"article\" \/>\n<meta property=\"og:title\" content=\"90-628-065 Ustomed Demi Steril Container uden behov for poser, Small size, 65 mm h\u00f8j\" \/>\n<meta property=\"og:description\" content=\"Steril container med Pasteur-sl\u00f8jfe er fremtidens opbevaringssystem for tandklinikker. Glem affald, spar tid og penge, og st\u00f8t op om den gr\u00f8nne omstilling.\" \/>\n<meta property=\"og:url\" content=\"https:\/\/www.puredent.dk\/en\/vare\/ustomed-steril-container-erstatter-indpakning-permanent-safety-filter-red-lid-medium-size-high-315x190x85-mm-90-626-085\/\" \/>\n<meta property=\"og:site_name\" content=\"Puredent webshop\" \/>\n<meta property=\"article:modified_time\" content=\"2025-11-05T16:55:48+00:00\" \/>\n<meta property=\"og:image\" content=\"https:\/\/www.puredent.dk\/wp-content\/uploads\/2024\/11\/Skaermbillede-2020-12-29-kl.-11.01.41.png\" \/>\n\t<meta property=\"og:image:width\" content=\"573\" \/>\n\t<meta property=\"og:image:height\" content=\"398\" \/>\n\t<meta property=\"og:image:type\" content=\"image\/png\" \/>\n<meta name=\"twitter:card\" content=\"summary_large_image\" \/>\n<meta name=\"twitter:label1\" content=\"Estimated reading time\" \/>\n\t<meta name=\"twitter:data1\" content=\"2 minutes\" \/>\n<script type=\"application\/ld+json\" class=\"yoast-schema-graph\">{\"@context\":\"https:\\\/\\\/schema.org\",\"@graph\":[{\"@type\":\"WebPage\",\"@id\":\"https:\\\/\\\/www.puredent.dk\\\/vare\\\/ustomed-steril-container-erstatter-indpakning-permanent-safety-filter-red-lid-medium-size-high-315x190x85-mm-90-626-085\\\/\",\"url\":\"https:\\\/\\\/www.puredent.dk\\\/vare\\\/ustomed-steril-container-erstatter-indpakning-permanent-safety-filter-red-lid-medium-size-high-315x190x85-mm-90-626-085\\\/\",\"name\":\"90-628-065 Ustomed Demi Steril Container uden behov for poser, Small size, 65 mm h\u00f8j\",\"isPartOf\":{\"@id\":\"https:\\\/\\\/www.puredent.dk\\\/#website\"},\"primaryImageOfPage\":{\"@id\":\"https:\\\/\\\/www.puredent.dk\\\/vare\\\/ustomed-steril-container-erstatter-indpakning-permanent-safety-filter-red-lid-medium-size-high-315x190x85-mm-90-626-085\\\/#primaryimage\"},\"image\":{\"@id\":\"https:\\\/\\\/www.puredent.dk\\\/vare\\\/ustomed-steril-container-erstatter-indpakning-permanent-safety-filter-red-lid-medium-size-high-315x190x85-mm-90-626-085\\\/#primaryimage\"},\"thumbnailUrl\":\"https:\\\/\\\/www.puredent.dk\\\/wp-content\\\/uploads\\\/2024\\\/11\\\/Skaermbillede-2020-12-29-kl.-11.01.41.png\",\"datePublished\":\"2024-11-25T08:25:24+00:00\",\"dateModified\":\"2025-11-05T16:55:48+00:00\",\"description\":\"Steril container med Pasteur-sl\u00f8jfe er fremtidens opbevaringssystem for tandklinikker. Glem affald, spar tid og penge, og st\u00f8t op om den gr\u00f8nne omstilling.\",\"breadcrumb\":{\"@id\":\"https:\\\/\\\/www.puredent.dk\\\/vare\\\/ustomed-steril-container-erstatter-indpakning-permanent-safety-filter-red-lid-medium-size-high-315x190x85-mm-90-626-085\\\/#breadcrumb\"},\"inLanguage\":\"en-GB\",\"potentialAction\":[{\"@type\":\"ReadAction\",\"target\":[\"https:\\\/\\\/www.puredent.dk\\\/vare\\\/ustomed-steril-container-erstatter-indpakning-permanent-safety-filter-red-lid-medium-size-high-315x190x85-mm-90-626-085\\\/\"]}]},{\"@type\":\"ImageObject\",\"inLanguage\":\"en-GB\",\"@id\":\"https:\\\/\\\/www.puredent.dk\\\/vare\\\/ustomed-steril-container-erstatter-indpakning-permanent-safety-filter-red-lid-medium-size-high-315x190x85-mm-90-626-085\\\/#primaryimage\",\"url\":\"https:\\\/\\\/www.puredent.dk\\\/wp-content\\\/uploads\\\/2024\\\/11\\\/Skaermbillede-2020-12-29-kl.-11.01.41.png\",\"contentUrl\":\"https:\\\/\\\/www.puredent.dk\\\/wp-content\\\/uploads\\\/2024\\\/11\\\/Skaermbillede-2020-12-29-kl.-11.01.41.png\",\"width\":573,\"height\":398},{\"@type\":\"BreadcrumbList\",\"@id\":\"https:\\\/\\\/www.puredent.dk\\\/vare\\\/ustomed-steril-container-erstatter-indpakning-permanent-safety-filter-red-lid-medium-size-high-315x190x85-mm-90-626-085\\\/#breadcrumb\",\"itemListElement\":[{\"@type\":\"ListItem\",\"position\":1,\"name\":\"Hjem\",\"item\":\"https:\\\/\\\/www.puredent.dk\\\/\"},{\"@type\":\"ListItem\",\"position\":2,\"name\":\"Forside\",\"item\":\"https:\\\/\\\/www.puredent.dk\\\/\"},{\"@type\":\"ListItem\",\"position\":3,\"name\":\"Ustomed Steril Container, erstatter indpakning, permanent safety filter, red lid, medium size, high, 315x190x85 mm &#8211; 90-626-085\"}]},{\"@type\":\"WebSite\",\"@id\":\"https:\\\/\\\/www.puredent.dk\\\/#website\",\"url\":\"https:\\\/\\\/www.puredent.dk\\\/\",\"name\":\"Puredent webshop\",\"description\":\"Udstyr til tandl\u00e6ger, l\u00e6ger og dyrl\u00e6ger\",\"publisher\":{\"@id\":\"https:\\\/\\\/www.puredent.dk\\\/#organization\"},\"potentialAction\":[{\"@type\":\"SearchAction\",\"target\":{\"@type\":\"EntryPoint\",\"urlTemplate\":\"https:\\\/\\\/www.puredent.dk\\\/?s={search_term_string}\"},\"query-input\":{\"@type\":\"PropertyValueSpecification\",\"valueRequired\":true,\"valueName\":\"search_term_string\"}}],\"inLanguage\":\"en-GB\"},{\"@type\":\"Organization\",\"@id\":\"https:\\\/\\\/www.puredent.dk\\\/#organization\",\"name\":\"Puredent webshop\",\"url\":\"https:\\\/\\\/www.puredent.dk\\\/\",\"logo\":{\"@type\":\"ImageObject\",\"inLanguage\":\"en-GB\",\"@id\":\"https:\\\/\\\/www.puredent.dk\\\/#\\\/schema\\\/logo\\\/image\\\/\",\"url\":\"https:\\\/\\\/www.puredent.dk\\\/wp-content\\\/uploads\\\/2024\\\/07\\\/cropped-PD_2024_logo_72ppi.jpg\",\"contentUrl\":\"https:\\\/\\\/www.puredent.dk\\\/wp-content\\\/uploads\\\/2024\\\/07\\\/cropped-PD_2024_logo_72ppi.jpg\",\"width\":1311,\"height\":445,\"caption\":\"Puredent webshop\"},\"image\":{\"@id\":\"https:\\\/\\\/www.puredent.dk\\\/#\\\/schema\\\/logo\\\/image\\\/\"}}]}<\/script>\n<!-- \/ Yoast SEO plugin. -->","yoast_head_json":{"title":"90-628-065 Ustomed Demi Steril Container uden behov for poser, Small size, 65 mm h\u00f8j","description":"Steril container med Pasteur-sl\u00f8jfe er fremtidens opbevaringssystem for tandklinikker. Glem affald, spar tid og penge, og st\u00f8t op om den gr\u00f8nne omstilling.","robots":{"index":"index","follow":"follow","max-snippet":"max-snippet:-1","max-image-preview":"max-image-preview:large","max-video-preview":"max-video-preview:-1"},"canonical":"https:\/\/www.puredent.dk\/en\/vare\/ustomed-steril-container-erstatter-indpakning-permanent-safety-filter-red-lid-medium-size-high-315x190x85-mm-90-626-085\/","og_locale":"en_GB","og_type":"article","og_title":"[:da]Ustomed Steril Container, erstatter indpakning, permanent safety filter, red lid, medium size, high, 315x190x85 mm - 90-626-085[:en]90-628-065 Ustomed Demi Steril Container uden behov for poser, Small size, 65 mm h\u00f8j[:] - Puredent webshop","og_description":"Steril container med Pasteur-sl\u00f8jfe er fremtidens opbevaringssystem for tandklinikker. Glem affald, spar tid og penge, og st\u00f8t op om den gr\u00f8nne omstilling.","og_url":"https:\/\/www.puredent.dk\/en\/vare\/ustomed-steril-container-erstatter-indpakning-permanent-safety-filter-red-lid-medium-size-high-315x190x85-mm-90-626-085\/","og_site_name":"Puredent webshop","article_modified_time":"2025-11-05T16:55:48+00:00","og_image":[{"width":573,"height":398,"url":"https:\/\/www.puredent.dk\/wp-content\/uploads\/2024\/11\/Skaermbillede-2020-12-29-kl.-11.01.41.png","type":"image\/png"}],"twitter_card":"summary_large_image","twitter_misc":{"Estimated reading time":"2 minutes"},"schema":{"@context":"https:\/\/schema.org","@graph":[{"@type":"WebPage","@id":"https:\/\/www.puredent.dk\/vare\/ustomed-steril-container-erstatter-indpakning-permanent-safety-filter-red-lid-medium-size-high-315x190x85-mm-90-626-085\/","url":"https:\/\/www.puredent.dk\/vare\/ustomed-steril-container-erstatter-indpakning-permanent-safety-filter-red-lid-medium-size-high-315x190x85-mm-90-626-085\/","name":"90-628-065 Ustomed Demi Steril Container uden behov for poser, Small size, 65 mm h\u00f8j","isPartOf":{"@id":"https:\/\/www.puredent.dk\/#website"},"primaryImageOfPage":{"@id":"https:\/\/www.puredent.dk\/vare\/ustomed-steril-container-erstatter-indpakning-permanent-safety-filter-red-lid-medium-size-high-315x190x85-mm-90-626-085\/#primaryimage"},"image":{"@id":"https:\/\/www.puredent.dk\/vare\/ustomed-steril-container-erstatter-indpakning-permanent-safety-filter-red-lid-medium-size-high-315x190x85-mm-90-626-085\/#primaryimage"},"thumbnailUrl":"https:\/\/www.puredent.dk\/wp-content\/uploads\/2024\/11\/Skaermbillede-2020-12-29-kl.-11.01.41.png","datePublished":"2024-11-25T08:25:24+00:00","dateModified":"2025-11-05T16:55:48+00:00","description":"Steril container med Pasteur-sl\u00f8jfe er fremtidens opbevaringssystem for tandklinikker. Glem affald, spar tid og penge, og st\u00f8t op om den gr\u00f8nne omstilling.","breadcrumb":{"@id":"https:\/\/www.puredent.dk\/vare\/ustomed-steril-container-erstatter-indpakning-permanent-safety-filter-red-lid-medium-size-high-315x190x85-mm-90-626-085\/#breadcrumb"},"inLanguage":"en-GB","potentialAction":[{"@type":"ReadAction","target":["https:\/\/www.puredent.dk\/vare\/ustomed-steril-container-erstatter-indpakning-permanent-safety-filter-red-lid-medium-size-high-315x190x85-mm-90-626-085\/"]}]},{"@type":"ImageObject","inLanguage":"en-GB","@id":"https:\/\/www.puredent.dk\/vare\/ustomed-steril-container-erstatter-indpakning-permanent-safety-filter-red-lid-medium-size-high-315x190x85-mm-90-626-085\/#primaryimage","url":"https:\/\/www.puredent.dk\/wp-content\/uploads\/2024\/11\/Skaermbillede-2020-12-29-kl.-11.01.41.png","contentUrl":"https:\/\/www.puredent.dk\/wp-content\/uploads\/2024\/11\/Skaermbillede-2020-12-29-kl.-11.01.41.png","width":573,"height":398},{"@type":"BreadcrumbList","@id":"https:\/\/www.puredent.dk\/vare\/ustomed-steril-container-erstatter-indpakning-permanent-safety-filter-red-lid-medium-size-high-315x190x85-mm-90-626-085\/#breadcrumb","itemListElement":[{"@type":"ListItem","position":1,"name":"Hjem","item":"https:\/\/www.puredent.dk\/"},{"@type":"ListItem","position":2,"name":"Forside","item":"https:\/\/www.puredent.dk\/"},{"@type":"ListItem","position":3,"name":"Ustomed Steril Container, erstatter indpakning, permanent safety filter, red lid, medium size, high, 315x190x85 mm &#8211; 90-626-085"}]},{"@type":"WebSite","@id":"https:\/\/www.puredent.dk\/#website","url":"https:\/\/www.puredent.dk\/","name":"Puredent webshop","description":"Udstyr til tandl\u00e6ger, l\u00e6ger og dyrl\u00e6ger","publisher":{"@id":"https:\/\/www.puredent.dk\/#organization"},"potentialAction":[{"@type":"SearchAction","target":{"@type":"EntryPoint","urlTemplate":"https:\/\/www.puredent.dk\/?s={search_term_string}"},"query-input":{"@type":"PropertyValueSpecification","valueRequired":true,"valueName":"search_term_string"}}],"inLanguage":"en-GB"},{"@type":"Organization","@id":"https:\/\/www.puredent.dk\/#organization","name":"Puredent webshop","url":"https:\/\/www.puredent.dk\/","logo":{"@type":"ImageObject","inLanguage":"en-GB","@id":"https:\/\/www.puredent.dk\/#\/schema\/logo\/image\/","url":"https:\/\/www.puredent.dk\/wp-content\/uploads\/2024\/07\/cropped-PD_2024_logo_72ppi.jpg","contentUrl":"https:\/\/www.puredent.dk\/wp-content\/uploads\/2024\/07\/cropped-PD_2024_logo_72ppi.jpg","width":1311,"height":445,"caption":"Puredent webshop"},"image":{"@id":"https:\/\/www.puredent.dk\/#\/schema\/logo\/image\/"}}]}},"_links":{"self":[{"href":"https:\/\/www.puredent.dk\/en\/wp-json\/wp\/v2\/product\/9765","targetHints":{"allow":["GET"]}}],"collection":[{"href":"https:\/\/www.puredent.dk\/en\/wp-json\/wp\/v2\/product"}],"about":[{"href":"https:\/\/www.puredent.dk\/en\/wp-json\/wp\/v2\/types\/product"}],"version-history":[{"count":3,"href":"https:\/\/www.puredent.dk\/en\/wp-json\/wp\/v2\/product\/9765\/revisions"}],"predecessor-version":[{"id":17855,"href":"https:\/\/www.puredent.dk\/en\/wp-json\/wp\/v2\/product\/9765\/revisions\/17855"}],"wp:featuredmedia":[{"embeddable":true,"href":"https:\/\/www.puredent.dk\/en\/wp-json\/wp\/v2\/media\/9768"}],"wp:attachment":[{"href":"https:\/\/www.puredent.dk\/en\/wp-json\/wp\/v2\/media?parent=9765"}],"wp:term":[{"taxonomy":"product_brand","embeddable":true,"href":"https:\/\/www.puredent.dk\/en\/wp-json\/wp\/v2\/product_brand?post=9765"},{"taxonomy":"product_cat","embeddable":true,"href":"https:\/\/www.puredent.dk\/en\/wp-json\/wp\/v2\/product_cat?post=9765"},{"taxonomy":"product_tag","embeddable":true,"href":"https:\/\/www.puredent.dk\/en\/wp-json\/wp\/v2\/product_tag?post=9765"}],"curies":[{"name":"wp","href":"https:\/\/api.w.org\/{rel}","templated":true}]}}