{"id":872,"date":"2020-12-24T07:17:09","date_gmt":"2020-12-24T07:17:09","guid":{"rendered":"https:\/\/www.puredent.dk\/?post_type=product&#038;p=872"},"modified":"2023-04-14T09:34:08","modified_gmt":"2023-04-14T09:34:08","slug":"art0399","status":"publish","type":"product","link":"https:\/\/www.puredent.dk\/en\/vare\/art0399\/","title":{"rendered":"ART0399 Derma pen system, Genosys"},"content":{"rendered":"","protected":false},"excerpt":{"rendered":"<h3>Dermafix \u2013 automated pen device<\/h3>\n<p>The Genosys automated pen device, the \u2018Dermafix\u2019 also stimulates the growth of collagen fibers by creating superficial breaks in the skin.<\/p>\n<p>A topical anesthetic is not needed so therefore treatment time and cost are reduced.<\/p>\n<p><span class=\"et_pb_image_wrap\"><img decoding=\"async\" src=\"https:\/\/www.skinhealthsolutions.co.uk\/wp-content\/uploads\/2016\/11\/xMicroneedling-pen.jpg.pagespeed.ic.G_EQ6rWcfC.webp\" alt=\"\" data-pagespeed-url-hash=\"1086362159\" \/><\/span><\/p>\n<h2>How microneedling products work<\/h2>\n<p>Microneedling results in the natural response to wounding of the skin, even though the wound is minute and mainly subcutaneous.<\/p>\n<p>A single needle prick would cause an invisible response.<\/p>\n<p>However, when thousands or tens of thousands of fine pricks are placed together one gets a \u201cfield effect\u201d.<\/p>\n<p>This, therefore, promotes the normal post-traumatic release of growth factors and infiltration of fibroblasts.<\/p>\n<p>This reaction is automatic and produces a surge of activity that inevitably leads to fibroblasts being instructed to produce more collagen and elastin.<\/p>\n","protected":false},"featured_media":862,"template":"","meta":[],"product_brand":[],"product_cat":[245,244],"product_tag":[],"class_list":{"0":"post-872","1":"product","2":"type-product","3":"status-publish","4":"has-post-thumbnail","6":"product_cat-mesotherapy","7":"product_cat-pure-skin-therapy","8":"product_shipping_class-gebyr-for-bestillingsvarer","10":"first","11":"instock","12":"taxable","13":"shipping-taxable","14":"purchasable","15":"product-type-simple"},"yoast_head":"<!-- This site is optimized with the Yoast SEO plugin v27.5 - https:\/\/yoast.com\/product\/yoast-seo-wordpress\/ -->\n<title>ART0399 Derma pen system, Genosys<\/title>\n<meta name=\"robots\" content=\"index, follow, max-snippet:-1, max-image-preview:large, max-video-preview:-1\" \/>\n<link rel=\"canonical\" href=\"https:\/\/www.puredent.dk\/en\/vare\/art0399\/\" \/>\n<meta property=\"og:locale\" content=\"en_GB\" \/>\n<meta property=\"og:locale:alternate\" content=\"da_DK\" \/>\n<meta property=\"og:type\" content=\"article\" \/>\n<meta property=\"og:title\" content=\"ART0399 Derma pen system, Genosys\" \/>\n<meta property=\"og:description\" content=\"Dermafix \u2013 automated pen device The Genosys automated pen device, the \u2018Dermafix\u2019 also stimulates the growth of collagen fibers by creating superficial breaks in the skin.  A topical anesthetic is not needed so therefore treatment time and cost are reduced.   How microneedling products work Microneedling results in the natural response to wounding of the skin, even though the wound is minute and mainly subcutaneous.  A single needle prick would cause an invisible response.  However, when thousands or tens of thousands of fine pricks are placed together one gets a \u201cfield effect\u201d.  This, therefore, promotes the normal post-traumatic release of growth factors and infiltration of fibroblasts.  This reaction is automatic and produces a surge of activity that inevitably leads to fibroblasts being instructed to produce more collagen and elastin.\" \/>\n<meta property=\"og:url\" content=\"https:\/\/www.puredent.dk\/en\/vare\/art0399\/\" \/>\n<meta property=\"og:site_name\" content=\"Puredent webshop\" \/>\n<meta property=\"article:modified_time\" content=\"2023-04-14T09:34:08+00:00\" \/>\n<meta property=\"og:image\" content=\"https:\/\/www.puredent.dk\/wp-content\/uploads\/2020\/12\/Webshop-under-og-kategori-800-x-800-px_149.jpg\" \/>\n\t<meta property=\"og:image:width\" content=\"800\" \/>\n\t<meta property=\"og:image:height\" content=\"800\" \/>\n\t<meta property=\"og:image:type\" content=\"image\/jpeg\" \/>\n<meta name=\"twitter:card\" content=\"summary_large_image\" \/>\n<script type=\"application\/ld+json\" class=\"yoast-schema-graph\">{\"@context\":\"https:\\\/\\\/schema.org\",\"@graph\":[{\"@type\":\"WebPage\",\"@id\":\"https:\\\/\\\/www.puredent.dk\\\/vare\\\/art0399\\\/\",\"url\":\"https:\\\/\\\/www.puredent.dk\\\/vare\\\/art0399\\\/\",\"name\":\"ART0399 Derma pen system, Genosys\",\"isPartOf\":{\"@id\":\"https:\\\/\\\/www.puredent.dk\\\/#website\"},\"primaryImageOfPage\":{\"@id\":\"https:\\\/\\\/www.puredent.dk\\\/vare\\\/art0399\\\/#primaryimage\"},\"image\":{\"@id\":\"https:\\\/\\\/www.puredent.dk\\\/vare\\\/art0399\\\/#primaryimage\"},\"thumbnailUrl\":\"https:\\\/\\\/www.puredent.dk\\\/wp-content\\\/uploads\\\/2020\\\/12\\\/Webshop-under-og-kategori-800-x-800-px_149.jpg\",\"datePublished\":\"2020-12-24T07:17:09+00:00\",\"dateModified\":\"2023-04-14T09:34:08+00:00\",\"breadcrumb\":{\"@id\":\"https:\\\/\\\/www.puredent.dk\\\/vare\\\/art0399\\\/#breadcrumb\"},\"inLanguage\":\"en-GB\",\"potentialAction\":[{\"@type\":\"ReadAction\",\"target\":[\"https:\\\/\\\/www.puredent.dk\\\/vare\\\/art0399\\\/\"]}]},{\"@type\":\"ImageObject\",\"inLanguage\":\"en-GB\",\"@id\":\"https:\\\/\\\/www.puredent.dk\\\/vare\\\/art0399\\\/#primaryimage\",\"url\":\"https:\\\/\\\/www.puredent.dk\\\/wp-content\\\/uploads\\\/2020\\\/12\\\/Webshop-under-og-kategori-800-x-800-px_149.jpg\",\"contentUrl\":\"https:\\\/\\\/www.puredent.dk\\\/wp-content\\\/uploads\\\/2020\\\/12\\\/Webshop-under-og-kategori-800-x-800-px_149.jpg\",\"width\":800,\"height\":800},{\"@type\":\"BreadcrumbList\",\"@id\":\"https:\\\/\\\/www.puredent.dk\\\/vare\\\/art0399\\\/#breadcrumb\",\"itemListElement\":[{\"@type\":\"ListItem\",\"position\":1,\"name\":\"Hjem\",\"item\":\"https:\\\/\\\/www.puredent.dk\\\/\"},{\"@type\":\"ListItem\",\"position\":2,\"name\":\"Forside\",\"item\":\"https:\\\/\\\/www.puredent.dk\\\/\"},{\"@type\":\"ListItem\",\"position\":3,\"name\":\"ART0399 Derma pen system, Genosys\"}]},{\"@type\":\"WebSite\",\"@id\":\"https:\\\/\\\/www.puredent.dk\\\/#website\",\"url\":\"https:\\\/\\\/www.puredent.dk\\\/\",\"name\":\"Puredent webshop\",\"description\":\"Udstyr til tandl\u00e6ger, l\u00e6ger og dyrl\u00e6ger\",\"publisher\":{\"@id\":\"https:\\\/\\\/www.puredent.dk\\\/#organization\"},\"potentialAction\":[{\"@type\":\"SearchAction\",\"target\":{\"@type\":\"EntryPoint\",\"urlTemplate\":\"https:\\\/\\\/www.puredent.dk\\\/?s={search_term_string}\"},\"query-input\":{\"@type\":\"PropertyValueSpecification\",\"valueRequired\":true,\"valueName\":\"search_term_string\"}}],\"inLanguage\":\"en-GB\"},{\"@type\":\"Organization\",\"@id\":\"https:\\\/\\\/www.puredent.dk\\\/#organization\",\"name\":\"Puredent webshop\",\"url\":\"https:\\\/\\\/www.puredent.dk\\\/\",\"logo\":{\"@type\":\"ImageObject\",\"inLanguage\":\"en-GB\",\"@id\":\"https:\\\/\\\/www.puredent.dk\\\/#\\\/schema\\\/logo\\\/image\\\/\",\"url\":\"https:\\\/\\\/www.puredent.dk\\\/wp-content\\\/uploads\\\/2024\\\/07\\\/cropped-PD_2024_logo_72ppi.jpg\",\"contentUrl\":\"https:\\\/\\\/www.puredent.dk\\\/wp-content\\\/uploads\\\/2024\\\/07\\\/cropped-PD_2024_logo_72ppi.jpg\",\"width\":1311,\"height\":445,\"caption\":\"Puredent webshop\"},\"image\":{\"@id\":\"https:\\\/\\\/www.puredent.dk\\\/#\\\/schema\\\/logo\\\/image\\\/\"}}]}<\/script>\n<!-- \/ Yoast SEO plugin. -->","yoast_head_json":{"title":"ART0399 Derma pen system, Genosys","robots":{"index":"index","follow":"follow","max-snippet":"max-snippet:-1","max-image-preview":"max-image-preview:large","max-video-preview":"max-video-preview:-1"},"canonical":"https:\/\/www.puredent.dk\/en\/vare\/art0399\/","og_locale":"en_GB","og_type":"article","og_title":"[:da]ART0399 Derma pen system, Genosys[:en]ART0399 Derma pen system, Genosys[:] - Puredent webshop","og_description":"Dermafix \u2013 automated pen device The Genosys automated pen device, the \u2018Dermafix\u2019 also stimulates the growth of collagen fibers by creating superficial breaks in the skin.  A topical anesthetic is not needed so therefore treatment time and cost are reduced.   How microneedling products work Microneedling results in the natural response to wounding of the skin, even though the wound is minute and mainly subcutaneous.  A single needle prick would cause an invisible response.  However, when thousands or tens of thousands of fine pricks are placed together one gets a \u201cfield effect\u201d.  This, therefore, promotes the normal post-traumatic release of growth factors and infiltration of fibroblasts.  This reaction is automatic and produces a surge of activity that inevitably leads to fibroblasts being instructed to produce more collagen and elastin.","og_url":"https:\/\/www.puredent.dk\/en\/vare\/art0399\/","og_site_name":"Puredent webshop","article_modified_time":"2023-04-14T09:34:08+00:00","og_image":[{"width":800,"height":800,"url":"https:\/\/www.puredent.dk\/wp-content\/uploads\/2020\/12\/Webshop-under-og-kategori-800-x-800-px_149.jpg","type":"image\/jpeg"}],"twitter_card":"summary_large_image","schema":{"@context":"https:\/\/schema.org","@graph":[{"@type":"WebPage","@id":"https:\/\/www.puredent.dk\/vare\/art0399\/","url":"https:\/\/www.puredent.dk\/vare\/art0399\/","name":"ART0399 Derma pen system, Genosys","isPartOf":{"@id":"https:\/\/www.puredent.dk\/#website"},"primaryImageOfPage":{"@id":"https:\/\/www.puredent.dk\/vare\/art0399\/#primaryimage"},"image":{"@id":"https:\/\/www.puredent.dk\/vare\/art0399\/#primaryimage"},"thumbnailUrl":"https:\/\/www.puredent.dk\/wp-content\/uploads\/2020\/12\/Webshop-under-og-kategori-800-x-800-px_149.jpg","datePublished":"2020-12-24T07:17:09+00:00","dateModified":"2023-04-14T09:34:08+00:00","breadcrumb":{"@id":"https:\/\/www.puredent.dk\/vare\/art0399\/#breadcrumb"},"inLanguage":"en-GB","potentialAction":[{"@type":"ReadAction","target":["https:\/\/www.puredent.dk\/vare\/art0399\/"]}]},{"@type":"ImageObject","inLanguage":"en-GB","@id":"https:\/\/www.puredent.dk\/vare\/art0399\/#primaryimage","url":"https:\/\/www.puredent.dk\/wp-content\/uploads\/2020\/12\/Webshop-under-og-kategori-800-x-800-px_149.jpg","contentUrl":"https:\/\/www.puredent.dk\/wp-content\/uploads\/2020\/12\/Webshop-under-og-kategori-800-x-800-px_149.jpg","width":800,"height":800},{"@type":"BreadcrumbList","@id":"https:\/\/www.puredent.dk\/vare\/art0399\/#breadcrumb","itemListElement":[{"@type":"ListItem","position":1,"name":"Hjem","item":"https:\/\/www.puredent.dk\/"},{"@type":"ListItem","position":2,"name":"Forside","item":"https:\/\/www.puredent.dk\/"},{"@type":"ListItem","position":3,"name":"ART0399 Derma pen system, Genosys"}]},{"@type":"WebSite","@id":"https:\/\/www.puredent.dk\/#website","url":"https:\/\/www.puredent.dk\/","name":"Puredent webshop","description":"Udstyr til tandl\u00e6ger, l\u00e6ger og dyrl\u00e6ger","publisher":{"@id":"https:\/\/www.puredent.dk\/#organization"},"potentialAction":[{"@type":"SearchAction","target":{"@type":"EntryPoint","urlTemplate":"https:\/\/www.puredent.dk\/?s={search_term_string}"},"query-input":{"@type":"PropertyValueSpecification","valueRequired":true,"valueName":"search_term_string"}}],"inLanguage":"en-GB"},{"@type":"Organization","@id":"https:\/\/www.puredent.dk\/#organization","name":"Puredent webshop","url":"https:\/\/www.puredent.dk\/","logo":{"@type":"ImageObject","inLanguage":"en-GB","@id":"https:\/\/www.puredent.dk\/#\/schema\/logo\/image\/","url":"https:\/\/www.puredent.dk\/wp-content\/uploads\/2024\/07\/cropped-PD_2024_logo_72ppi.jpg","contentUrl":"https:\/\/www.puredent.dk\/wp-content\/uploads\/2024\/07\/cropped-PD_2024_logo_72ppi.jpg","width":1311,"height":445,"caption":"Puredent webshop"},"image":{"@id":"https:\/\/www.puredent.dk\/#\/schema\/logo\/image\/"}}]}},"_links":{"self":[{"href":"https:\/\/www.puredent.dk\/en\/wp-json\/wp\/v2\/product\/872","targetHints":{"allow":["GET"]}}],"collection":[{"href":"https:\/\/www.puredent.dk\/en\/wp-json\/wp\/v2\/product"}],"about":[{"href":"https:\/\/www.puredent.dk\/en\/wp-json\/wp\/v2\/types\/product"}],"version-history":[{"count":0,"href":"https:\/\/www.puredent.dk\/en\/wp-json\/wp\/v2\/product\/872\/revisions"}],"wp:featuredmedia":[{"embeddable":true,"href":"https:\/\/www.puredent.dk\/en\/wp-json\/wp\/v2\/media\/862"}],"wp:attachment":[{"href":"https:\/\/www.puredent.dk\/en\/wp-json\/wp\/v2\/media?parent=872"}],"wp:term":[{"taxonomy":"product_brand","embeddable":true,"href":"https:\/\/www.puredent.dk\/en\/wp-json\/wp\/v2\/product_brand?post=872"},{"taxonomy":"product_cat","embeddable":true,"href":"https:\/\/www.puredent.dk\/en\/wp-json\/wp\/v2\/product_cat?post=872"},{"taxonomy":"product_tag","embeddable":true,"href":"https:\/\/www.puredent.dk\/en\/wp-json\/wp\/v2\/product_tag?post=872"}],"curies":[{"name":"wp","href":"https:\/\/api.w.org\/{rel}","templated":true}]}}