{"id":718,"date":"2020-12-21T09:58:51","date_gmt":"2020-12-21T09:58:51","guid":{"rendered":"https:\/\/www.puredent.dk\/index.php\/product\/import-placeholder-for-22869\/"},"modified":"2021-02-19T08:26:48","modified_gmt":"2021-02-19T08:26:48","slug":"700-027","status":"publish","type":"product","link":"https:\/\/www.puredent.dk\/en\/vare\/700-027\/","title":{"rendered":"PRF injektionskanyle, 27G, 0,4 x 13 mm, 100 pcs"},"content":{"rendered":"","protected":false},"excerpt":{"rendered":"<h3><strong>PRF injektionskanyle, 27G, 0,4 x 13 mm<\/strong><\/h3>\n<p class=\"p1\"><span class=\"s1\">PRF injektionskanyle som bl.a. anvendes til injektioner med v\u00e6skeformig PRF i gingiva og k\u00e6beled. Liquid PRF glas centrifugeres efter Liquid PRF prototokol.<\/span><\/p>\n","protected":false},"featured_media":759,"template":"","meta":[],"product_brand":[],"product_cat":[49,48],"product_tag":[],"class_list":{"0":"post-718","1":"product","2":"type-product","3":"status-publish","4":"has-post-thumbnail","6":"product_cat-prf-tilbehoer","7":"product_cat-prf","8":"product_shipping_class-standard-shipping","10":"first","11":"instock","12":"taxable","13":"shipping-taxable","14":"purchasable","15":"product-type-simple"},"yoast_head":"<!-- This site is optimized with the Yoast SEO plugin v27.5 - https:\/\/yoast.com\/product\/yoast-seo-wordpress\/ -->\n<title>PRF injektionskanyle, 27G, 0,4 x 13 mm, 100 pcs<\/title>\n<meta name=\"robots\" content=\"index, follow, max-snippet:-1, max-image-preview:large, max-video-preview:-1\" \/>\n<link rel=\"canonical\" href=\"https:\/\/www.puredent.dk\/en\/vare\/700-027\/\" \/>\n<meta property=\"og:locale\" content=\"en_GB\" \/>\n<meta property=\"og:locale:alternate\" content=\"da_DK\" \/>\n<meta property=\"og:type\" content=\"article\" \/>\n<meta property=\"og:title\" content=\"PRF injektionskanyle, 27G, 0,4 x 13 mm, 100 pcs\" \/>\n<meta property=\"og:description\" content=\"PRF injektionskanyle, 27G, 0,4 x 13 mm PRF injektionskanyle som bl.a. anvendes til injektioner med v\u00e6skeformig PRF i gingiva og k\u00e6beled. Liquid PRF glas centrifugeres efter Liquid PRF prototokol.\" \/>\n<meta property=\"og:url\" content=\"https:\/\/www.puredent.dk\/en\/vare\/700-027\/\" \/>\n<meta property=\"og:site_name\" content=\"Puredent webshop\" \/>\n<meta property=\"article:modified_time\" content=\"2021-02-19T08:26:48+00:00\" \/>\n<meta property=\"og:image\" content=\"https:\/\/www.puredent.dk\/wp-content\/uploads\/2020\/12\/BD-microlance-27G.jpg\" \/>\n\t<meta property=\"og:image:width\" content=\"1067\" \/>\n\t<meta property=\"og:image:height\" content=\"1067\" \/>\n\t<meta property=\"og:image:type\" content=\"image\/jpeg\" \/>\n<meta name=\"twitter:card\" content=\"summary_large_image\" \/>\n<script type=\"application\/ld+json\" class=\"yoast-schema-graph\">{\"@context\":\"https:\\\/\\\/schema.org\",\"@graph\":[{\"@type\":\"WebPage\",\"@id\":\"https:\\\/\\\/www.puredent.dk\\\/en\\\/vare\\\/700-027\\\/\",\"url\":\"https:\\\/\\\/www.puredent.dk\\\/en\\\/vare\\\/700-027\\\/\",\"name\":\"PRF injektionskanyle, 27G, 0,4 x 13 mm, 100 pcs\",\"isPartOf\":{\"@id\":\"https:\\\/\\\/www.puredent.dk\\\/#website\"},\"primaryImageOfPage\":{\"@id\":\"https:\\\/\\\/www.puredent.dk\\\/en\\\/vare\\\/700-027\\\/#primaryimage\"},\"image\":{\"@id\":\"https:\\\/\\\/www.puredent.dk\\\/en\\\/vare\\\/700-027\\\/#primaryimage\"},\"thumbnailUrl\":\"https:\\\/\\\/www.puredent.dk\\\/wp-content\\\/uploads\\\/2020\\\/12\\\/BD-microlance-27G.jpg\",\"datePublished\":\"2020-12-21T09:58:51+00:00\",\"dateModified\":\"2021-02-19T08:26:48+00:00\",\"breadcrumb\":{\"@id\":\"https:\\\/\\\/www.puredent.dk\\\/en\\\/vare\\\/700-027\\\/#breadcrumb\"},\"inLanguage\":\"en-GB\",\"potentialAction\":[{\"@type\":\"ReadAction\",\"target\":[\"https:\\\/\\\/www.puredent.dk\\\/en\\\/vare\\\/700-027\\\/\"]}]},{\"@type\":\"ImageObject\",\"inLanguage\":\"en-GB\",\"@id\":\"https:\\\/\\\/www.puredent.dk\\\/en\\\/vare\\\/700-027\\\/#primaryimage\",\"url\":\"https:\\\/\\\/www.puredent.dk\\\/wp-content\\\/uploads\\\/2020\\\/12\\\/BD-microlance-27G.jpg\",\"contentUrl\":\"https:\\\/\\\/www.puredent.dk\\\/wp-content\\\/uploads\\\/2020\\\/12\\\/BD-microlance-27G.jpg\",\"width\":1067,\"height\":1067},{\"@type\":\"BreadcrumbList\",\"@id\":\"https:\\\/\\\/www.puredent.dk\\\/en\\\/vare\\\/700-027\\\/#breadcrumb\",\"itemListElement\":[{\"@type\":\"ListItem\",\"position\":1,\"name\":\"Hjem\",\"item\":\"https:\\\/\\\/www.puredent.dk\\\/\"},{\"@type\":\"ListItem\",\"position\":2,\"name\":\"Forside\",\"item\":\"https:\\\/\\\/www.puredent.dk\\\/\"},{\"@type\":\"ListItem\",\"position\":3,\"name\":\"PRF injektionskanyle, 27G, 0,4 x 13 mm, 100 pcs\"}]},{\"@type\":\"WebSite\",\"@id\":\"https:\\\/\\\/www.puredent.dk\\\/#website\",\"url\":\"https:\\\/\\\/www.puredent.dk\\\/\",\"name\":\"Puredent webshop\",\"description\":\"Udstyr til tandl\u00e6ger, l\u00e6ger og dyrl\u00e6ger\",\"publisher\":{\"@id\":\"https:\\\/\\\/www.puredent.dk\\\/#organization\"},\"potentialAction\":[{\"@type\":\"SearchAction\",\"target\":{\"@type\":\"EntryPoint\",\"urlTemplate\":\"https:\\\/\\\/www.puredent.dk\\\/?s={search_term_string}\"},\"query-input\":{\"@type\":\"PropertyValueSpecification\",\"valueRequired\":true,\"valueName\":\"search_term_string\"}}],\"inLanguage\":\"en-GB\"},{\"@type\":\"Organization\",\"@id\":\"https:\\\/\\\/www.puredent.dk\\\/#organization\",\"name\":\"Puredent webshop\",\"url\":\"https:\\\/\\\/www.puredent.dk\\\/\",\"logo\":{\"@type\":\"ImageObject\",\"inLanguage\":\"en-GB\",\"@id\":\"https:\\\/\\\/www.puredent.dk\\\/#\\\/schema\\\/logo\\\/image\\\/\",\"url\":\"https:\\\/\\\/www.puredent.dk\\\/wp-content\\\/uploads\\\/2024\\\/07\\\/cropped-PD_2024_logo_72ppi.jpg\",\"contentUrl\":\"https:\\\/\\\/www.puredent.dk\\\/wp-content\\\/uploads\\\/2024\\\/07\\\/cropped-PD_2024_logo_72ppi.jpg\",\"width\":1311,\"height\":445,\"caption\":\"Puredent webshop\"},\"image\":{\"@id\":\"https:\\\/\\\/www.puredent.dk\\\/#\\\/schema\\\/logo\\\/image\\\/\"}}]}<\/script>\n<!-- \/ Yoast SEO plugin. -->","yoast_head_json":{"title":"PRF injektionskanyle, 27G, 0,4 x 13 mm, 100 pcs","robots":{"index":"index","follow":"follow","max-snippet":"max-snippet:-1","max-image-preview":"max-image-preview:large","max-video-preview":"max-video-preview:-1"},"canonical":"https:\/\/www.puredent.dk\/en\/vare\/700-027\/","og_locale":"en_GB","og_type":"article","og_title":"[:da]700-027 PRF injektionskanyle, 27G, 0,4 x 13 mm, 100 pcs[:en]PRF injektionskanyle, 27G, 0,4 x 13 mm, 100 pcs[:] - Puredent webshop","og_description":"PRF injektionskanyle, 27G, 0,4 x 13 mm PRF injektionskanyle som bl.a. anvendes til injektioner med v\u00e6skeformig PRF i gingiva og k\u00e6beled. Liquid PRF glas centrifugeres efter Liquid PRF prototokol.","og_url":"https:\/\/www.puredent.dk\/en\/vare\/700-027\/","og_site_name":"Puredent webshop","article_modified_time":"2021-02-19T08:26:48+00:00","og_image":[{"width":1067,"height":1067,"url":"https:\/\/www.puredent.dk\/wp-content\/uploads\/2020\/12\/BD-microlance-27G.jpg","type":"image\/jpeg"}],"twitter_card":"summary_large_image","schema":{"@context":"https:\/\/schema.org","@graph":[{"@type":"WebPage","@id":"https:\/\/www.puredent.dk\/en\/vare\/700-027\/","url":"https:\/\/www.puredent.dk\/en\/vare\/700-027\/","name":"PRF injektionskanyle, 27G, 0,4 x 13 mm, 100 pcs","isPartOf":{"@id":"https:\/\/www.puredent.dk\/#website"},"primaryImageOfPage":{"@id":"https:\/\/www.puredent.dk\/en\/vare\/700-027\/#primaryimage"},"image":{"@id":"https:\/\/www.puredent.dk\/en\/vare\/700-027\/#primaryimage"},"thumbnailUrl":"https:\/\/www.puredent.dk\/wp-content\/uploads\/2020\/12\/BD-microlance-27G.jpg","datePublished":"2020-12-21T09:58:51+00:00","dateModified":"2021-02-19T08:26:48+00:00","breadcrumb":{"@id":"https:\/\/www.puredent.dk\/en\/vare\/700-027\/#breadcrumb"},"inLanguage":"en-GB","potentialAction":[{"@type":"ReadAction","target":["https:\/\/www.puredent.dk\/en\/vare\/700-027\/"]}]},{"@type":"ImageObject","inLanguage":"en-GB","@id":"https:\/\/www.puredent.dk\/en\/vare\/700-027\/#primaryimage","url":"https:\/\/www.puredent.dk\/wp-content\/uploads\/2020\/12\/BD-microlance-27G.jpg","contentUrl":"https:\/\/www.puredent.dk\/wp-content\/uploads\/2020\/12\/BD-microlance-27G.jpg","width":1067,"height":1067},{"@type":"BreadcrumbList","@id":"https:\/\/www.puredent.dk\/en\/vare\/700-027\/#breadcrumb","itemListElement":[{"@type":"ListItem","position":1,"name":"Hjem","item":"https:\/\/www.puredent.dk\/"},{"@type":"ListItem","position":2,"name":"Forside","item":"https:\/\/www.puredent.dk\/"},{"@type":"ListItem","position":3,"name":"PRF injektionskanyle, 27G, 0,4 x 13 mm, 100 pcs"}]},{"@type":"WebSite","@id":"https:\/\/www.puredent.dk\/#website","url":"https:\/\/www.puredent.dk\/","name":"Puredent webshop","description":"Udstyr til tandl\u00e6ger, l\u00e6ger og dyrl\u00e6ger","publisher":{"@id":"https:\/\/www.puredent.dk\/#organization"},"potentialAction":[{"@type":"SearchAction","target":{"@type":"EntryPoint","urlTemplate":"https:\/\/www.puredent.dk\/?s={search_term_string}"},"query-input":{"@type":"PropertyValueSpecification","valueRequired":true,"valueName":"search_term_string"}}],"inLanguage":"en-GB"},{"@type":"Organization","@id":"https:\/\/www.puredent.dk\/#organization","name":"Puredent webshop","url":"https:\/\/www.puredent.dk\/","logo":{"@type":"ImageObject","inLanguage":"en-GB","@id":"https:\/\/www.puredent.dk\/#\/schema\/logo\/image\/","url":"https:\/\/www.puredent.dk\/wp-content\/uploads\/2024\/07\/cropped-PD_2024_logo_72ppi.jpg","contentUrl":"https:\/\/www.puredent.dk\/wp-content\/uploads\/2024\/07\/cropped-PD_2024_logo_72ppi.jpg","width":1311,"height":445,"caption":"Puredent webshop"},"image":{"@id":"https:\/\/www.puredent.dk\/#\/schema\/logo\/image\/"}}]}},"_links":{"self":[{"href":"https:\/\/www.puredent.dk\/en\/wp-json\/wp\/v2\/product\/718","targetHints":{"allow":["GET"]}}],"collection":[{"href":"https:\/\/www.puredent.dk\/en\/wp-json\/wp\/v2\/product"}],"about":[{"href":"https:\/\/www.puredent.dk\/en\/wp-json\/wp\/v2\/types\/product"}],"version-history":[{"count":0,"href":"https:\/\/www.puredent.dk\/en\/wp-json\/wp\/v2\/product\/718\/revisions"}],"wp:featuredmedia":[{"embeddable":true,"href":"https:\/\/www.puredent.dk\/en\/wp-json\/wp\/v2\/media\/759"}],"wp:attachment":[{"href":"https:\/\/www.puredent.dk\/en\/wp-json\/wp\/v2\/media?parent=718"}],"wp:term":[{"taxonomy":"product_brand","embeddable":true,"href":"https:\/\/www.puredent.dk\/en\/wp-json\/wp\/v2\/product_brand?post=718"},{"taxonomy":"product_cat","embeddable":true,"href":"https:\/\/www.puredent.dk\/en\/wp-json\/wp\/v2\/product_cat?post=718"},{"taxonomy":"product_tag","embeddable":true,"href":"https:\/\/www.puredent.dk\/en\/wp-json\/wp\/v2\/product_tag?post=718"}],"curies":[{"name":"wp","href":"https:\/\/api.w.org\/{rel}","templated":true}]}}