{"id":711,"date":"2020-12-21T09:58:50","date_gmt":"2020-12-21T09:58:50","guid":{"rendered":"https:\/\/www.puredent.dk\/index.php\/product\/import-placeholder-for-sb003\/"},"modified":"2025-02-18T11:28:51","modified_gmt":"2025-02-18T11:28:51","slug":"sb003","status":"publish","type":"product","link":"https:\/\/www.puredent.dk\/en\/vare\/sb003\/","title":{"rendered":"MJK Micro scalpel blades &#8220;spoon blades&#8221;: Bendable straight &#8211; Size 3, 10 pcs &#8211; SB003"},"content":{"rendered":"<h5>Applications:<\/h5>\n<p style=\"text-align: left;\">-Intrasulcular incisions<\/p>\n<p style=\"text-align: left;\">-Tunneling<\/p>\n<p style=\"text-align: left;\">-Envelope intervention<\/p>\n<p style=\"text-align: left;\">-Apicaly or laterally displaced flaps surgery<\/p>\n<p style=\"text-align: left;\">-Double-papillae grafts<\/p>\n<p style=\"text-align: left;\">-Deepithelialization<\/p>\n<p style=\"text-align: left;\">-Coronally advanced flap technic<\/p>\n","protected":false},"excerpt":{"rendered":"<h3><strong>Micro scalpel blades &#8220;spoon blades&#8221;: Bendable straight &#8211; Size 3<\/strong><\/h3>\n<p><strong>Sterile single use micro scalpel blades &#8220;spoon blades&#8221; &#8211; SB series<\/strong><\/p>\n<p class=\"p1\"><span class=\"s1\">Applications:<\/span><\/p>\n<p class=\"p1\"><span class=\"s1\">&#8211; Intrasulcular incisions &#8211; Tunneling &#8211; Envelope intervention &#8211; Apicaly or laterally displaced fl aps surgery &#8211; Double-papillae grafts &#8211; Deepithelialization<\/span><\/p>\n<p class=\"p1\"><span class=\"s1\"><b>MJK Instruments<\/b><\/span><\/p>\n<p class=\"p2\"><span class=\"s1\">MJK Instruments scalpel blades have benefit from the exclusive A.A.S. sharpening type (bypass and continuous grinding) that allows smooth incisions by pulling and\/or pushing the blade.<\/span><\/p>\n<p class=\"p2\"><span class=\"s1\">Combined with this unique design, the specific angulations of the blades allow to operate easily and precisely in the least accessible areas, and in most cases, with a single line of incision.<\/span><\/p>\n<p class=\"p2\"><span class=\"s1\">Blades are made of high performance sweedish steel Sandvik Bioline \u00ae<\/span><\/p>\n<p class=\"p2\"><span class=\"s1\">Single use (ETO sterilization).<\/span><\/p>\n<p class=\"p2\"><span class=\"s1\">A.A.S. double-bevel sharpening type.<\/span><\/p>\n<p class=\"p2\"><span class=\"s1\">Individual pack in plastic bag.<\/span><\/p>\n<p class=\"p2\"><span class=\"s1\">Compliance with directive EC 93\/42.<\/span><\/p>\n<p>L\u00e6s produktbladet\u00a0<a href=\"https:\/\/www.puredent.dk\/pdf\/Puredent-product-sheet-skalpel.pdf\" target=\"_blank\" rel=\"noopener\">Mikrokirurgi<\/a><\/p>\n","protected":false},"featured_media":747,"template":"","meta":[],"product_brand":[],"product_cat":[296,269,250],"product_tag":[126,1227,939,116],"class_list":{"0":"post-711","1":"product","2":"type-product","3":"status-publish","4":"has-post-thumbnail","6":"product_cat-mikro-skalpelblade","7":"product_cat-mjk-formbare-mikro-skalpelblade","8":"product_cat-mjk-mikro-skalpelblade","9":"product_tag-blades","10":"product_tag-formbar","11":"product_tag-mjk","12":"product_tag-mikrokirurgi","13":"product_shipping_class-standard-shipping","15":"first","16":"instock","17":"taxable","18":"shipping-taxable","19":"purchasable","20":"product-type-simple"},"yoast_head":"<!-- This site is optimized with the Yoast SEO plugin v27.5 - https:\/\/yoast.com\/product\/yoast-seo-wordpress\/ -->\n<title>MJK Micro scalpel blades &quot;spoon blades&quot;: Bendable straight - Size 3, 10 pcs - SB003<\/title>\n<meta name=\"description\" content=\"Micro scalpel blades &quot;spoon blades&quot;: Bendable straight - Size 3 Sterile single use micro scalpel blades &quot;spoon blades&quot; - SB series\" \/>\n<meta name=\"robots\" content=\"index, follow, max-snippet:-1, max-image-preview:large, max-video-preview:-1\" \/>\n<link rel=\"canonical\" href=\"https:\/\/www.puredent.dk\/en\/vare\/sb003\/\" \/>\n<meta property=\"og:locale\" content=\"en_GB\" \/>\n<meta property=\"og:locale:alternate\" content=\"da_DK\" \/>\n<meta property=\"og:type\" content=\"article\" \/>\n<meta property=\"og:title\" content=\"MJK Micro scalpel blades &quot;spoon blades&quot;: Bendable straight - Size 3, 10 pcs - SB003\" \/>\n<meta property=\"og:description\" content=\"Micro scalpel blades &quot;spoon blades&quot;: Bendable straight - Size 3 Sterile single use micro scalpel blades &quot;spoon blades&quot; - SB series\" \/>\n<meta property=\"og:url\" content=\"https:\/\/www.puredent.dk\/en\/vare\/sb003\/\" \/>\n<meta property=\"og:site_name\" content=\"Puredent webshop\" \/>\n<meta property=\"article:modified_time\" content=\"2025-02-18T11:28:51+00:00\" \/>\n<meta property=\"og:image\" content=\"https:\/\/www.puredent.dk\/wp-content\/uploads\/2020\/12\/MJK-Spoon-blades-size-3_2.jpg\" \/>\n\t<meta property=\"og:image:width\" content=\"1067\" \/>\n\t<meta property=\"og:image:height\" content=\"1067\" \/>\n\t<meta property=\"og:image:type\" content=\"image\/jpeg\" \/>\n<meta name=\"twitter:card\" content=\"summary_large_image\" \/>\n<meta name=\"twitter:label1\" content=\"Estimated reading time\" \/>\n\t<meta name=\"twitter:data1\" content=\"1 minute\" \/>\n<script type=\"application\/ld+json\" class=\"yoast-schema-graph\">{\"@context\":\"https:\\\/\\\/schema.org\",\"@graph\":[{\"@type\":\"WebPage\",\"@id\":\"https:\\\/\\\/www.puredent.dk\\\/vare\\\/sb003\\\/\",\"url\":\"https:\\\/\\\/www.puredent.dk\\\/vare\\\/sb003\\\/\",\"name\":\"MJK Micro scalpel blades \\\"spoon blades\\\": Bendable straight - Size 3, 10 pcs - SB003\",\"isPartOf\":{\"@id\":\"https:\\\/\\\/www.puredent.dk\\\/#website\"},\"primaryImageOfPage\":{\"@id\":\"https:\\\/\\\/www.puredent.dk\\\/vare\\\/sb003\\\/#primaryimage\"},\"image\":{\"@id\":\"https:\\\/\\\/www.puredent.dk\\\/vare\\\/sb003\\\/#primaryimage\"},\"thumbnailUrl\":\"https:\\\/\\\/www.puredent.dk\\\/wp-content\\\/uploads\\\/2020\\\/12\\\/MJK-Spoon-blades-size-3_2.jpg\",\"datePublished\":\"2020-12-21T09:58:50+00:00\",\"dateModified\":\"2025-02-18T11:28:51+00:00\",\"description\":\"Micro scalpel blades \\\"spoon blades\\\": Bendable straight - Size 3 Sterile single use micro scalpel blades \\\"spoon blades\\\" - SB series\",\"breadcrumb\":{\"@id\":\"https:\\\/\\\/www.puredent.dk\\\/vare\\\/sb003\\\/#breadcrumb\"},\"inLanguage\":\"en-GB\",\"potentialAction\":[{\"@type\":\"ReadAction\",\"target\":[\"https:\\\/\\\/www.puredent.dk\\\/vare\\\/sb003\\\/\"]}]},{\"@type\":\"ImageObject\",\"inLanguage\":\"en-GB\",\"@id\":\"https:\\\/\\\/www.puredent.dk\\\/vare\\\/sb003\\\/#primaryimage\",\"url\":\"https:\\\/\\\/www.puredent.dk\\\/wp-content\\\/uploads\\\/2020\\\/12\\\/MJK-Spoon-blades-size-3_2.jpg\",\"contentUrl\":\"https:\\\/\\\/www.puredent.dk\\\/wp-content\\\/uploads\\\/2020\\\/12\\\/MJK-Spoon-blades-size-3_2.jpg\",\"width\":1067,\"height\":1067},{\"@type\":\"BreadcrumbList\",\"@id\":\"https:\\\/\\\/www.puredent.dk\\\/vare\\\/sb003\\\/#breadcrumb\",\"itemListElement\":[{\"@type\":\"ListItem\",\"position\":1,\"name\":\"Hjem\",\"item\":\"https:\\\/\\\/www.puredent.dk\\\/\"},{\"@type\":\"ListItem\",\"position\":2,\"name\":\"Forside\",\"item\":\"https:\\\/\\\/www.puredent.dk\\\/\"},{\"@type\":\"ListItem\",\"position\":3,\"name\":\"MJK Micro scalpel blades &#8220;spoon blades&#8221;: Bendable straight &#8211; Size 3, 10 pcs &#8211; SB003\"}]},{\"@type\":\"WebSite\",\"@id\":\"https:\\\/\\\/www.puredent.dk\\\/#website\",\"url\":\"https:\\\/\\\/www.puredent.dk\\\/\",\"name\":\"Puredent webshop\",\"description\":\"Udstyr til tandl\u00e6ger, l\u00e6ger og dyrl\u00e6ger\",\"publisher\":{\"@id\":\"https:\\\/\\\/www.puredent.dk\\\/#organization\"},\"potentialAction\":[{\"@type\":\"SearchAction\",\"target\":{\"@type\":\"EntryPoint\",\"urlTemplate\":\"https:\\\/\\\/www.puredent.dk\\\/?s={search_term_string}\"},\"query-input\":{\"@type\":\"PropertyValueSpecification\",\"valueRequired\":true,\"valueName\":\"search_term_string\"}}],\"inLanguage\":\"en-GB\"},{\"@type\":\"Organization\",\"@id\":\"https:\\\/\\\/www.puredent.dk\\\/#organization\",\"name\":\"Puredent webshop\",\"url\":\"https:\\\/\\\/www.puredent.dk\\\/\",\"logo\":{\"@type\":\"ImageObject\",\"inLanguage\":\"en-GB\",\"@id\":\"https:\\\/\\\/www.puredent.dk\\\/#\\\/schema\\\/logo\\\/image\\\/\",\"url\":\"https:\\\/\\\/www.puredent.dk\\\/wp-content\\\/uploads\\\/2024\\\/07\\\/cropped-PD_2024_logo_72ppi.jpg\",\"contentUrl\":\"https:\\\/\\\/www.puredent.dk\\\/wp-content\\\/uploads\\\/2024\\\/07\\\/cropped-PD_2024_logo_72ppi.jpg\",\"width\":1311,\"height\":445,\"caption\":\"Puredent webshop\"},\"image\":{\"@id\":\"https:\\\/\\\/www.puredent.dk\\\/#\\\/schema\\\/logo\\\/image\\\/\"}}]}<\/script>\n<!-- \/ Yoast SEO plugin. -->","yoast_head_json":{"title":"MJK Micro scalpel blades \"spoon blades\": Bendable straight - Size 3, 10 pcs - SB003","description":"Micro scalpel blades \"spoon blades\": Bendable straight - Size 3 Sterile single use micro scalpel blades \"spoon blades\" - SB series","robots":{"index":"index","follow":"follow","max-snippet":"max-snippet:-1","max-image-preview":"max-image-preview:large","max-video-preview":"max-video-preview:-1"},"canonical":"https:\/\/www.puredent.dk\/en\/vare\/sb003\/","og_locale":"en_GB","og_type":"article","og_title":"[:da]MJK Micro scalpel blades \"spoon blades\": Bendable straight - Size 3, 10 pcs - SB003[:en]MJK Micro scalpel blades \"spoon blades\": Bendable straight - Size 3, 10 pcs - SB003[:] - Puredent webshop","og_description":"Micro scalpel blades \"spoon blades\": Bendable straight - Size 3 Sterile single use micro scalpel blades \"spoon blades\" - SB series","og_url":"https:\/\/www.puredent.dk\/en\/vare\/sb003\/","og_site_name":"Puredent webshop","article_modified_time":"2025-02-18T11:28:51+00:00","og_image":[{"width":1067,"height":1067,"url":"https:\/\/www.puredent.dk\/wp-content\/uploads\/2020\/12\/MJK-Spoon-blades-size-3_2.jpg","type":"image\/jpeg"}],"twitter_card":"summary_large_image","twitter_misc":{"Estimated reading time":"1 minute"},"schema":{"@context":"https:\/\/schema.org","@graph":[{"@type":"WebPage","@id":"https:\/\/www.puredent.dk\/vare\/sb003\/","url":"https:\/\/www.puredent.dk\/vare\/sb003\/","name":"MJK Micro scalpel blades \"spoon blades\": Bendable straight - Size 3, 10 pcs - SB003","isPartOf":{"@id":"https:\/\/www.puredent.dk\/#website"},"primaryImageOfPage":{"@id":"https:\/\/www.puredent.dk\/vare\/sb003\/#primaryimage"},"image":{"@id":"https:\/\/www.puredent.dk\/vare\/sb003\/#primaryimage"},"thumbnailUrl":"https:\/\/www.puredent.dk\/wp-content\/uploads\/2020\/12\/MJK-Spoon-blades-size-3_2.jpg","datePublished":"2020-12-21T09:58:50+00:00","dateModified":"2025-02-18T11:28:51+00:00","description":"Micro scalpel blades \"spoon blades\": Bendable straight - Size 3 Sterile single use micro scalpel blades \"spoon blades\" - SB series","breadcrumb":{"@id":"https:\/\/www.puredent.dk\/vare\/sb003\/#breadcrumb"},"inLanguage":"en-GB","potentialAction":[{"@type":"ReadAction","target":["https:\/\/www.puredent.dk\/vare\/sb003\/"]}]},{"@type":"ImageObject","inLanguage":"en-GB","@id":"https:\/\/www.puredent.dk\/vare\/sb003\/#primaryimage","url":"https:\/\/www.puredent.dk\/wp-content\/uploads\/2020\/12\/MJK-Spoon-blades-size-3_2.jpg","contentUrl":"https:\/\/www.puredent.dk\/wp-content\/uploads\/2020\/12\/MJK-Spoon-blades-size-3_2.jpg","width":1067,"height":1067},{"@type":"BreadcrumbList","@id":"https:\/\/www.puredent.dk\/vare\/sb003\/#breadcrumb","itemListElement":[{"@type":"ListItem","position":1,"name":"Hjem","item":"https:\/\/www.puredent.dk\/"},{"@type":"ListItem","position":2,"name":"Forside","item":"https:\/\/www.puredent.dk\/"},{"@type":"ListItem","position":3,"name":"MJK Micro scalpel blades &#8220;spoon blades&#8221;: Bendable straight &#8211; Size 3, 10 pcs &#8211; SB003"}]},{"@type":"WebSite","@id":"https:\/\/www.puredent.dk\/#website","url":"https:\/\/www.puredent.dk\/","name":"Puredent webshop","description":"Udstyr til tandl\u00e6ger, l\u00e6ger og dyrl\u00e6ger","publisher":{"@id":"https:\/\/www.puredent.dk\/#organization"},"potentialAction":[{"@type":"SearchAction","target":{"@type":"EntryPoint","urlTemplate":"https:\/\/www.puredent.dk\/?s={search_term_string}"},"query-input":{"@type":"PropertyValueSpecification","valueRequired":true,"valueName":"search_term_string"}}],"inLanguage":"en-GB"},{"@type":"Organization","@id":"https:\/\/www.puredent.dk\/#organization","name":"Puredent webshop","url":"https:\/\/www.puredent.dk\/","logo":{"@type":"ImageObject","inLanguage":"en-GB","@id":"https:\/\/www.puredent.dk\/#\/schema\/logo\/image\/","url":"https:\/\/www.puredent.dk\/wp-content\/uploads\/2024\/07\/cropped-PD_2024_logo_72ppi.jpg","contentUrl":"https:\/\/www.puredent.dk\/wp-content\/uploads\/2024\/07\/cropped-PD_2024_logo_72ppi.jpg","width":1311,"height":445,"caption":"Puredent webshop"},"image":{"@id":"https:\/\/www.puredent.dk\/#\/schema\/logo\/image\/"}}]}},"_links":{"self":[{"href":"https:\/\/www.puredent.dk\/en\/wp-json\/wp\/v2\/product\/711","targetHints":{"allow":["GET"]}}],"collection":[{"href":"https:\/\/www.puredent.dk\/en\/wp-json\/wp\/v2\/product"}],"about":[{"href":"https:\/\/www.puredent.dk\/en\/wp-json\/wp\/v2\/types\/product"}],"version-history":[{"count":3,"href":"https:\/\/www.puredent.dk\/en\/wp-json\/wp\/v2\/product\/711\/revisions"}],"predecessor-version":[{"id":9747,"href":"https:\/\/www.puredent.dk\/en\/wp-json\/wp\/v2\/product\/711\/revisions\/9747"}],"wp:featuredmedia":[{"embeddable":true,"href":"https:\/\/www.puredent.dk\/en\/wp-json\/wp\/v2\/media\/747"}],"wp:attachment":[{"href":"https:\/\/www.puredent.dk\/en\/wp-json\/wp\/v2\/media?parent=711"}],"wp:term":[{"taxonomy":"product_brand","embeddable":true,"href":"https:\/\/www.puredent.dk\/en\/wp-json\/wp\/v2\/product_brand?post=711"},{"taxonomy":"product_cat","embeddable":true,"href":"https:\/\/www.puredent.dk\/en\/wp-json\/wp\/v2\/product_cat?post=711"},{"taxonomy":"product_tag","embeddable":true,"href":"https:\/\/www.puredent.dk\/en\/wp-json\/wp\/v2\/product_tag?post=711"}],"curies":[{"name":"wp","href":"https:\/\/api.w.org\/{rel}","templated":true}]}}