{"id":702,"date":"2020-12-21T09:58:49","date_gmt":"2020-12-21T09:58:49","guid":{"rendered":"https:\/\/www.puredent.dk\/index.php\/product\/import-placeholder-for-bw064m\/"},"modified":"2025-02-18T11:28:52","modified_gmt":"2025-02-18T11:28:52","slug":"mjk-mikroskalpelblad","status":"publish","type":"product","link":"https:\/\/www.puredent.dk\/en\/vare\/mjk-mikroskalpelblad\/","title":{"rendered":"BW064M Micro scalpel blades: Bendable straight &#8211; Size 64M, 10 pcs"},"content":{"rendered":"<h5>Applications:<\/h5>\n<p style=\"text-align: left;\">-Intrasulcular incisions<\/p>\n<p style=\"text-align: left;\">-Tunneling<\/p>\n<p style=\"text-align: left;\">-Envelope intervention<\/p>\n<p style=\"text-align: left;\">-Apicaly or laterally displaced flaps surgery<\/p>\n<p style=\"text-align: left;\">-Double-papillae grafts<\/p>\n<p style=\"text-align: left;\">-Deepithelialization<\/p>\n<p style=\"text-align: left;\">-Coronally advanced flap technic<\/p>\n","protected":false},"excerpt":{"rendered":"<h3><strong>Micro scalpel blades: Bendable straight &#8211; Size 64M<\/strong><\/h3>\n<p><strong>Sterile single use\u00a0micro scalpel blades &#8211; BW series<\/strong><\/p>\n<p class=\"p1\"><span class=\"s1\">Applications:<\/span><\/p>\n<p class=\"p1\"><span class=\"s1\">&#8211; Approximal incisions (mesial and distal) and interdental spaces &#8211; Papillary incisions &#8211; Palatal incisions (fl aps and connective grafts samples) &#8211; Delicate incisions for mucogingival surgery &#8211; Crestal incisions (implantology) &#8211; Sulcus incisions in vestibular or lingual areas &#8211; Vertical incisions in the anterior area (upper or lower) &#8211; Sulcus and papillary incisions in<\/span><\/p>\n<p><strong><span class=\"s1\">MJK Instruments<\/span><\/strong><\/p>\n<p class=\"p1\"><span class=\"s1\">MJK Instruments scalpel blades have benefit from the exclusive A.A.S. sharpening type (bypass and continuous grinding) that allows smooth incisions by pulling and\/or pushing the blade.<\/span><\/p>\n<p class=\"p1\"><span class=\"s1\">Combined with this unique design, the specific angulations of the blades allow to operate easily and precisely in the least accessible areas, and in most cases, with a single line of incision.<\/span><\/p>\n<p class=\"p1\"><span class=\"s1\">Blades are made of high performance sweedish steel Sandvik Bioline \u00ae<\/span><\/p>\n<p class=\"p1\"><span class=\"s1\">Single use (ETO sterilization).<\/span><\/p>\n<p class=\"p1\"><span class=\"s1\">A.A.S. double-bevel sharpening type.<\/span><\/p>\n<p class=\"p1\"><span class=\"s1\">Individual pack in plastic bag.<\/span><\/p>\n<p>L\u00e6s produktbladet\u00a0<a href=\"https:\/\/www.puredent.dk\/pdf\/Puredent-product-sheet-skalpel.pdf\" target=\"_blank\" rel=\"noopener\">Mikrokirurgi<\/a><\/p>\n","protected":false},"featured_media":740,"template":"","meta":[],"product_brand":[],"product_cat":[296,269,250],"product_tag":[1111,126,1227,939,116],"class_list":{"0":"post-702","1":"product","2":"type-product","3":"status-publish","4":"has-post-thumbnail","6":"product_cat-mikro-skalpelblade","7":"product_cat-mjk-formbare-mikro-skalpelblade","8":"product_cat-mjk-mikro-skalpelblade","9":"product_tag-bendable-blade","10":"product_tag-blades","11":"product_tag-formbar","12":"product_tag-mjk","13":"product_tag-mikrokirurgi","14":"product_shipping_class-standard-shipping","16":"first","17":"instock","18":"taxable","19":"shipping-taxable","20":"purchasable","21":"product-type-simple"},"yoast_head":"<!-- This site is optimized with the Yoast SEO plugin v27.5 - https:\/\/yoast.com\/product\/yoast-seo-wordpress\/ -->\n<title>BW064M Micro scalpel blades: Bendable straight - Size 64M, 10 pcs<\/title>\n<meta name=\"description\" content=\"MJK Mikroskalpelblad der er formbart - anvendes ved dental kirurgi and tilsvarende mikrokirurgi, sk\u00e6r p\u00e5 begge sider - k\u00f8b hos Puredent\" \/>\n<meta name=\"robots\" content=\"index, follow, max-snippet:-1, max-image-preview:large, max-video-preview:-1\" \/>\n<link rel=\"canonical\" href=\"https:\/\/www.puredent.dk\/en\/vare\/mjk-mikroskalpelblad\/\" \/>\n<meta property=\"og:locale\" content=\"en_GB\" \/>\n<meta property=\"og:locale:alternate\" content=\"da_DK\" \/>\n<meta property=\"og:type\" content=\"article\" \/>\n<meta property=\"og:title\" content=\"BW064M Micro scalpel blades: Bendable straight - Size 64M, 10 pcs\" \/>\n<meta property=\"og:description\" content=\"MJK Mikroskalpelblad der er formbart - anvendes ved dental kirurgi and tilsvarende mikrokirurgi, sk\u00e6r p\u00e5 begge sider - k\u00f8b hos Puredent\" \/>\n<meta property=\"og:url\" content=\"https:\/\/www.puredent.dk\/en\/vare\/mjk-mikroskalpelblad\/\" \/>\n<meta property=\"og:site_name\" content=\"Puredent webshop\" \/>\n<meta property=\"article:modified_time\" content=\"2025-02-18T11:28:52+00:00\" \/>\n<meta property=\"og:image\" content=\"https:\/\/www.puredent.dk\/wp-content\/uploads\/2020\/12\/MJK-Bendable-straight-size-4_5.jpg\" \/>\n\t<meta property=\"og:image:width\" content=\"1067\" \/>\n\t<meta property=\"og:image:height\" content=\"1067\" \/>\n\t<meta property=\"og:image:type\" content=\"image\/jpeg\" \/>\n<meta name=\"twitter:card\" content=\"summary_large_image\" \/>\n<meta name=\"twitter:label1\" content=\"Estimated reading time\" \/>\n\t<meta name=\"twitter:data1\" content=\"1 minute\" \/>\n<script type=\"application\/ld+json\" class=\"yoast-schema-graph\">{\"@context\":\"https:\\\/\\\/schema.org\",\"@graph\":[{\"@type\":\"WebPage\",\"@id\":\"https:\\\/\\\/www.puredent.dk\\\/vare\\\/mjk-mikroskalpelblad\\\/\",\"url\":\"https:\\\/\\\/www.puredent.dk\\\/vare\\\/mjk-mikroskalpelblad\\\/\",\"name\":\"BW064M Micro scalpel blades: Bendable straight - Size 64M, 10 pcs\",\"isPartOf\":{\"@id\":\"https:\\\/\\\/www.puredent.dk\\\/#website\"},\"primaryImageOfPage\":{\"@id\":\"https:\\\/\\\/www.puredent.dk\\\/vare\\\/mjk-mikroskalpelblad\\\/#primaryimage\"},\"image\":{\"@id\":\"https:\\\/\\\/www.puredent.dk\\\/vare\\\/mjk-mikroskalpelblad\\\/#primaryimage\"},\"thumbnailUrl\":\"https:\\\/\\\/www.puredent.dk\\\/wp-content\\\/uploads\\\/2020\\\/12\\\/MJK-Bendable-straight-size-4_5.jpg\",\"datePublished\":\"2020-12-21T09:58:49+00:00\",\"dateModified\":\"2025-02-18T11:28:52+00:00\",\"description\":\"MJK Mikroskalpelblad der er formbart - anvendes ved dental kirurgi and tilsvarende mikrokirurgi, sk\u00e6r p\u00e5 begge sider - k\u00f8b hos Puredent\",\"breadcrumb\":{\"@id\":\"https:\\\/\\\/www.puredent.dk\\\/vare\\\/mjk-mikroskalpelblad\\\/#breadcrumb\"},\"inLanguage\":\"en-GB\",\"potentialAction\":[{\"@type\":\"ReadAction\",\"target\":[\"https:\\\/\\\/www.puredent.dk\\\/vare\\\/mjk-mikroskalpelblad\\\/\"]}]},{\"@type\":\"ImageObject\",\"inLanguage\":\"en-GB\",\"@id\":\"https:\\\/\\\/www.puredent.dk\\\/vare\\\/mjk-mikroskalpelblad\\\/#primaryimage\",\"url\":\"https:\\\/\\\/www.puredent.dk\\\/wp-content\\\/uploads\\\/2020\\\/12\\\/MJK-Bendable-straight-size-4_5.jpg\",\"contentUrl\":\"https:\\\/\\\/www.puredent.dk\\\/wp-content\\\/uploads\\\/2020\\\/12\\\/MJK-Bendable-straight-size-4_5.jpg\",\"width\":1067,\"height\":1067},{\"@type\":\"BreadcrumbList\",\"@id\":\"https:\\\/\\\/www.puredent.dk\\\/vare\\\/mjk-mikroskalpelblad\\\/#breadcrumb\",\"itemListElement\":[{\"@type\":\"ListItem\",\"position\":1,\"name\":\"Hjem\",\"item\":\"https:\\\/\\\/www.puredent.dk\\\/\"},{\"@type\":\"ListItem\",\"position\":2,\"name\":\"Forside\",\"item\":\"https:\\\/\\\/www.puredent.dk\\\/\"},{\"@type\":\"ListItem\",\"position\":3,\"name\":\"Formbart skalpelblad til mikrokirurgi, lige &#8211; Size 64M, 10 pcs -MJK, BW064M\"}]},{\"@type\":\"WebSite\",\"@id\":\"https:\\\/\\\/www.puredent.dk\\\/#website\",\"url\":\"https:\\\/\\\/www.puredent.dk\\\/\",\"name\":\"Puredent webshop\",\"description\":\"Udstyr til tandl\u00e6ger, l\u00e6ger og dyrl\u00e6ger\",\"publisher\":{\"@id\":\"https:\\\/\\\/www.puredent.dk\\\/#organization\"},\"potentialAction\":[{\"@type\":\"SearchAction\",\"target\":{\"@type\":\"EntryPoint\",\"urlTemplate\":\"https:\\\/\\\/www.puredent.dk\\\/?s={search_term_string}\"},\"query-input\":{\"@type\":\"PropertyValueSpecification\",\"valueRequired\":true,\"valueName\":\"search_term_string\"}}],\"inLanguage\":\"en-GB\"},{\"@type\":\"Organization\",\"@id\":\"https:\\\/\\\/www.puredent.dk\\\/#organization\",\"name\":\"Puredent webshop\",\"url\":\"https:\\\/\\\/www.puredent.dk\\\/\",\"logo\":{\"@type\":\"ImageObject\",\"inLanguage\":\"en-GB\",\"@id\":\"https:\\\/\\\/www.puredent.dk\\\/#\\\/schema\\\/logo\\\/image\\\/\",\"url\":\"https:\\\/\\\/www.puredent.dk\\\/wp-content\\\/uploads\\\/2024\\\/07\\\/cropped-PD_2024_logo_72ppi.jpg\",\"contentUrl\":\"https:\\\/\\\/www.puredent.dk\\\/wp-content\\\/uploads\\\/2024\\\/07\\\/cropped-PD_2024_logo_72ppi.jpg\",\"width\":1311,\"height\":445,\"caption\":\"Puredent webshop\"},\"image\":{\"@id\":\"https:\\\/\\\/www.puredent.dk\\\/#\\\/schema\\\/logo\\\/image\\\/\"}}]}<\/script>\n<!-- \/ Yoast SEO plugin. -->","yoast_head_json":{"title":"BW064M Micro scalpel blades: Bendable straight - Size 64M, 10 pcs","description":"MJK Mikroskalpelblad der er formbart - anvendes ved dental kirurgi and tilsvarende mikrokirurgi, sk\u00e6r p\u00e5 begge sider - k\u00f8b hos Puredent","robots":{"index":"index","follow":"follow","max-snippet":"max-snippet:-1","max-image-preview":"max-image-preview:large","max-video-preview":"max-video-preview:-1"},"canonical":"https:\/\/www.puredent.dk\/en\/vare\/mjk-mikroskalpelblad\/","og_locale":"en_GB","og_type":"article","og_title":"[:da]Formbart skalpelblad til mikrokirurgi, lige - Size 64M, 10 pcs -MJK, BW064M[:en]BW064M Micro scalpel blades: Bendable straight - Size 64M, 10 pcs[:] - Puredent webshop","og_description":"MJK Mikroskalpelblad der er formbart - anvendes ved dental kirurgi and tilsvarende mikrokirurgi, sk\u00e6r p\u00e5 begge sider - k\u00f8b hos Puredent","og_url":"https:\/\/www.puredent.dk\/en\/vare\/mjk-mikroskalpelblad\/","og_site_name":"Puredent webshop","article_modified_time":"2025-02-18T11:28:52+00:00","og_image":[{"width":1067,"height":1067,"url":"https:\/\/www.puredent.dk\/wp-content\/uploads\/2020\/12\/MJK-Bendable-straight-size-4_5.jpg","type":"image\/jpeg"}],"twitter_card":"summary_large_image","twitter_misc":{"Estimated reading time":"1 minute"},"schema":{"@context":"https:\/\/schema.org","@graph":[{"@type":"WebPage","@id":"https:\/\/www.puredent.dk\/vare\/mjk-mikroskalpelblad\/","url":"https:\/\/www.puredent.dk\/vare\/mjk-mikroskalpelblad\/","name":"BW064M Micro scalpel blades: Bendable straight - Size 64M, 10 pcs","isPartOf":{"@id":"https:\/\/www.puredent.dk\/#website"},"primaryImageOfPage":{"@id":"https:\/\/www.puredent.dk\/vare\/mjk-mikroskalpelblad\/#primaryimage"},"image":{"@id":"https:\/\/www.puredent.dk\/vare\/mjk-mikroskalpelblad\/#primaryimage"},"thumbnailUrl":"https:\/\/www.puredent.dk\/wp-content\/uploads\/2020\/12\/MJK-Bendable-straight-size-4_5.jpg","datePublished":"2020-12-21T09:58:49+00:00","dateModified":"2025-02-18T11:28:52+00:00","description":"MJK Mikroskalpelblad der er formbart - anvendes ved dental kirurgi and tilsvarende mikrokirurgi, sk\u00e6r p\u00e5 begge sider - k\u00f8b hos Puredent","breadcrumb":{"@id":"https:\/\/www.puredent.dk\/vare\/mjk-mikroskalpelblad\/#breadcrumb"},"inLanguage":"en-GB","potentialAction":[{"@type":"ReadAction","target":["https:\/\/www.puredent.dk\/vare\/mjk-mikroskalpelblad\/"]}]},{"@type":"ImageObject","inLanguage":"en-GB","@id":"https:\/\/www.puredent.dk\/vare\/mjk-mikroskalpelblad\/#primaryimage","url":"https:\/\/www.puredent.dk\/wp-content\/uploads\/2020\/12\/MJK-Bendable-straight-size-4_5.jpg","contentUrl":"https:\/\/www.puredent.dk\/wp-content\/uploads\/2020\/12\/MJK-Bendable-straight-size-4_5.jpg","width":1067,"height":1067},{"@type":"BreadcrumbList","@id":"https:\/\/www.puredent.dk\/vare\/mjk-mikroskalpelblad\/#breadcrumb","itemListElement":[{"@type":"ListItem","position":1,"name":"Hjem","item":"https:\/\/www.puredent.dk\/"},{"@type":"ListItem","position":2,"name":"Forside","item":"https:\/\/www.puredent.dk\/"},{"@type":"ListItem","position":3,"name":"Formbart skalpelblad til mikrokirurgi, lige &#8211; Size 64M, 10 pcs -MJK, BW064M"}]},{"@type":"WebSite","@id":"https:\/\/www.puredent.dk\/#website","url":"https:\/\/www.puredent.dk\/","name":"Puredent webshop","description":"Udstyr til tandl\u00e6ger, l\u00e6ger og dyrl\u00e6ger","publisher":{"@id":"https:\/\/www.puredent.dk\/#organization"},"potentialAction":[{"@type":"SearchAction","target":{"@type":"EntryPoint","urlTemplate":"https:\/\/www.puredent.dk\/?s={search_term_string}"},"query-input":{"@type":"PropertyValueSpecification","valueRequired":true,"valueName":"search_term_string"}}],"inLanguage":"en-GB"},{"@type":"Organization","@id":"https:\/\/www.puredent.dk\/#organization","name":"Puredent webshop","url":"https:\/\/www.puredent.dk\/","logo":{"@type":"ImageObject","inLanguage":"en-GB","@id":"https:\/\/www.puredent.dk\/#\/schema\/logo\/image\/","url":"https:\/\/www.puredent.dk\/wp-content\/uploads\/2024\/07\/cropped-PD_2024_logo_72ppi.jpg","contentUrl":"https:\/\/www.puredent.dk\/wp-content\/uploads\/2024\/07\/cropped-PD_2024_logo_72ppi.jpg","width":1311,"height":445,"caption":"Puredent webshop"},"image":{"@id":"https:\/\/www.puredent.dk\/#\/schema\/logo\/image\/"}}]}},"_links":{"self":[{"href":"https:\/\/www.puredent.dk\/en\/wp-json\/wp\/v2\/product\/702","targetHints":{"allow":["GET"]}}],"collection":[{"href":"https:\/\/www.puredent.dk\/en\/wp-json\/wp\/v2\/product"}],"about":[{"href":"https:\/\/www.puredent.dk\/en\/wp-json\/wp\/v2\/types\/product"}],"version-history":[{"count":7,"href":"https:\/\/www.puredent.dk\/en\/wp-json\/wp\/v2\/product\/702\/revisions"}],"predecessor-version":[{"id":12103,"href":"https:\/\/www.puredent.dk\/en\/wp-json\/wp\/v2\/product\/702\/revisions\/12103"}],"wp:featuredmedia":[{"embeddable":true,"href":"https:\/\/www.puredent.dk\/en\/wp-json\/wp\/v2\/media\/740"}],"wp:attachment":[{"href":"https:\/\/www.puredent.dk\/en\/wp-json\/wp\/v2\/media?parent=702"}],"wp:term":[{"taxonomy":"product_brand","embeddable":true,"href":"https:\/\/www.puredent.dk\/en\/wp-json\/wp\/v2\/product_brand?post=702"},{"taxonomy":"product_cat","embeddable":true,"href":"https:\/\/www.puredent.dk\/en\/wp-json\/wp\/v2\/product_cat?post=702"},{"taxonomy":"product_tag","embeddable":true,"href":"https:\/\/www.puredent.dk\/en\/wp-json\/wp\/v2\/product_tag?post=702"}],"curies":[{"name":"wp","href":"https:\/\/api.w.org\/{rel}","templated":true}]}}