{"id":484,"date":"2020-12-17T13:53:52","date_gmt":"2020-12-17T13:53:52","guid":{"rendered":"http:\/\/webshop.puredent.dk\/index.php\/product\/import-placeholder-for-22285\/"},"modified":"2021-02-19T08:56:46","modified_gmt":"2021-02-19T08:56:46","slug":"smk1515t","status":"publish","type":"product","link":"https:\/\/www.puredent.dk\/en\/vare\/smk1515t\/","title":{"rendered":"Smartscrews 15 x 1,5 mm, titanium, 5 pcs"},"content":{"rendered":"","protected":false},"excerpt":{"rendered":"<h3><strong>Smartscrews 15 x 1,5 mm, titanium<\/strong><\/h3>\n","protected":false},"featured_media":521,"template":"","meta":[],"product_brand":[],"product_cat":[18,228,93],"product_tag":[41],"class_list":{"0":"post-484","1":"product","2":"type-product","3":"status-publish","4":"has-post-thumbnail","6":"product_cat-ustomed-instrumenter","7":"product_cat-osteosyntese-skruer","8":"product_cat-smart-screws","9":"product_tag-skruer-og-pins","10":"product_shipping_class-standard-shipping","12":"first","13":"instock","14":"taxable","15":"shipping-taxable","16":"purchasable","17":"product-type-simple"},"yoast_head":"<!-- This site is optimized with the Yoast SEO plugin v27.5 - https:\/\/yoast.com\/product\/yoast-seo-wordpress\/ -->\n<title>Smartscrews 15 x 1,5 mm, titanium, 5 pcs<\/title>\n<meta name=\"description\" content=\"Smartscrews 15 x 1,5 mm, titanium.\" \/>\n<meta name=\"robots\" content=\"index, follow, max-snippet:-1, max-image-preview:large, max-video-preview:-1\" \/>\n<link rel=\"canonical\" href=\"https:\/\/www.puredent.dk\/en\/vare\/smk1515t\/\" \/>\n<meta property=\"og:locale\" content=\"en_GB\" \/>\n<meta property=\"og:locale:alternate\" content=\"da_DK\" \/>\n<meta property=\"og:locale:alternate\" content=\"da_DK\" \/>\n<meta property=\"og:type\" content=\"article\" \/>\n<meta property=\"og:title\" content=\"Smartscrews 15 x 1,5 mm, titanium, 5 pcs\" \/>\n<meta property=\"og:description\" content=\"Smartscrews 15 x 1,5 mm, titanium.\" \/>\n<meta property=\"og:url\" content=\"https:\/\/www.puredent.dk\/en\/vare\/smk1515t\/\" \/>\n<meta property=\"og:site_name\" content=\"Puredent webshop\" \/>\n<meta property=\"article:modified_time\" content=\"2021-02-19T08:56:46+00:00\" \/>\n<meta property=\"og:image\" content=\"https:\/\/www.puredent.dk\/wp-content\/uploads\/2020\/12\/SmartScrews.jpg\" \/>\n\t<meta property=\"og:image:width\" content=\"1067\" \/>\n\t<meta property=\"og:image:height\" content=\"1067\" \/>\n\t<meta property=\"og:image:type\" content=\"image\/jpeg\" \/>\n<meta name=\"twitter:card\" content=\"summary_large_image\" \/>\n<script type=\"application\/ld+json\" class=\"yoast-schema-graph\">{\"@context\":\"https:\\\/\\\/schema.org\",\"@graph\":[{\"@type\":\"WebPage\",\"@id\":\"https:\\\/\\\/www.puredent.dk\\\/vare\\\/smk1515t\\\/\",\"url\":\"https:\\\/\\\/www.puredent.dk\\\/vare\\\/smk1515t\\\/\",\"name\":\"Smartscrews 15 x 1,5 mm, titanium, 5 pcs\",\"isPartOf\":{\"@id\":\"https:\\\/\\\/www.puredent.dk\\\/#website\"},\"primaryImageOfPage\":{\"@id\":\"https:\\\/\\\/www.puredent.dk\\\/vare\\\/smk1515t\\\/#primaryimage\"},\"image\":{\"@id\":\"https:\\\/\\\/www.puredent.dk\\\/vare\\\/smk1515t\\\/#primaryimage\"},\"thumbnailUrl\":\"https:\\\/\\\/www.puredent.dk\\\/wp-content\\\/uploads\\\/2020\\\/12\\\/SmartScrews.jpg\",\"datePublished\":\"2020-12-17T13:53:52+00:00\",\"dateModified\":\"2021-02-19T08:56:46+00:00\",\"description\":\"Smartscrews 15 x 1,5 mm, titanium.\",\"breadcrumb\":{\"@id\":\"https:\\\/\\\/www.puredent.dk\\\/vare\\\/smk1515t\\\/#breadcrumb\"},\"inLanguage\":\"en-GB\",\"potentialAction\":[{\"@type\":\"ReadAction\",\"target\":[\"https:\\\/\\\/www.puredent.dk\\\/vare\\\/smk1515t\\\/\"]}]},{\"@type\":\"ImageObject\",\"inLanguage\":\"en-GB\",\"@id\":\"https:\\\/\\\/www.puredent.dk\\\/vare\\\/smk1515t\\\/#primaryimage\",\"url\":\"https:\\\/\\\/www.puredent.dk\\\/wp-content\\\/uploads\\\/2020\\\/12\\\/SmartScrews.jpg\",\"contentUrl\":\"https:\\\/\\\/www.puredent.dk\\\/wp-content\\\/uploads\\\/2020\\\/12\\\/SmartScrews.jpg\",\"width\":1067,\"height\":1067},{\"@type\":\"BreadcrumbList\",\"@id\":\"https:\\\/\\\/www.puredent.dk\\\/vare\\\/smk1515t\\\/#breadcrumb\",\"itemListElement\":[{\"@type\":\"ListItem\",\"position\":1,\"name\":\"Hjem\",\"item\":\"https:\\\/\\\/www.puredent.dk\\\/\"},{\"@type\":\"ListItem\",\"position\":2,\"name\":\"Forside\",\"item\":\"https:\\\/\\\/www.puredent.dk\\\/\"},{\"@type\":\"ListItem\",\"position\":3,\"name\":\"SMK1515T Smartscrews 15 x 1,5 mm, titanium, 5 pcs\"}]},{\"@type\":\"WebSite\",\"@id\":\"https:\\\/\\\/www.puredent.dk\\\/#website\",\"url\":\"https:\\\/\\\/www.puredent.dk\\\/\",\"name\":\"Puredent webshop\",\"description\":\"Udstyr til tandl\u00e6ger, l\u00e6ger og dyrl\u00e6ger\",\"publisher\":{\"@id\":\"https:\\\/\\\/www.puredent.dk\\\/#organization\"},\"potentialAction\":[{\"@type\":\"SearchAction\",\"target\":{\"@type\":\"EntryPoint\",\"urlTemplate\":\"https:\\\/\\\/www.puredent.dk\\\/?s={search_term_string}\"},\"query-input\":{\"@type\":\"PropertyValueSpecification\",\"valueRequired\":true,\"valueName\":\"search_term_string\"}}],\"inLanguage\":\"en-GB\"},{\"@type\":\"Organization\",\"@id\":\"https:\\\/\\\/www.puredent.dk\\\/#organization\",\"name\":\"Puredent webshop\",\"url\":\"https:\\\/\\\/www.puredent.dk\\\/\",\"logo\":{\"@type\":\"ImageObject\",\"inLanguage\":\"en-GB\",\"@id\":\"https:\\\/\\\/www.puredent.dk\\\/#\\\/schema\\\/logo\\\/image\\\/\",\"url\":\"https:\\\/\\\/www.puredent.dk\\\/wp-content\\\/uploads\\\/2024\\\/07\\\/cropped-PD_2024_logo_72ppi.jpg\",\"contentUrl\":\"https:\\\/\\\/www.puredent.dk\\\/wp-content\\\/uploads\\\/2024\\\/07\\\/cropped-PD_2024_logo_72ppi.jpg\",\"width\":1311,\"height\":445,\"caption\":\"Puredent webshop\"},\"image\":{\"@id\":\"https:\\\/\\\/www.puredent.dk\\\/#\\\/schema\\\/logo\\\/image\\\/\"}}]}<\/script>\n<!-- \/ Yoast SEO plugin. -->","yoast_head_json":{"title":"Smartscrews 15 x 1,5 mm, titanium, 5 pcs","description":"Smartscrews 15 x 1,5 mm, titanium.","robots":{"index":"index","follow":"follow","max-snippet":"max-snippet:-1","max-image-preview":"max-image-preview:large","max-video-preview":"max-video-preview:-1"},"canonical":"https:\/\/www.puredent.dk\/en\/vare\/smk1515t\/","og_locale":"en_GB","og_type":"article","og_title":"[:da]SMK1515T Smartscrews 15 x 1,5 mm, titanium, 5 pcs[:en]Smartscrews 15 x 1,5 mm, titanium, 5 pcs[:] -","og_description":"Smartscrews 15 x 1,5 mm, titanium.","og_url":"https:\/\/www.puredent.dk\/en\/vare\/smk1515t\/","og_site_name":"Puredent webshop","article_modified_time":"2021-02-19T08:56:46+00:00","og_image":[{"width":1067,"height":1067,"url":"https:\/\/www.puredent.dk\/wp-content\/uploads\/2020\/12\/SmartScrews.jpg","type":"image\/jpeg"}],"twitter_card":"summary_large_image","schema":{"@context":"https:\/\/schema.org","@graph":[{"@type":"WebPage","@id":"https:\/\/www.puredent.dk\/vare\/smk1515t\/","url":"https:\/\/www.puredent.dk\/vare\/smk1515t\/","name":"Smartscrews 15 x 1,5 mm, titanium, 5 pcs","isPartOf":{"@id":"https:\/\/www.puredent.dk\/#website"},"primaryImageOfPage":{"@id":"https:\/\/www.puredent.dk\/vare\/smk1515t\/#primaryimage"},"image":{"@id":"https:\/\/www.puredent.dk\/vare\/smk1515t\/#primaryimage"},"thumbnailUrl":"https:\/\/www.puredent.dk\/wp-content\/uploads\/2020\/12\/SmartScrews.jpg","datePublished":"2020-12-17T13:53:52+00:00","dateModified":"2021-02-19T08:56:46+00:00","description":"Smartscrews 15 x 1,5 mm, titanium.","breadcrumb":{"@id":"https:\/\/www.puredent.dk\/vare\/smk1515t\/#breadcrumb"},"inLanguage":"en-GB","potentialAction":[{"@type":"ReadAction","target":["https:\/\/www.puredent.dk\/vare\/smk1515t\/"]}]},{"@type":"ImageObject","inLanguage":"en-GB","@id":"https:\/\/www.puredent.dk\/vare\/smk1515t\/#primaryimage","url":"https:\/\/www.puredent.dk\/wp-content\/uploads\/2020\/12\/SmartScrews.jpg","contentUrl":"https:\/\/www.puredent.dk\/wp-content\/uploads\/2020\/12\/SmartScrews.jpg","width":1067,"height":1067},{"@type":"BreadcrumbList","@id":"https:\/\/www.puredent.dk\/vare\/smk1515t\/#breadcrumb","itemListElement":[{"@type":"ListItem","position":1,"name":"Hjem","item":"https:\/\/www.puredent.dk\/"},{"@type":"ListItem","position":2,"name":"Forside","item":"https:\/\/www.puredent.dk\/"},{"@type":"ListItem","position":3,"name":"SMK1515T Smartscrews 15 x 1,5 mm, titanium, 5 pcs"}]},{"@type":"WebSite","@id":"https:\/\/www.puredent.dk\/#website","url":"https:\/\/www.puredent.dk\/","name":"Puredent webshop","description":"Udstyr til tandl\u00e6ger, l\u00e6ger og dyrl\u00e6ger","publisher":{"@id":"https:\/\/www.puredent.dk\/#organization"},"potentialAction":[{"@type":"SearchAction","target":{"@type":"EntryPoint","urlTemplate":"https:\/\/www.puredent.dk\/?s={search_term_string}"},"query-input":{"@type":"PropertyValueSpecification","valueRequired":true,"valueName":"search_term_string"}}],"inLanguage":"en-GB"},{"@type":"Organization","@id":"https:\/\/www.puredent.dk\/#organization","name":"Puredent webshop","url":"https:\/\/www.puredent.dk\/","logo":{"@type":"ImageObject","inLanguage":"en-GB","@id":"https:\/\/www.puredent.dk\/#\/schema\/logo\/image\/","url":"https:\/\/www.puredent.dk\/wp-content\/uploads\/2024\/07\/cropped-PD_2024_logo_72ppi.jpg","contentUrl":"https:\/\/www.puredent.dk\/wp-content\/uploads\/2024\/07\/cropped-PD_2024_logo_72ppi.jpg","width":1311,"height":445,"caption":"Puredent webshop"},"image":{"@id":"https:\/\/www.puredent.dk\/#\/schema\/logo\/image\/"}}]}},"_links":{"self":[{"href":"https:\/\/www.puredent.dk\/en\/wp-json\/wp\/v2\/product\/484","targetHints":{"allow":["GET"]}}],"collection":[{"href":"https:\/\/www.puredent.dk\/en\/wp-json\/wp\/v2\/product"}],"about":[{"href":"https:\/\/www.puredent.dk\/en\/wp-json\/wp\/v2\/types\/product"}],"version-history":[{"count":0,"href":"https:\/\/www.puredent.dk\/en\/wp-json\/wp\/v2\/product\/484\/revisions"}],"wp:featuredmedia":[{"embeddable":true,"href":"https:\/\/www.puredent.dk\/en\/wp-json\/wp\/v2\/media\/521"}],"wp:attachment":[{"href":"https:\/\/www.puredent.dk\/en\/wp-json\/wp\/v2\/media?parent=484"}],"wp:term":[{"taxonomy":"product_brand","embeddable":true,"href":"https:\/\/www.puredent.dk\/en\/wp-json\/wp\/v2\/product_brand?post=484"},{"taxonomy":"product_cat","embeddable":true,"href":"https:\/\/www.puredent.dk\/en\/wp-json\/wp\/v2\/product_cat?post=484"},{"taxonomy":"product_tag","embeddable":true,"href":"https:\/\/www.puredent.dk\/en\/wp-json\/wp\/v2\/product_tag?post=484"}],"curies":[{"name":"wp","href":"https:\/\/api.w.org\/{rel}","templated":true}]}}