{"id":42,"date":"2020-12-17T12:59:18","date_gmt":"2020-12-17T12:59:18","guid":{"rendered":"http:\/\/webshop.puredent.dk\/index.php\/product\/import-placeholder-for-4049-10\/"},"modified":"2025-10-03T05:55:51","modified_gmt":"2025-10-03T05:55:51","slug":"4049-10","status":"publish","type":"product","link":"https:\/\/www.puredent.dk\/en\/vare\/4049-10\/","title":{"rendered":"Micross Tunnel harvesting technique bone scraper, 1 pcs &#8211; 4049-10"},"content":{"rendered":"","protected":false},"excerpt":{"rendered":"<h3><strong>Micross Tunnel harvesting technique bone scraper<\/strong><\/h3>\n<p>The excellent cutting performance, due to Micross exclusive micro-blade, allows an easy autologous collection even in narrow and hard to reach areas, near to the bone defect. The manual harvesting technique warrants the best preservation of cell vitality of the cortical tissue, a fundamental characteristic that allows the best graft integration and reduces reabsorption activity.<\/p>\n<h4><\/h4>\n<p>By using Micross the bone tissue is directly collected in the chamber inside the cannula and it gets an excellent biological plasticity, because of the presence of coagulated blood.<\/p>\n<h4><\/h4>\n<p>The volumizing effect, due to the curly morphology of the collection, reduces the quantity of bone needed to fill the defect and as a consequence it minimizes invasiveness for the patient.<\/p>\n<h2><\/h2>\n<p>L\u00e6s produktbladet <a href=\"https:\/\/www.puredent.dk\/pdf\/Puredent-product-sheet-skalpel.pdf\" target=\"_blank\" rel=\"noopener\">Micro-surgery<\/a<\/a><\/p>\n","protected":false},"featured_media":58,"template":"","meta":[],"product_brand":[],"product_cat":[18,284,19],"product_tag":[116],"class_list":{"0":"post-42","1":"product","2":"type-product","3":"status-publish","4":"has-post-thumbnail","6":"product_cat-ustomed-instrumenter","7":"product_cat-knoglehoest","8":"product_cat-safescrapers","9":"product_tag-mikrokirurgi","10":"product_shipping_class-standard-shipping","12":"first","13":"instock","14":"taxable","15":"shipping-taxable","16":"purchasable","17":"product-type-simple"},"yoast_head":"<!-- This site is optimized with the Yoast SEO plugin v27.5 - https:\/\/yoast.com\/product\/yoast-seo-wordpress\/ -->\n<title>Micross Tunnel harvesting technique bone scraper, 1 pcs - 4049-10<\/title>\n<meta name=\"robots\" content=\"index, follow, max-snippet:-1, max-image-preview:large, max-video-preview:-1\" \/>\n<link rel=\"canonical\" href=\"https:\/\/www.puredent.dk\/en\/vare\/4049-10\/\" \/>\n<meta property=\"og:locale\" content=\"en_GB\" \/>\n<meta property=\"og:locale:alternate\" content=\"da_DK\" \/>\n<meta property=\"og:type\" content=\"article\" \/>\n<meta property=\"og:title\" content=\"Micross Tunnel harvesting technique bone scraper, 1 pcs - 4049-10\" \/>\n<meta property=\"og:description\" content=\"Micross Tunnel harvesting technique bone scraper The excellent cutting performance, due to Micross exclusive micro-blade, allows an easy autologous collection even in narrow and hard to reach areas, near to the bone defect. The manual harvesting technique warrants the best preservation of cell vitality of the cortical tissue, a fundamental characteristic that allows the best graft integration and reduces reabsorption activity.  By using Micross the bone tissue is directly collected in the chamber inside the cannula and it gets an excellent biological plasticity, because of the presence of coagulated blood.  The volumizing effect, due to the curly morphology of the collection, reduces the quantity of bone needed to fill the defect and as a consequence it minimizes invasiveness for the patient.   L\u00e6s produktbladet Micro-surgery\" \/>\n<meta property=\"og:url\" content=\"https:\/\/www.puredent.dk\/en\/vare\/4049-10\/\" \/>\n<meta property=\"og:site_name\" content=\"Puredent webshop\" \/>\n<meta property=\"article:modified_time\" content=\"2025-10-03T05:55:51+00:00\" \/>\n<meta property=\"og:image\" content=\"https:\/\/www.puredent.dk\/wp-content\/uploads\/2020\/12\/META-micross-1.jpg\" \/>\n\t<meta property=\"og:image:width\" content=\"1067\" \/>\n\t<meta property=\"og:image:height\" content=\"1067\" \/>\n\t<meta property=\"og:image:type\" content=\"image\/jpeg\" \/>\n<meta name=\"twitter:card\" content=\"summary_large_image\" \/>\n<meta name=\"twitter:label1\" content=\"Estimated reading time\" \/>\n\t<meta name=\"twitter:data1\" content=\"1 minute\" \/>\n<script type=\"application\/ld+json\" class=\"yoast-schema-graph\">{\"@context\":\"https:\\\/\\\/schema.org\",\"@graph\":[{\"@type\":\"WebPage\",\"@id\":\"https:\\\/\\\/www.puredent.dk\\\/vare\\\/4049-10\\\/\",\"url\":\"https:\\\/\\\/www.puredent.dk\\\/vare\\\/4049-10\\\/\",\"name\":\"Micross Tunnel harvesting technique bone scraper, 1 pcs - 4049-10\",\"isPartOf\":{\"@id\":\"https:\\\/\\\/www.puredent.dk\\\/#website\"},\"primaryImageOfPage\":{\"@id\":\"https:\\\/\\\/www.puredent.dk\\\/vare\\\/4049-10\\\/#primaryimage\"},\"image\":{\"@id\":\"https:\\\/\\\/www.puredent.dk\\\/vare\\\/4049-10\\\/#primaryimage\"},\"thumbnailUrl\":\"https:\\\/\\\/www.puredent.dk\\\/wp-content\\\/uploads\\\/2020\\\/12\\\/META-micross-1.jpg\",\"datePublished\":\"2020-12-17T12:59:18+00:00\",\"dateModified\":\"2025-10-03T05:55:51+00:00\",\"breadcrumb\":{\"@id\":\"https:\\\/\\\/www.puredent.dk\\\/vare\\\/4049-10\\\/#breadcrumb\"},\"inLanguage\":\"en-GB\",\"potentialAction\":[{\"@type\":\"ReadAction\",\"target\":[\"https:\\\/\\\/www.puredent.dk\\\/vare\\\/4049-10\\\/\"]}]},{\"@type\":\"ImageObject\",\"inLanguage\":\"en-GB\",\"@id\":\"https:\\\/\\\/www.puredent.dk\\\/vare\\\/4049-10\\\/#primaryimage\",\"url\":\"https:\\\/\\\/www.puredent.dk\\\/wp-content\\\/uploads\\\/2020\\\/12\\\/META-micross-1.jpg\",\"contentUrl\":\"https:\\\/\\\/www.puredent.dk\\\/wp-content\\\/uploads\\\/2020\\\/12\\\/META-micross-1.jpg\",\"width\":1067,\"height\":1067},{\"@type\":\"BreadcrumbList\",\"@id\":\"https:\\\/\\\/www.puredent.dk\\\/vare\\\/4049-10\\\/#breadcrumb\",\"itemListElement\":[{\"@type\":\"ListItem\",\"position\":1,\"name\":\"Hjem\",\"item\":\"https:\\\/\\\/www.puredent.dk\\\/\"},{\"@type\":\"ListItem\",\"position\":2,\"name\":\"Forside\",\"item\":\"https:\\\/\\\/www.puredent.dk\\\/\"},{\"@type\":\"ListItem\",\"position\":3,\"name\":\"Micross Tunnel harvesting technique bone scraper, 1 pcs &#8211; 4049-10\"}]},{\"@type\":\"WebSite\",\"@id\":\"https:\\\/\\\/www.puredent.dk\\\/#website\",\"url\":\"https:\\\/\\\/www.puredent.dk\\\/\",\"name\":\"Puredent webshop\",\"description\":\"Udstyr til tandl\u00e6ger, l\u00e6ger og dyrl\u00e6ger\",\"publisher\":{\"@id\":\"https:\\\/\\\/www.puredent.dk\\\/#organization\"},\"potentialAction\":[{\"@type\":\"SearchAction\",\"target\":{\"@type\":\"EntryPoint\",\"urlTemplate\":\"https:\\\/\\\/www.puredent.dk\\\/?s={search_term_string}\"},\"query-input\":{\"@type\":\"PropertyValueSpecification\",\"valueRequired\":true,\"valueName\":\"search_term_string\"}}],\"inLanguage\":\"en-GB\"},{\"@type\":\"Organization\",\"@id\":\"https:\\\/\\\/www.puredent.dk\\\/#organization\",\"name\":\"Puredent webshop\",\"url\":\"https:\\\/\\\/www.puredent.dk\\\/\",\"logo\":{\"@type\":\"ImageObject\",\"inLanguage\":\"en-GB\",\"@id\":\"https:\\\/\\\/www.puredent.dk\\\/#\\\/schema\\\/logo\\\/image\\\/\",\"url\":\"https:\\\/\\\/www.puredent.dk\\\/wp-content\\\/uploads\\\/2024\\\/07\\\/cropped-PD_2024_logo_72ppi.jpg\",\"contentUrl\":\"https:\\\/\\\/www.puredent.dk\\\/wp-content\\\/uploads\\\/2024\\\/07\\\/cropped-PD_2024_logo_72ppi.jpg\",\"width\":1311,\"height\":445,\"caption\":\"Puredent webshop\"},\"image\":{\"@id\":\"https:\\\/\\\/www.puredent.dk\\\/#\\\/schema\\\/logo\\\/image\\\/\"}}]}<\/script>\n<!-- \/ Yoast SEO plugin. -->","yoast_head_json":{"title":"Micross Tunnel harvesting technique bone scraper, 1 pcs - 4049-10","robots":{"index":"index","follow":"follow","max-snippet":"max-snippet:-1","max-image-preview":"max-image-preview:large","max-video-preview":"max-video-preview:-1"},"canonical":"https:\/\/www.puredent.dk\/en\/vare\/4049-10\/","og_locale":"en_GB","og_type":"article","og_title":"[:da]Micross Tunnel harvesting technique bone scraper, 1 pcs - 4049-10[:en]Micross Tunnel harvesting technique bone scraper, 1 pcs - 4049-10[:] - Puredent webshop","og_description":"Micross Tunnel harvesting technique bone scraper The excellent cutting performance, due to Micross exclusive micro-blade, allows an easy autologous collection even in narrow and hard to reach areas, near to the bone defect. The manual harvesting technique warrants the best preservation of cell vitality of the cortical tissue, a fundamental characteristic that allows the best graft integration and reduces reabsorption activity.  By using Micross the bone tissue is directly collected in the chamber inside the cannula and it gets an excellent biological plasticity, because of the presence of coagulated blood.  The volumizing effect, due to the curly morphology of the collection, reduces the quantity of bone needed to fill the defect and as a consequence it minimizes invasiveness for the patient.   L\u00e6s produktbladet Micro-surgery","og_url":"https:\/\/www.puredent.dk\/en\/vare\/4049-10\/","og_site_name":"Puredent webshop","article_modified_time":"2025-10-03T05:55:51+00:00","og_image":[{"width":1067,"height":1067,"url":"https:\/\/www.puredent.dk\/wp-content\/uploads\/2020\/12\/META-micross-1.jpg","type":"image\/jpeg"}],"twitter_card":"summary_large_image","twitter_misc":{"Estimated reading time":"1 minute"},"schema":{"@context":"https:\/\/schema.org","@graph":[{"@type":"WebPage","@id":"https:\/\/www.puredent.dk\/vare\/4049-10\/","url":"https:\/\/www.puredent.dk\/vare\/4049-10\/","name":"Micross Tunnel harvesting technique bone scraper, 1 pcs - 4049-10","isPartOf":{"@id":"https:\/\/www.puredent.dk\/#website"},"primaryImageOfPage":{"@id":"https:\/\/www.puredent.dk\/vare\/4049-10\/#primaryimage"},"image":{"@id":"https:\/\/www.puredent.dk\/vare\/4049-10\/#primaryimage"},"thumbnailUrl":"https:\/\/www.puredent.dk\/wp-content\/uploads\/2020\/12\/META-micross-1.jpg","datePublished":"2020-12-17T12:59:18+00:00","dateModified":"2025-10-03T05:55:51+00:00","breadcrumb":{"@id":"https:\/\/www.puredent.dk\/vare\/4049-10\/#breadcrumb"},"inLanguage":"en-GB","potentialAction":[{"@type":"ReadAction","target":["https:\/\/www.puredent.dk\/vare\/4049-10\/"]}]},{"@type":"ImageObject","inLanguage":"en-GB","@id":"https:\/\/www.puredent.dk\/vare\/4049-10\/#primaryimage","url":"https:\/\/www.puredent.dk\/wp-content\/uploads\/2020\/12\/META-micross-1.jpg","contentUrl":"https:\/\/www.puredent.dk\/wp-content\/uploads\/2020\/12\/META-micross-1.jpg","width":1067,"height":1067},{"@type":"BreadcrumbList","@id":"https:\/\/www.puredent.dk\/vare\/4049-10\/#breadcrumb","itemListElement":[{"@type":"ListItem","position":1,"name":"Hjem","item":"https:\/\/www.puredent.dk\/"},{"@type":"ListItem","position":2,"name":"Forside","item":"https:\/\/www.puredent.dk\/"},{"@type":"ListItem","position":3,"name":"Micross Tunnel harvesting technique bone scraper, 1 pcs &#8211; 4049-10"}]},{"@type":"WebSite","@id":"https:\/\/www.puredent.dk\/#website","url":"https:\/\/www.puredent.dk\/","name":"Puredent webshop","description":"Udstyr til tandl\u00e6ger, l\u00e6ger og dyrl\u00e6ger","publisher":{"@id":"https:\/\/www.puredent.dk\/#organization"},"potentialAction":[{"@type":"SearchAction","target":{"@type":"EntryPoint","urlTemplate":"https:\/\/www.puredent.dk\/?s={search_term_string}"},"query-input":{"@type":"PropertyValueSpecification","valueRequired":true,"valueName":"search_term_string"}}],"inLanguage":"en-GB"},{"@type":"Organization","@id":"https:\/\/www.puredent.dk\/#organization","name":"Puredent webshop","url":"https:\/\/www.puredent.dk\/","logo":{"@type":"ImageObject","inLanguage":"en-GB","@id":"https:\/\/www.puredent.dk\/#\/schema\/logo\/image\/","url":"https:\/\/www.puredent.dk\/wp-content\/uploads\/2024\/07\/cropped-PD_2024_logo_72ppi.jpg","contentUrl":"https:\/\/www.puredent.dk\/wp-content\/uploads\/2024\/07\/cropped-PD_2024_logo_72ppi.jpg","width":1311,"height":445,"caption":"Puredent webshop"},"image":{"@id":"https:\/\/www.puredent.dk\/#\/schema\/logo\/image\/"}}]}},"_links":{"self":[{"href":"https:\/\/www.puredent.dk\/en\/wp-json\/wp\/v2\/product\/42","targetHints":{"allow":["GET"]}}],"collection":[{"href":"https:\/\/www.puredent.dk\/en\/wp-json\/wp\/v2\/product"}],"about":[{"href":"https:\/\/www.puredent.dk\/en\/wp-json\/wp\/v2\/types\/product"}],"version-history":[{"count":5,"href":"https:\/\/www.puredent.dk\/en\/wp-json\/wp\/v2\/product\/42\/revisions"}],"predecessor-version":[{"id":19423,"href":"https:\/\/www.puredent.dk\/en\/wp-json\/wp\/v2\/product\/42\/revisions\/19423"}],"wp:featuredmedia":[{"embeddable":true,"href":"https:\/\/www.puredent.dk\/en\/wp-json\/wp\/v2\/media\/58"}],"wp:attachment":[{"href":"https:\/\/www.puredent.dk\/en\/wp-json\/wp\/v2\/media?parent=42"}],"wp:term":[{"taxonomy":"product_brand","embeddable":true,"href":"https:\/\/www.puredent.dk\/en\/wp-json\/wp\/v2\/product_brand?post=42"},{"taxonomy":"product_cat","embeddable":true,"href":"https:\/\/www.puredent.dk\/en\/wp-json\/wp\/v2\/product_cat?post=42"},{"taxonomy":"product_tag","embeddable":true,"href":"https:\/\/www.puredent.dk\/en\/wp-json\/wp\/v2\/product_tag?post=42"}],"curies":[{"name":"wp","href":"https:\/\/api.w.org\/{rel}","templated":true}]}}