{"id":386,"date":"2020-12-17T13:46:58","date_gmt":"2020-12-17T13:46:58","guid":{"rendered":"http:\/\/webshop.puredent.dk\/index.php\/product\/import-placeholder-for-re0014\/"},"modified":"2024-11-01T10:56:28","modified_gmt":"2024-11-01T10:56:28","slug":"re0014","status":"publish","type":"product","link":"https:\/\/www.puredent.dk\/en\/vare\/re0014\/","title":{"rendered":"Sculptable surgical retractors \u2018Surgy soft \u2019: Shapeable &#8211; Size 4 &#8211; 1 pcs"},"content":{"rendered":"<p class=\"p1\"><span class=\"s1\"><b>Retractor 1:<\/b> Specifically designed for interventions in anterior vestibular areas.<\/span><\/p>\n<p class=\"p1\"><span class=\"s1\"><b>Retractor 2 &#038; 3:<\/b> More suitable for canine and premolar areas, in vestibular and lingual (for palatal).<\/span><\/p>\n<p class=\"p1\"><span class=\"s1\"><b>Retractor 4 &#038; 5:<\/b> Most specifically destinated to molar areas, in vestibular, lingual or palatal, but also in the anterior, lingual (or palatal).<\/span><\/p>\n","protected":false},"excerpt":{"rendered":"<h3><strong>Sculptable surgical retractors \u2018Surgy soft \u2019: Shapeable &#8211; Size 4<\/strong><\/h3>\n<p class=\"p1\"><span class=\"s1\">\u2018Surgy\u2019Soft \u2019 is the only series of fully customizable oral surgery retractors,\u00a0with specifically studied shapes and angulations, fits all interentions and situations in bucco-maxilary, periodontal and implant surgeries.<\/span><\/p>\n<p class=\"p1\"><span class=\"s1\">Adaptation by body modeling (using the key) for each instrument provides endless possibilities for accessing the entire oral cavity.<\/span><\/p>\n<p class=\"p1\">Read more about Puredents portfolie <a href=\"https:\/\/www.puredent.dk\/\">here<\/a><\/p>\n","protected":false},"featured_media":402,"template":"","meta":[],"product_brand":[],"product_cat":[18,234],"product_tag":[939,40],"class_list":{"0":"post-386","1":"product","2":"type-product","3":"status-publish","4":"has-post-thumbnail","6":"product_cat-ustomed-instrumenter","7":"product_cat-mjk-surgy-soft","8":"product_tag-mjk","9":"product_tag-retractors","10":"product_shipping_class-standard-shipping","12":"first","13":"instock","14":"taxable","15":"shipping-taxable","16":"purchasable","17":"product-type-simple"},"yoast_head":"<!-- This site is optimized with the Yoast SEO plugin v27.5 - https:\/\/yoast.com\/product\/yoast-seo-wordpress\/ -->\n<title>Sculptable surgical retractors \u2018Surgy soft \u2019: Shapeable - Size 4 - 1 pcs<\/title>\n<meta name=\"description\" content=\"MJK \u2018Surgy\u2019Soft \u2019 is the only series of fully customizable oral surgery retractors,\u00a0with specifically studied shapes and angulations.\" \/>\n<meta name=\"robots\" content=\"index, follow, max-snippet:-1, max-image-preview:large, max-video-preview:-1\" \/>\n<link rel=\"canonical\" href=\"https:\/\/www.puredent.dk\/en\/vare\/re0014\/\" \/>\n<meta property=\"og:locale\" content=\"en_GB\" \/>\n<meta property=\"og:locale:alternate\" content=\"da_DK\" \/>\n<meta property=\"og:type\" content=\"article\" \/>\n<meta property=\"og:title\" content=\"Sculptable surgical retractors \u2018Surgy soft \u2019: Shapeable - Size 4 - 1 pcs\" \/>\n<meta property=\"og:description\" content=\"MJK \u2018Surgy\u2019Soft \u2019 is the only series of fully customizable oral surgery retractors,\u00a0with specifically studied shapes and angulations.\" \/>\n<meta property=\"og:url\" content=\"https:\/\/www.puredent.dk\/en\/vare\/re0014\/\" \/>\n<meta property=\"og:site_name\" content=\"Puredent webshop\" \/>\n<meta property=\"article:modified_time\" content=\"2024-11-01T10:56:28+00:00\" \/>\n<meta property=\"og:image\" content=\"https:\/\/www.puredent.dk\/wp-content\/uploads\/2020\/12\/MJK-Flap-retractor-size4.jpg\" \/>\n\t<meta property=\"og:image:width\" content=\"1067\" \/>\n\t<meta property=\"og:image:height\" content=\"1067\" \/>\n\t<meta property=\"og:image:type\" content=\"image\/jpeg\" \/>\n<meta name=\"twitter:card\" content=\"summary_large_image\" \/>\n<meta name=\"twitter:label1\" content=\"Estimated reading time\" \/>\n\t<meta name=\"twitter:data1\" content=\"1 minute\" \/>\n<script type=\"application\/ld+json\" class=\"yoast-schema-graph\">{\"@context\":\"https:\\\/\\\/schema.org\",\"@graph\":[{\"@type\":\"WebPage\",\"@id\":\"https:\\\/\\\/www.puredent.dk\\\/vare\\\/re0014\\\/\",\"url\":\"https:\\\/\\\/www.puredent.dk\\\/vare\\\/re0014\\\/\",\"name\":\"Sculptable surgical retractors \u2018Surgy soft \u2019: Shapeable - Size 4 - 1 pcs\",\"isPartOf\":{\"@id\":\"https:\\\/\\\/www.puredent.dk\\\/#website\"},\"primaryImageOfPage\":{\"@id\":\"https:\\\/\\\/www.puredent.dk\\\/vare\\\/re0014\\\/#primaryimage\"},\"image\":{\"@id\":\"https:\\\/\\\/www.puredent.dk\\\/vare\\\/re0014\\\/#primaryimage\"},\"thumbnailUrl\":\"https:\\\/\\\/www.puredent.dk\\\/wp-content\\\/uploads\\\/2020\\\/12\\\/MJK-Flap-retractor-size4.jpg\",\"datePublished\":\"2020-12-17T13:46:58+00:00\",\"dateModified\":\"2024-11-01T10:56:28+00:00\",\"description\":\"MJK \u2018Surgy\u2019Soft \u2019 is the only series of fully customizable oral surgery retractors,\u00a0with specifically studied shapes and angulations.\",\"breadcrumb\":{\"@id\":\"https:\\\/\\\/www.puredent.dk\\\/vare\\\/re0014\\\/#breadcrumb\"},\"inLanguage\":\"en-GB\",\"potentialAction\":[{\"@type\":\"ReadAction\",\"target\":[\"https:\\\/\\\/www.puredent.dk\\\/vare\\\/re0014\\\/\"]}]},{\"@type\":\"ImageObject\",\"inLanguage\":\"en-GB\",\"@id\":\"https:\\\/\\\/www.puredent.dk\\\/vare\\\/re0014\\\/#primaryimage\",\"url\":\"https:\\\/\\\/www.puredent.dk\\\/wp-content\\\/uploads\\\/2020\\\/12\\\/MJK-Flap-retractor-size4.jpg\",\"contentUrl\":\"https:\\\/\\\/www.puredent.dk\\\/wp-content\\\/uploads\\\/2020\\\/12\\\/MJK-Flap-retractor-size4.jpg\",\"width\":1067,\"height\":1067},{\"@type\":\"BreadcrumbList\",\"@id\":\"https:\\\/\\\/www.puredent.dk\\\/vare\\\/re0014\\\/#breadcrumb\",\"itemListElement\":[{\"@type\":\"ListItem\",\"position\":1,\"name\":\"Hjem\",\"item\":\"https:\\\/\\\/www.puredent.dk\\\/\"},{\"@type\":\"ListItem\",\"position\":2,\"name\":\"Forside\",\"item\":\"https:\\\/\\\/www.puredent.dk\\\/\"},{\"@type\":\"ListItem\",\"position\":3,\"name\":\"MJK Sculptable surgical retractors \u2018Surgy soft \u2019, Shapeable &#8211; Size 4, 1 pcs &#8211; RE0014\"}]},{\"@type\":\"WebSite\",\"@id\":\"https:\\\/\\\/www.puredent.dk\\\/#website\",\"url\":\"https:\\\/\\\/www.puredent.dk\\\/\",\"name\":\"Puredent webshop\",\"description\":\"Udstyr til tandl\u00e6ger, l\u00e6ger og dyrl\u00e6ger\",\"publisher\":{\"@id\":\"https:\\\/\\\/www.puredent.dk\\\/#organization\"},\"potentialAction\":[{\"@type\":\"SearchAction\",\"target\":{\"@type\":\"EntryPoint\",\"urlTemplate\":\"https:\\\/\\\/www.puredent.dk\\\/?s={search_term_string}\"},\"query-input\":{\"@type\":\"PropertyValueSpecification\",\"valueRequired\":true,\"valueName\":\"search_term_string\"}}],\"inLanguage\":\"en-GB\"},{\"@type\":\"Organization\",\"@id\":\"https:\\\/\\\/www.puredent.dk\\\/#organization\",\"name\":\"Puredent webshop\",\"url\":\"https:\\\/\\\/www.puredent.dk\\\/\",\"logo\":{\"@type\":\"ImageObject\",\"inLanguage\":\"en-GB\",\"@id\":\"https:\\\/\\\/www.puredent.dk\\\/#\\\/schema\\\/logo\\\/image\\\/\",\"url\":\"https:\\\/\\\/www.puredent.dk\\\/wp-content\\\/uploads\\\/2024\\\/07\\\/cropped-PD_2024_logo_72ppi.jpg\",\"contentUrl\":\"https:\\\/\\\/www.puredent.dk\\\/wp-content\\\/uploads\\\/2024\\\/07\\\/cropped-PD_2024_logo_72ppi.jpg\",\"width\":1311,\"height\":445,\"caption\":\"Puredent webshop\"},\"image\":{\"@id\":\"https:\\\/\\\/www.puredent.dk\\\/#\\\/schema\\\/logo\\\/image\\\/\"}}]}<\/script>\n<!-- \/ Yoast SEO plugin. -->","yoast_head_json":{"title":"Sculptable surgical retractors \u2018Surgy soft \u2019: Shapeable - Size 4 - 1 pcs","description":"MJK \u2018Surgy\u2019Soft \u2019 is the only series of fully customizable oral surgery retractors,\u00a0with specifically studied shapes and angulations.","robots":{"index":"index","follow":"follow","max-snippet":"max-snippet:-1","max-image-preview":"max-image-preview:large","max-video-preview":"max-video-preview:-1"},"canonical":"https:\/\/www.puredent.dk\/en\/vare\/re0014\/","og_locale":"en_GB","og_type":"article","og_title":"[:da]MJK Sculptable surgical retractors \u2018Surgy soft \u2019, Shapeable - Size 4, 1 pcs - RE0014[:en]Sculptable surgical retractors \u2018Surgy soft \u2019: Shapeable - Size 4 - 1 pcs[:] -","og_description":"MJK \u2018Surgy\u2019Soft \u2019 is the only series of fully customizable oral surgery retractors,\u00a0with specifically studied shapes and angulations.","og_url":"https:\/\/www.puredent.dk\/en\/vare\/re0014\/","og_site_name":"Puredent webshop","article_modified_time":"2024-11-01T10:56:28+00:00","og_image":[{"width":1067,"height":1067,"url":"https:\/\/www.puredent.dk\/wp-content\/uploads\/2020\/12\/MJK-Flap-retractor-size4.jpg","type":"image\/jpeg"}],"twitter_card":"summary_large_image","twitter_misc":{"Estimated reading time":"1 minute"},"schema":{"@context":"https:\/\/schema.org","@graph":[{"@type":"WebPage","@id":"https:\/\/www.puredent.dk\/vare\/re0014\/","url":"https:\/\/www.puredent.dk\/vare\/re0014\/","name":"Sculptable surgical retractors \u2018Surgy soft \u2019: Shapeable - Size 4 - 1 pcs","isPartOf":{"@id":"https:\/\/www.puredent.dk\/#website"},"primaryImageOfPage":{"@id":"https:\/\/www.puredent.dk\/vare\/re0014\/#primaryimage"},"image":{"@id":"https:\/\/www.puredent.dk\/vare\/re0014\/#primaryimage"},"thumbnailUrl":"https:\/\/www.puredent.dk\/wp-content\/uploads\/2020\/12\/MJK-Flap-retractor-size4.jpg","datePublished":"2020-12-17T13:46:58+00:00","dateModified":"2024-11-01T10:56:28+00:00","description":"MJK \u2018Surgy\u2019Soft \u2019 is the only series of fully customizable oral surgery retractors,\u00a0with specifically studied shapes and angulations.","breadcrumb":{"@id":"https:\/\/www.puredent.dk\/vare\/re0014\/#breadcrumb"},"inLanguage":"en-GB","potentialAction":[{"@type":"ReadAction","target":["https:\/\/www.puredent.dk\/vare\/re0014\/"]}]},{"@type":"ImageObject","inLanguage":"en-GB","@id":"https:\/\/www.puredent.dk\/vare\/re0014\/#primaryimage","url":"https:\/\/www.puredent.dk\/wp-content\/uploads\/2020\/12\/MJK-Flap-retractor-size4.jpg","contentUrl":"https:\/\/www.puredent.dk\/wp-content\/uploads\/2020\/12\/MJK-Flap-retractor-size4.jpg","width":1067,"height":1067},{"@type":"BreadcrumbList","@id":"https:\/\/www.puredent.dk\/vare\/re0014\/#breadcrumb","itemListElement":[{"@type":"ListItem","position":1,"name":"Hjem","item":"https:\/\/www.puredent.dk\/"},{"@type":"ListItem","position":2,"name":"Forside","item":"https:\/\/www.puredent.dk\/"},{"@type":"ListItem","position":3,"name":"MJK Sculptable surgical retractors \u2018Surgy soft \u2019, Shapeable &#8211; Size 4, 1 pcs &#8211; RE0014"}]},{"@type":"WebSite","@id":"https:\/\/www.puredent.dk\/#website","url":"https:\/\/www.puredent.dk\/","name":"Puredent webshop","description":"Udstyr til tandl\u00e6ger, l\u00e6ger og dyrl\u00e6ger","publisher":{"@id":"https:\/\/www.puredent.dk\/#organization"},"potentialAction":[{"@type":"SearchAction","target":{"@type":"EntryPoint","urlTemplate":"https:\/\/www.puredent.dk\/?s={search_term_string}"},"query-input":{"@type":"PropertyValueSpecification","valueRequired":true,"valueName":"search_term_string"}}],"inLanguage":"en-GB"},{"@type":"Organization","@id":"https:\/\/www.puredent.dk\/#organization","name":"Puredent webshop","url":"https:\/\/www.puredent.dk\/","logo":{"@type":"ImageObject","inLanguage":"en-GB","@id":"https:\/\/www.puredent.dk\/#\/schema\/logo\/image\/","url":"https:\/\/www.puredent.dk\/wp-content\/uploads\/2024\/07\/cropped-PD_2024_logo_72ppi.jpg","contentUrl":"https:\/\/www.puredent.dk\/wp-content\/uploads\/2024\/07\/cropped-PD_2024_logo_72ppi.jpg","width":1311,"height":445,"caption":"Puredent webshop"},"image":{"@id":"https:\/\/www.puredent.dk\/#\/schema\/logo\/image\/"}}]}},"_links":{"self":[{"href":"https:\/\/www.puredent.dk\/en\/wp-json\/wp\/v2\/product\/386","targetHints":{"allow":["GET"]}}],"collection":[{"href":"https:\/\/www.puredent.dk\/en\/wp-json\/wp\/v2\/product"}],"about":[{"href":"https:\/\/www.puredent.dk\/en\/wp-json\/wp\/v2\/types\/product"}],"version-history":[{"count":1,"href":"https:\/\/www.puredent.dk\/en\/wp-json\/wp\/v2\/product\/386\/revisions"}],"predecessor-version":[{"id":9719,"href":"https:\/\/www.puredent.dk\/en\/wp-json\/wp\/v2\/product\/386\/revisions\/9719"}],"wp:featuredmedia":[{"embeddable":true,"href":"https:\/\/www.puredent.dk\/en\/wp-json\/wp\/v2\/media\/402"}],"wp:attachment":[{"href":"https:\/\/www.puredent.dk\/en\/wp-json\/wp\/v2\/media?parent=386"}],"wp:term":[{"taxonomy":"product_brand","embeddable":true,"href":"https:\/\/www.puredent.dk\/en\/wp-json\/wp\/v2\/product_brand?post=386"},{"taxonomy":"product_cat","embeddable":true,"href":"https:\/\/www.puredent.dk\/en\/wp-json\/wp\/v2\/product_cat?post=386"},{"taxonomy":"product_tag","embeddable":true,"href":"https:\/\/www.puredent.dk\/en\/wp-json\/wp\/v2\/product_tag?post=386"}],"curies":[{"name":"wp","href":"https:\/\/api.w.org\/{rel}","templated":true}]}}