{"id":3223,"date":"2022-12-19T09:50:36","date_gmt":"2022-12-19T09:50:36","guid":{"rendered":"https:\/\/www.puredent.dk\/en\/?post_type=product&#038;p=3223"},"modified":"2025-02-13T10:39:17","modified_gmt":"2025-02-13T10:39:17","slug":"ustomed-steril-container-special-lock-4-cm-erstatter-indpakning-teflonfilter-315x190x40-mm-90-618-040","status":"publish","type":"product","link":"https:\/\/www.puredent.dk\/en\/vare\/ustomed-steril-container-special-lock-4-cm-erstatter-indpakning-teflonfilter-315x190x40-mm-90-618-040\/","title":{"rendered":"Sterile Container, bagless, with filter, 40 mm"},"content":{"rendered":"<p><span class=\"Y2IQFc\" lang=\"en\">Ustomed&#8217;s sterile container solutions enable conversion from waste-heavy, time-consuming and expensive packaging to long-lasting cassette systems that ensure that the contents remain sterile for up to 9 months &#8211; without being wrapped at all. With Ustomed&#8217;s sterile container, you avoid ordering, storing and disposing of autoclave bags. You save time and money, and at the same time help support the green transition! The sterile and bagless container from Ustomed is available in several different sizes and variants &#8211; <em>choose from: <\/em><\/span><\/p>\n<p><span class=\"Y2IQFc\" lang=\"en\">Large size:<br \/>\n<\/span><\/p>\n<ul>\n<li id=\"tw-target-text\" class=\"tw-data-text tw-text-large tw-ta\" dir=\"ltr\" data-placeholder=\"Overs\u00e6ttelse\"><a href=\"https:\/\/www.puredent.dk\/index.php\/product\/steril-container-fri-for-poser-40-mm-inklusiv-teflon-filter\/\"><span class=\"Y2IQFc\" lang=\"en\">40 mm <\/span><\/a><\/li>\n<li class=\"tw-data-text tw-text-large tw-ta\" dir=\"ltr\" data-placeholder=\"Overs\u00e6ttelse\"><a href=\"https:\/\/www.puredent.dk\/index.php\/product\/90-618-065\/\"><span class=\"Y2IQFc\" lang=\"en\">65 mm <\/span><\/a><\/li>\n<li class=\"tw-data-text tw-text-large tw-ta\" dir=\"ltr\" data-placeholder=\"Overs\u00e6ttelse\"><a href=\"https:\/\/www.puredent.dk\/index.php\/product\/steril-container-poseloes-large-size-med-teflonfilter-90-618-130\/\"><span class=\"Y2IQFc\" lang=\"en\">130 mm <\/span><\/a><\/li>\n<\/ul>\n<p><span class=\"Y2IQFc\" lang=\"en\">The sterile container from Ustomed comes with various accessories. The accessories ensure that the<br \/>\ncontents of the containers remain sterile and can help you to keep an overview and keep your<br \/>\ninstruments in order. <em>Choose bet<\/em>ween:<\/span><\/p>\n<ul>\n<li dir=\"ltr\" data-placeholder=\"Overs\u00e6ttelse\"><span class=\"Y2IQFc\" lang=\"en\"><a href=\"https:\/\/www.puredent.dk\/index.php\/product\/filter\/\">Replaceable Teflon filter<\/a>, which should be replaced annually <\/span><\/li>\n<li dir=\"ltr\" data-placeholder=\"Overs\u00e6ttelse\"><span class=\"Y2IQFc\" lang=\"en\"><a href=\"https:\/\/www.puredent.dk\/index.php\/product\/90-665-100\/\">Safety Seals<\/a> which seal the cassette and ensure that it is not opened accidentally <\/span><\/li>\n<li dir=\"ltr\" data-placeholder=\"Overs\u00e6ttelse\"><span class=\"Y2IQFc\" lang=\"en\"><a href=\"https:\/\/www.puredent.dk\/index.php\/product\/90-650-001-ustomed-identification-label-blue-incl-inscript\/\">Sterilization labels<\/a> to apply date and initials <\/span><\/li>\n<li dir=\"ltr\" data-placeholder=\"Overs\u00e6ttelse\"><span class=\"Y2IQFc\" lang=\"en\"><a href=\"https:\/\/www.puredent.dk\/index.php\/product\/identifikationsskilt\/\">Aluminum signs<\/a> with engraving in 8 different colors create an overview <\/span><\/li>\n<li dir=\"ltr\" data-placeholder=\"Overs\u00e6ttelse\"><span class=\"Y2IQFc\" lang=\"en\"><a href=\"https:\/\/www.puredent.dk\/index.php\/page\/2\/?s=ustomed+steril+\">Instrument holder<\/a>\/sterilization and storage frame for <a href=\"https:\/\/www.puredent.dk\/index.php\/product\/90-340-004\/\">4<\/a>, <a href=\"https:\/\/www.puredent.dk\/index.php\/product\/90-340-008\/\">8<\/a>, <a href=\"https:\/\/www.puredent.dk\/index.php\/product\/90-340-010\/\">10<\/a> and <a href=\"https:\/\/www.puredent.dk\/index.php\/product\/90-340-020\/\">20 <\/a>instruments that fits the cassettes<\/span><\/li>\n<\/ul>\n<pre id=\"tw-target-text\" class=\"tw-data-text tw-text-large tw-ta\" dir=\"ltr\" data-placeholder=\"Overs\u00e6ttelse\"><span class=\"Y2IQFc\" lang=\"en\">\u00a0<\/span><\/pre>\n<h3><\/h3>\n<p>&nbsp;<\/p>\n","protected":false},"excerpt":{"rendered":"<pre id=\"tw-target-text\" class=\"tw-data-text tw-text-large tw-ta\" dir=\"ltr\" data-placeholder=\"Overs\u00e6ttelse\"><span class=\"Y2IQFc\" lang=\"en\">Ustomed Sterile Container without the need for bags, large size, 130 mm high\r\n\r\nSmart sterile storage without autoclave bags is good for the environment and ongoing costs.<\/span><\/pre>\n","protected":false},"featured_media":1634,"template":"","meta":[],"product_brand":[],"product_cat":[255,747],"product_tag":[786,258,787,288],"class_list":{"0":"post-3223","1":"product","2":"type-product","3":"status-publish","4":"has-post-thumbnail","6":"product_cat-steril-opbevaring","7":"product_cat-ustomed-container-med-filter","8":"product_tag-steril-container","9":"product_tag-steril-opbevaring","10":"product_tag-teflonfilter","11":"product_tag-ustomed","12":"product_shipping_class-gebyr-for-bestillingsvarer","14":"first","15":"instock","16":"taxable","17":"shipping-taxable","18":"purchasable","19":"product-type-simple"},"yoast_head":"<!-- This site is optimized with the Yoast SEO plugin v27.5 - https:\/\/yoast.com\/product\/yoast-seo-wordpress\/ -->\n<title>Sterile Container, bagless, with filter, 40 mm<\/title>\n<meta name=\"description\" content=\"Ustomed Container is the sterile storage system of the future for dental clinics. Forget about waste, save time and money, and support the green transition.\" \/>\n<meta name=\"robots\" content=\"index, follow, max-snippet:-1, max-image-preview:large, max-video-preview:-1\" \/>\n<link rel=\"canonical\" href=\"https:\/\/www.puredent.dk\/en\/vare\/ustomed-steril-container-special-lock-4-cm-erstatter-indpakning-teflonfilter-315x190x40-mm-90-618-040\/\" \/>\n<meta property=\"og:locale\" content=\"en_GB\" \/>\n<meta property=\"og:locale:alternate\" content=\"da_DK\" \/>\n<meta property=\"og:type\" content=\"article\" \/>\n<meta property=\"og:title\" content=\"Sterile Container, bagless, with filter, 40 mm\" \/>\n<meta property=\"og:description\" content=\"Ustomed Container er fremtidens sterile opbevaringssystem for tandl\u00e6geklinikker. Glem alt om affald, spar tid og penge, og st\u00f8t op om den gr\u00f8nne omstilling\" \/>\n<meta property=\"og:url\" content=\"https:\/\/www.puredent.dk\/en\/vare\/ustomed-steril-container-special-lock-4-cm-erstatter-indpakning-teflonfilter-315x190x40-mm-90-618-040\/\" \/>\n<meta property=\"og:site_name\" content=\"Puredent webshop\" \/>\n<meta property=\"article:modified_time\" content=\"2025-02-13T10:39:17+00:00\" \/>\n<meta property=\"og:image\" content=\"https:\/\/www.puredent.dk\/wp-content\/uploads\/2021\/05\/Ustomed-90-618-040.jpg\" \/>\n\t<meta property=\"og:image:width\" content=\"1067\" \/>\n\t<meta property=\"og:image:height\" content=\"1067\" \/>\n\t<meta property=\"og:image:type\" content=\"image\/jpeg\" \/>\n<meta name=\"twitter:card\" content=\"summary_large_image\" \/>\n<meta name=\"twitter:label1\" content=\"Estimated reading time\" \/>\n\t<meta name=\"twitter:data1\" content=\"1 minute\" \/>\n<script type=\"application\/ld+json\" class=\"yoast-schema-graph\">{\"@context\":\"https:\\\/\\\/schema.org\",\"@graph\":[{\"@type\":\"WebPage\",\"@id\":\"https:\\\/\\\/www.puredent.dk\\\/vare\\\/ustomed-steril-container-special-lock-4-cm-erstatter-indpakning-teflonfilter-315x190x40-mm-90-618-040\\\/\",\"url\":\"https:\\\/\\\/www.puredent.dk\\\/vare\\\/ustomed-steril-container-special-lock-4-cm-erstatter-indpakning-teflonfilter-315x190x40-mm-90-618-040\\\/\",\"name\":\"Sterile Container, bagless, with filter, 40 mm\",\"isPartOf\":{\"@id\":\"https:\\\/\\\/www.puredent.dk\\\/#website\"},\"primaryImageOfPage\":{\"@id\":\"https:\\\/\\\/www.puredent.dk\\\/vare\\\/ustomed-steril-container-special-lock-4-cm-erstatter-indpakning-teflonfilter-315x190x40-mm-90-618-040\\\/#primaryimage\"},\"image\":{\"@id\":\"https:\\\/\\\/www.puredent.dk\\\/vare\\\/ustomed-steril-container-special-lock-4-cm-erstatter-indpakning-teflonfilter-315x190x40-mm-90-618-040\\\/#primaryimage\"},\"thumbnailUrl\":\"https:\\\/\\\/www.puredent.dk\\\/wp-content\\\/uploads\\\/2021\\\/05\\\/Ustomed-90-618-040.jpg\",\"datePublished\":\"2022-12-19T09:50:36+00:00\",\"dateModified\":\"2025-02-13T10:39:17+00:00\",\"description\":\"Ustomed Container er fremtidens sterile opbevaringssystem for tandl\u00e6geklinikker. Glem alt om affald, spar tid og penge, og st\u00f8t op om den gr\u00f8nne omstilling\",\"breadcrumb\":{\"@id\":\"https:\\\/\\\/www.puredent.dk\\\/vare\\\/ustomed-steril-container-special-lock-4-cm-erstatter-indpakning-teflonfilter-315x190x40-mm-90-618-040\\\/#breadcrumb\"},\"inLanguage\":\"en-GB\",\"potentialAction\":[{\"@type\":\"ReadAction\",\"target\":[\"https:\\\/\\\/www.puredent.dk\\\/vare\\\/ustomed-steril-container-special-lock-4-cm-erstatter-indpakning-teflonfilter-315x190x40-mm-90-618-040\\\/\"]}]},{\"@type\":\"ImageObject\",\"inLanguage\":\"en-GB\",\"@id\":\"https:\\\/\\\/www.puredent.dk\\\/vare\\\/ustomed-steril-container-special-lock-4-cm-erstatter-indpakning-teflonfilter-315x190x40-mm-90-618-040\\\/#primaryimage\",\"url\":\"https:\\\/\\\/www.puredent.dk\\\/wp-content\\\/uploads\\\/2021\\\/05\\\/Ustomed-90-618-040.jpg\",\"contentUrl\":\"https:\\\/\\\/www.puredent.dk\\\/wp-content\\\/uploads\\\/2021\\\/05\\\/Ustomed-90-618-040.jpg\",\"width\":1067,\"height\":1067},{\"@type\":\"BreadcrumbList\",\"@id\":\"https:\\\/\\\/www.puredent.dk\\\/vare\\\/ustomed-steril-container-special-lock-4-cm-erstatter-indpakning-teflonfilter-315x190x40-mm-90-618-040\\\/#breadcrumb\",\"itemListElement\":[{\"@type\":\"ListItem\",\"position\":1,\"name\":\"Hjem\",\"item\":\"https:\\\/\\\/www.puredent.dk\\\/\"},{\"@type\":\"ListItem\",\"position\":2,\"name\":\"Forside\",\"item\":\"https:\\\/\\\/www.puredent.dk\\\/\"},{\"@type\":\"ListItem\",\"position\":3,\"name\":\"Ustomed Steril Container, special lock, 4 cm, erstatter indpakning, teflonfilter, 315x190x40 mm &#8211; 90-618-040\"}]},{\"@type\":\"WebSite\",\"@id\":\"https:\\\/\\\/www.puredent.dk\\\/#website\",\"url\":\"https:\\\/\\\/www.puredent.dk\\\/\",\"name\":\"Puredent webshop\",\"description\":\"Udstyr til tandl\u00e6ger, l\u00e6ger og dyrl\u00e6ger\",\"publisher\":{\"@id\":\"https:\\\/\\\/www.puredent.dk\\\/#organization\"},\"potentialAction\":[{\"@type\":\"SearchAction\",\"target\":{\"@type\":\"EntryPoint\",\"urlTemplate\":\"https:\\\/\\\/www.puredent.dk\\\/?s={search_term_string}\"},\"query-input\":{\"@type\":\"PropertyValueSpecification\",\"valueRequired\":true,\"valueName\":\"search_term_string\"}}],\"inLanguage\":\"en-GB\"},{\"@type\":\"Organization\",\"@id\":\"https:\\\/\\\/www.puredent.dk\\\/#organization\",\"name\":\"Puredent webshop\",\"url\":\"https:\\\/\\\/www.puredent.dk\\\/\",\"logo\":{\"@type\":\"ImageObject\",\"inLanguage\":\"en-GB\",\"@id\":\"https:\\\/\\\/www.puredent.dk\\\/#\\\/schema\\\/logo\\\/image\\\/\",\"url\":\"https:\\\/\\\/www.puredent.dk\\\/wp-content\\\/uploads\\\/2024\\\/07\\\/cropped-PD_2024_logo_72ppi.jpg\",\"contentUrl\":\"https:\\\/\\\/www.puredent.dk\\\/wp-content\\\/uploads\\\/2024\\\/07\\\/cropped-PD_2024_logo_72ppi.jpg\",\"width\":1311,\"height\":445,\"caption\":\"Puredent webshop\"},\"image\":{\"@id\":\"https:\\\/\\\/www.puredent.dk\\\/#\\\/schema\\\/logo\\\/image\\\/\"}}]}<\/script>\n<!-- \/ Yoast SEO plugin. -->","yoast_head_json":{"title":"Sterile Container, bagless, with filter, 40 mm","description":"Ustomed Container is the sterile storage system of the future for dental clinics. Forget about waste, save time and money, and support the green transition.","robots":{"index":"index","follow":"follow","max-snippet":"max-snippet:-1","max-image-preview":"max-image-preview:large","max-video-preview":"max-video-preview:-1"},"canonical":"https:\/\/www.puredent.dk\/en\/vare\/ustomed-steril-container-special-lock-4-cm-erstatter-indpakning-teflonfilter-315x190x40-mm-90-618-040\/","og_locale":"en_GB","og_type":"article","og_title":"[:da]Ustomed Steril Container, special lock, 4 cm, erstatter indpakning, teflonfilter, 315x190x40 mm - 90-618-040[:en]Sterile Container, bagless, with filter, 40 mm[:] - Puredent webshop","og_description":"Ustomed Container er fremtidens sterile opbevaringssystem for tandl\u00e6geklinikker. Glem alt om affald, spar tid og penge, og st\u00f8t op om den gr\u00f8nne omstilling","og_url":"https:\/\/www.puredent.dk\/en\/vare\/ustomed-steril-container-special-lock-4-cm-erstatter-indpakning-teflonfilter-315x190x40-mm-90-618-040\/","og_site_name":"Puredent webshop","article_modified_time":"2025-02-13T10:39:17+00:00","og_image":[{"width":1067,"height":1067,"url":"https:\/\/www.puredent.dk\/wp-content\/uploads\/2021\/05\/Ustomed-90-618-040.jpg","type":"image\/jpeg"}],"twitter_card":"summary_large_image","twitter_misc":{"Estimated reading time":"1 minute"},"schema":{"@context":"https:\/\/schema.org","@graph":[{"@type":"WebPage","@id":"https:\/\/www.puredent.dk\/vare\/ustomed-steril-container-special-lock-4-cm-erstatter-indpakning-teflonfilter-315x190x40-mm-90-618-040\/","url":"https:\/\/www.puredent.dk\/vare\/ustomed-steril-container-special-lock-4-cm-erstatter-indpakning-teflonfilter-315x190x40-mm-90-618-040\/","name":"Sterile Container, bagless, with filter, 40 mm","isPartOf":{"@id":"https:\/\/www.puredent.dk\/#website"},"primaryImageOfPage":{"@id":"https:\/\/www.puredent.dk\/vare\/ustomed-steril-container-special-lock-4-cm-erstatter-indpakning-teflonfilter-315x190x40-mm-90-618-040\/#primaryimage"},"image":{"@id":"https:\/\/www.puredent.dk\/vare\/ustomed-steril-container-special-lock-4-cm-erstatter-indpakning-teflonfilter-315x190x40-mm-90-618-040\/#primaryimage"},"thumbnailUrl":"https:\/\/www.puredent.dk\/wp-content\/uploads\/2021\/05\/Ustomed-90-618-040.jpg","datePublished":"2022-12-19T09:50:36+00:00","dateModified":"2025-02-13T10:39:17+00:00","description":"Ustomed Container er fremtidens sterile opbevaringssystem for tandl\u00e6geklinikker. Glem alt om affald, spar tid og penge, og st\u00f8t op om den gr\u00f8nne omstilling","breadcrumb":{"@id":"https:\/\/www.puredent.dk\/vare\/ustomed-steril-container-special-lock-4-cm-erstatter-indpakning-teflonfilter-315x190x40-mm-90-618-040\/#breadcrumb"},"inLanguage":"en-GB","potentialAction":[{"@type":"ReadAction","target":["https:\/\/www.puredent.dk\/vare\/ustomed-steril-container-special-lock-4-cm-erstatter-indpakning-teflonfilter-315x190x40-mm-90-618-040\/"]}]},{"@type":"ImageObject","inLanguage":"en-GB","@id":"https:\/\/www.puredent.dk\/vare\/ustomed-steril-container-special-lock-4-cm-erstatter-indpakning-teflonfilter-315x190x40-mm-90-618-040\/#primaryimage","url":"https:\/\/www.puredent.dk\/wp-content\/uploads\/2021\/05\/Ustomed-90-618-040.jpg","contentUrl":"https:\/\/www.puredent.dk\/wp-content\/uploads\/2021\/05\/Ustomed-90-618-040.jpg","width":1067,"height":1067},{"@type":"BreadcrumbList","@id":"https:\/\/www.puredent.dk\/vare\/ustomed-steril-container-special-lock-4-cm-erstatter-indpakning-teflonfilter-315x190x40-mm-90-618-040\/#breadcrumb","itemListElement":[{"@type":"ListItem","position":1,"name":"Hjem","item":"https:\/\/www.puredent.dk\/"},{"@type":"ListItem","position":2,"name":"Forside","item":"https:\/\/www.puredent.dk\/"},{"@type":"ListItem","position":3,"name":"Ustomed Steril Container, special lock, 4 cm, erstatter indpakning, teflonfilter, 315x190x40 mm &#8211; 90-618-040"}]},{"@type":"WebSite","@id":"https:\/\/www.puredent.dk\/#website","url":"https:\/\/www.puredent.dk\/","name":"Puredent webshop","description":"Udstyr til tandl\u00e6ger, l\u00e6ger og dyrl\u00e6ger","publisher":{"@id":"https:\/\/www.puredent.dk\/#organization"},"potentialAction":[{"@type":"SearchAction","target":{"@type":"EntryPoint","urlTemplate":"https:\/\/www.puredent.dk\/?s={search_term_string}"},"query-input":{"@type":"PropertyValueSpecification","valueRequired":true,"valueName":"search_term_string"}}],"inLanguage":"en-GB"},{"@type":"Organization","@id":"https:\/\/www.puredent.dk\/#organization","name":"Puredent webshop","url":"https:\/\/www.puredent.dk\/","logo":{"@type":"ImageObject","inLanguage":"en-GB","@id":"https:\/\/www.puredent.dk\/#\/schema\/logo\/image\/","url":"https:\/\/www.puredent.dk\/wp-content\/uploads\/2024\/07\/cropped-PD_2024_logo_72ppi.jpg","contentUrl":"https:\/\/www.puredent.dk\/wp-content\/uploads\/2024\/07\/cropped-PD_2024_logo_72ppi.jpg","width":1311,"height":445,"caption":"Puredent webshop"},"image":{"@id":"https:\/\/www.puredent.dk\/#\/schema\/logo\/image\/"}}]}},"_links":{"self":[{"href":"https:\/\/www.puredent.dk\/en\/wp-json\/wp\/v2\/product\/3223","targetHints":{"allow":["GET"]}}],"collection":[{"href":"https:\/\/www.puredent.dk\/en\/wp-json\/wp\/v2\/product"}],"about":[{"href":"https:\/\/www.puredent.dk\/en\/wp-json\/wp\/v2\/types\/product"}],"version-history":[{"count":2,"href":"https:\/\/www.puredent.dk\/en\/wp-json\/wp\/v2\/product\/3223\/revisions"}],"predecessor-version":[{"id":17883,"href":"https:\/\/www.puredent.dk\/en\/wp-json\/wp\/v2\/product\/3223\/revisions\/17883"}],"wp:featuredmedia":[{"embeddable":true,"href":"https:\/\/www.puredent.dk\/en\/wp-json\/wp\/v2\/media\/1634"}],"wp:attachment":[{"href":"https:\/\/www.puredent.dk\/en\/wp-json\/wp\/v2\/media?parent=3223"}],"wp:term":[{"taxonomy":"product_brand","embeddable":true,"href":"https:\/\/www.puredent.dk\/en\/wp-json\/wp\/v2\/product_brand?post=3223"},{"taxonomy":"product_cat","embeddable":true,"href":"https:\/\/www.puredent.dk\/en\/wp-json\/wp\/v2\/product_cat?post=3223"},{"taxonomy":"product_tag","embeddable":true,"href":"https:\/\/www.puredent.dk\/en\/wp-json\/wp\/v2\/product_tag?post=3223"}],"curies":[{"name":"wp","href":"https:\/\/api.w.org\/{rel}","templated":true}]}}