{"id":20037,"date":"2026-02-05T11:57:59","date_gmt":"2026-02-05T11:57:59","guid":{"rendered":"https:\/\/www.puredent.dk\/?post_type=product&#038;p=20037"},"modified":"2026-02-05T11:57:59","modified_gmt":"2026-02-05T11:57:59","slug":"periosteal-elevator-17-5-cm-d-e-cvd","status":"publish","type":"product","link":"https:\/\/www.puredent.dk\/en\/vare\/periosteal-elevator-17-5-cm-d-e-cvd\/","title":{"rendered":"Periosteal elevator, 17, 5 cm, d. e., cvd."},"content":{"rendered":"","protected":false},"excerpt":{"rendered":"","protected":false},"featured_media":20041,"template":"","meta":[],"product_brand":[],"product_cat":[50],"product_tag":[],"class_list":{"0":"post-20037","1":"product","2":"type-product","3":"status-publish","4":"has-post-thumbnail","6":"product_cat-sommerfugle","8":"first","9":"instock","10":"taxable","11":"shipping-taxable","12":"purchasable","13":"product-type-simple"},"yoast_head":"<!-- This site is optimized with the Yoast SEO plugin v27.5 - https:\/\/yoast.com\/product\/yoast-seo-wordpress\/ -->\n<title>Periosteal elevator, 17, 5 cm, d. e., cvd.<\/title>\n<meta name=\"description\" content=\"Periosteal elevator fra Ustomed med PEEK h\u00e5ndtag\" \/>\n<meta name=\"robots\" content=\"index, follow, max-snippet:-1, max-image-preview:large, max-video-preview:-1\" \/>\n<link rel=\"canonical\" href=\"https:\/\/www.puredent.dk\/en\/vare\/periosteal-elevator-17-5-cm-d-e-cvd\/\" \/>\n<meta property=\"og:locale\" content=\"en_GB\" \/>\n<meta property=\"og:locale:alternate\" content=\"da_DK\" \/>\n<meta property=\"og:type\" content=\"article\" \/>\n<meta property=\"og:title\" content=\"Periosteal elevator, 17, 5 cm, d. e., cvd.\" \/>\n<meta property=\"og:description\" content=\"Periosteal elevator fra Ustomed med PEEK h\u00e5ndtag\" \/>\n<meta property=\"og:url\" content=\"https:\/\/www.puredent.dk\/en\/vare\/periosteal-elevator-17-5-cm-d-e-cvd\/\" \/>\n<meta property=\"og:site_name\" content=\"Puredent webshop\" \/>\n<meta name=\"twitter:card\" content=\"summary_large_image\" \/>\n<meta name=\"twitter:label1\" content=\"Estimated reading time\" \/>\n\t<meta name=\"twitter:data1\" content=\"1 minute\" \/>\n<script type=\"application\/ld+json\" class=\"yoast-schema-graph\">{\"@context\":\"https:\\\/\\\/schema.org\",\"@graph\":[{\"@type\":\"WebPage\",\"@id\":\"https:\\\/\\\/www.puredent.dk\\\/vare\\\/periosteal-elevator-17-5-cm-d-e-cvd\\\/\",\"url\":\"https:\\\/\\\/www.puredent.dk\\\/vare\\\/periosteal-elevator-17-5-cm-d-e-cvd\\\/\",\"name\":\"Periosteal elevator, 17, 5 cm, d. e., cvd.\",\"isPartOf\":{\"@id\":\"https:\\\/\\\/www.puredent.dk\\\/#website\"},\"primaryImageOfPage\":{\"@id\":\"https:\\\/\\\/www.puredent.dk\\\/vare\\\/periosteal-elevator-17-5-cm-d-e-cvd\\\/#primaryimage\"},\"image\":{\"@id\":\"https:\\\/\\\/www.puredent.dk\\\/vare\\\/periosteal-elevator-17-5-cm-d-e-cvd\\\/#primaryimage\"},\"thumbnailUrl\":\"https:\\\/\\\/www.puredent.dk\\\/wp-content\\\/uploads\\\/2026\\\/02\\\/27-717-175.webp\",\"datePublished\":\"2026-02-05T11:57:59+00:00\",\"description\":\"Periosteal elevator fra Ustomed med PEEK h\u00e5ndtag\",\"breadcrumb\":{\"@id\":\"https:\\\/\\\/www.puredent.dk\\\/vare\\\/periosteal-elevator-17-5-cm-d-e-cvd\\\/#breadcrumb\"},\"inLanguage\":\"en-GB\",\"potentialAction\":[{\"@type\":\"ReadAction\",\"target\":[\"https:\\\/\\\/www.puredent.dk\\\/vare\\\/periosteal-elevator-17-5-cm-d-e-cvd\\\/\"]}]},{\"@type\":\"ImageObject\",\"inLanguage\":\"en-GB\",\"@id\":\"https:\\\/\\\/www.puredent.dk\\\/vare\\\/periosteal-elevator-17-5-cm-d-e-cvd\\\/#primaryimage\",\"url\":\"https:\\\/\\\/www.puredent.dk\\\/wp-content\\\/uploads\\\/2026\\\/02\\\/27-717-175.webp\",\"contentUrl\":\"https:\\\/\\\/www.puredent.dk\\\/wp-content\\\/uploads\\\/2026\\\/02\\\/27-717-175.webp\",\"width\":1200,\"height\":1920},{\"@type\":\"BreadcrumbList\",\"@id\":\"https:\\\/\\\/www.puredent.dk\\\/vare\\\/periosteal-elevator-17-5-cm-d-e-cvd\\\/#breadcrumb\",\"itemListElement\":[{\"@type\":\"ListItem\",\"position\":1,\"name\":\"Hjem\",\"item\":\"https:\\\/\\\/www.puredent.dk\\\/\"},{\"@type\":\"ListItem\",\"position\":2,\"name\":\"Forside\",\"item\":\"https:\\\/\\\/www.puredent.dk\\\/\"},{\"@type\":\"ListItem\",\"position\":3,\"name\":\"Periosteal elevator, 17, 5 cm, d. e., cvd.\"}]},{\"@type\":\"WebSite\",\"@id\":\"https:\\\/\\\/www.puredent.dk\\\/#website\",\"url\":\"https:\\\/\\\/www.puredent.dk\\\/\",\"name\":\"Puredent webshop\",\"description\":\"Udstyr til tandl\u00e6ger, l\u00e6ger og dyrl\u00e6ger\",\"publisher\":{\"@id\":\"https:\\\/\\\/www.puredent.dk\\\/#organization\"},\"potentialAction\":[{\"@type\":\"SearchAction\",\"target\":{\"@type\":\"EntryPoint\",\"urlTemplate\":\"https:\\\/\\\/www.puredent.dk\\\/?s={search_term_string}\"},\"query-input\":{\"@type\":\"PropertyValueSpecification\",\"valueRequired\":true,\"valueName\":\"search_term_string\"}}],\"inLanguage\":\"en-GB\"},{\"@type\":\"Organization\",\"@id\":\"https:\\\/\\\/www.puredent.dk\\\/#organization\",\"name\":\"Puredent webshop\",\"url\":\"https:\\\/\\\/www.puredent.dk\\\/\",\"logo\":{\"@type\":\"ImageObject\",\"inLanguage\":\"en-GB\",\"@id\":\"https:\\\/\\\/www.puredent.dk\\\/#\\\/schema\\\/logo\\\/image\\\/\",\"url\":\"https:\\\/\\\/www.puredent.dk\\\/wp-content\\\/uploads\\\/2024\\\/07\\\/cropped-PD_2024_logo_72ppi.jpg\",\"contentUrl\":\"https:\\\/\\\/www.puredent.dk\\\/wp-content\\\/uploads\\\/2024\\\/07\\\/cropped-PD_2024_logo_72ppi.jpg\",\"width\":1311,\"height\":445,\"caption\":\"Puredent webshop\"},\"image\":{\"@id\":\"https:\\\/\\\/www.puredent.dk\\\/#\\\/schema\\\/logo\\\/image\\\/\"}}]}<\/script>\n<!-- \/ Yoast SEO plugin. -->","yoast_head_json":{"title":"Periosteal elevator, 17, 5 cm, d. e., cvd.","description":"Periosteal elevator fra Ustomed med PEEK h\u00e5ndtag","robots":{"index":"index","follow":"follow","max-snippet":"max-snippet:-1","max-image-preview":"max-image-preview:large","max-video-preview":"max-video-preview:-1"},"canonical":"https:\/\/www.puredent.dk\/en\/vare\/periosteal-elevator-17-5-cm-d-e-cvd\/","og_locale":"en_GB","og_type":"article","og_title":"[:da]Periosteal elevator, 17, 5 cm, d. e., cvd.[:] - Puredent webshop","og_description":"[:da]Periosteal elevator fra Ustomed med PEEK h\u00e5ndtag[:]","og_url":"https:\/\/www.puredent.dk\/en\/vare\/periosteal-elevator-17-5-cm-d-e-cvd\/","og_site_name":"Puredent webshop","twitter_card":"summary_large_image","twitter_misc":{"Estimated reading time":"1 minute"},"schema":{"@context":"https:\/\/schema.org","@graph":[{"@type":"WebPage","@id":"https:\/\/www.puredent.dk\/vare\/periosteal-elevator-17-5-cm-d-e-cvd\/","url":"https:\/\/www.puredent.dk\/vare\/periosteal-elevator-17-5-cm-d-e-cvd\/","name":"Periosteal elevator, 17, 5 cm, d. e., cvd.","isPartOf":{"@id":"https:\/\/www.puredent.dk\/#website"},"primaryImageOfPage":{"@id":"https:\/\/www.puredent.dk\/vare\/periosteal-elevator-17-5-cm-d-e-cvd\/#primaryimage"},"image":{"@id":"https:\/\/www.puredent.dk\/vare\/periosteal-elevator-17-5-cm-d-e-cvd\/#primaryimage"},"thumbnailUrl":"https:\/\/www.puredent.dk\/wp-content\/uploads\/2026\/02\/27-717-175.webp","datePublished":"2026-02-05T11:57:59+00:00","description":"Periosteal elevator fra Ustomed med PEEK h\u00e5ndtag","breadcrumb":{"@id":"https:\/\/www.puredent.dk\/vare\/periosteal-elevator-17-5-cm-d-e-cvd\/#breadcrumb"},"inLanguage":"en-GB","potentialAction":[{"@type":"ReadAction","target":["https:\/\/www.puredent.dk\/vare\/periosteal-elevator-17-5-cm-d-e-cvd\/"]}]},{"@type":"ImageObject","inLanguage":"en-GB","@id":"https:\/\/www.puredent.dk\/vare\/periosteal-elevator-17-5-cm-d-e-cvd\/#primaryimage","url":"https:\/\/www.puredent.dk\/wp-content\/uploads\/2026\/02\/27-717-175.webp","contentUrl":"https:\/\/www.puredent.dk\/wp-content\/uploads\/2026\/02\/27-717-175.webp","width":1200,"height":1920},{"@type":"BreadcrumbList","@id":"https:\/\/www.puredent.dk\/vare\/periosteal-elevator-17-5-cm-d-e-cvd\/#breadcrumb","itemListElement":[{"@type":"ListItem","position":1,"name":"Hjem","item":"https:\/\/www.puredent.dk\/"},{"@type":"ListItem","position":2,"name":"Forside","item":"https:\/\/www.puredent.dk\/"},{"@type":"ListItem","position":3,"name":"Periosteal elevator, 17, 5 cm, d. e., cvd."}]},{"@type":"WebSite","@id":"https:\/\/www.puredent.dk\/#website","url":"https:\/\/www.puredent.dk\/","name":"Puredent webshop","description":"Udstyr til tandl\u00e6ger, l\u00e6ger og dyrl\u00e6ger","publisher":{"@id":"https:\/\/www.puredent.dk\/#organization"},"potentialAction":[{"@type":"SearchAction","target":{"@type":"EntryPoint","urlTemplate":"https:\/\/www.puredent.dk\/?s={search_term_string}"},"query-input":{"@type":"PropertyValueSpecification","valueRequired":true,"valueName":"search_term_string"}}],"inLanguage":"en-GB"},{"@type":"Organization","@id":"https:\/\/www.puredent.dk\/#organization","name":"Puredent webshop","url":"https:\/\/www.puredent.dk\/","logo":{"@type":"ImageObject","inLanguage":"en-GB","@id":"https:\/\/www.puredent.dk\/#\/schema\/logo\/image\/","url":"https:\/\/www.puredent.dk\/wp-content\/uploads\/2024\/07\/cropped-PD_2024_logo_72ppi.jpg","contentUrl":"https:\/\/www.puredent.dk\/wp-content\/uploads\/2024\/07\/cropped-PD_2024_logo_72ppi.jpg","width":1311,"height":445,"caption":"Puredent webshop"},"image":{"@id":"https:\/\/www.puredent.dk\/#\/schema\/logo\/image\/"}}]}},"_links":{"self":[{"href":"https:\/\/www.puredent.dk\/en\/wp-json\/wp\/v2\/product\/20037","targetHints":{"allow":["GET"]}}],"collection":[{"href":"https:\/\/www.puredent.dk\/en\/wp-json\/wp\/v2\/product"}],"about":[{"href":"https:\/\/www.puredent.dk\/en\/wp-json\/wp\/v2\/types\/product"}],"version-history":[{"count":1,"href":"https:\/\/www.puredent.dk\/en\/wp-json\/wp\/v2\/product\/20037\/revisions"}],"predecessor-version":[{"id":20042,"href":"https:\/\/www.puredent.dk\/en\/wp-json\/wp\/v2\/product\/20037\/revisions\/20042"}],"wp:featuredmedia":[{"embeddable":true,"href":"https:\/\/www.puredent.dk\/en\/wp-json\/wp\/v2\/media\/20041"}],"wp:attachment":[{"href":"https:\/\/www.puredent.dk\/en\/wp-json\/wp\/v2\/media?parent=20037"}],"wp:term":[{"taxonomy":"product_brand","embeddable":true,"href":"https:\/\/www.puredent.dk\/en\/wp-json\/wp\/v2\/product_brand?post=20037"},{"taxonomy":"product_cat","embeddable":true,"href":"https:\/\/www.puredent.dk\/en\/wp-json\/wp\/v2\/product_cat?post=20037"},{"taxonomy":"product_tag","embeddable":true,"href":"https:\/\/www.puredent.dk\/en\/wp-json\/wp\/v2\/product_tag?post=20037"}],"curies":[{"name":"wp","href":"https:\/\/api.w.org\/{rel}","templated":true}]}}