{"id":1858,"date":"2021-10-07T11:54:19","date_gmt":"2021-10-07T11:54:19","guid":{"rendered":"https:\/\/www.puredent.dk\/?post_type=product&#038;p=1858"},"modified":"2025-02-12T08:31:04","modified_gmt":"2025-02-12T08:31:04","slug":"identifikationsskilt-med-valgfri-indgravering-til-ustomed-sterilkassetter-vaelg-farve-og-tekst-90-650-000","status":"publish","type":"product","link":"https:\/\/www.puredent.dk\/en\/vare\/identifikationsskilt-med-valgfri-indgravering-til-ustomed-sterilkassetter-vaelg-farve-og-tekst-90-650-000\/","title":{"rendered":"90-650-007 Ustomed Identification label, PURPLE, incl. inscript."},"content":{"rendered":"<p>Features for identifikationsskilte:<\/p>\n<ol>\n<li>Identifikationsskilte som passer til Ustomeds sterile containere.<\/li>\n<li>Skiltet leveres med valgfri indgravering<\/li>\n<li>Kan p\u00e5s\u00e6ttes washtrays med holder &#8211; varenr. <a href=\"https:\/\/www.puredent.dk\/index.php\/product\/90-652-000\/\">90-652-000<\/a><\/li>\n<li>8 farvemuligheder.<\/li>\n<li>Hver steril kassette har plads til 4 skilte<\/li>\n<\/ol>\n","protected":false},"excerpt":{"rendered":"<h3><strong>Ustomed Identification label, PURPLE, incl. inscript.<\/strong><\/h3>\n<p>Features<\/p>\n<ol>\n<li>Identifikationsskilte som passer til Ustomeds sterile containere.<\/li>\n<li>P\u00e5s\u00e6ttes med holder &#8211; varenr. 90-652-000<\/li>\n<li>Mulighed for indgraveret tekst.<\/li>\n<li>Ustomeds containere er lavet af aluminum som giver stor styrke og lang holdbarhed<\/li>\n<\/ol>\n","protected":false},"featured_media":1659,"template":"","meta":[],"product_brand":[],"product_cat":[597,255],"product_tag":[743,258,288],"class_list":{"0":"post-1858","1":"product","2":"type-product","3":"status-publish","4":"has-post-thumbnail","6":"product_cat-steril-container-tilbehoer","7":"product_cat-steril-opbevaring","8":"product_tag-skilte","9":"product_tag-steril-opbevaring","10":"product_tag-ustomed","11":"product_shipping_class-standard-shipping","13":"first","14":"instock","15":"taxable","16":"shipping-taxable","17":"purchasable","18":"product-type-variable","19":"has-default-attributes"},"yoast_head":"<!-- This site is optimized with the Yoast SEO plugin v27.5 - https:\/\/yoast.com\/product\/yoast-seo-wordpress\/ -->\n<title>90-650-007 Ustomed Identification label, PURPLE, incl. inscript.<\/title>\n<meta name=\"description\" content=\"Identifikationsskilt til Ustomed sterilkassetter med valgfri tekst og 7 farvervarianter. Kun hos Puredent\" \/>\n<meta name=\"robots\" content=\"index, follow, max-snippet:-1, max-image-preview:large, max-video-preview:-1\" \/>\n<link rel=\"canonical\" href=\"https:\/\/www.puredent.dk\/en\/vare\/identifikationsskilt-med-valgfri-indgravering-til-ustomed-sterilkassetter-vaelg-farve-og-tekst-90-650-000\/\" \/>\n<meta property=\"og:locale\" content=\"en_GB\" \/>\n<meta property=\"og:locale:alternate\" content=\"da_DK\" \/>\n<meta property=\"og:type\" content=\"article\" \/>\n<meta property=\"og:title\" content=\"90-650-007 Ustomed Identification label, PURPLE, incl. inscript.\" \/>\n<meta property=\"og:description\" content=\"Identifikationsskilt til Ustomed sterilkassetter med valgfri tekst og 7 farvervarianter. Kun hos Puredent\" \/>\n<meta property=\"og:url\" content=\"https:\/\/www.puredent.dk\/en\/vare\/identifikationsskilt-med-valgfri-indgravering-til-ustomed-sterilkassetter-vaelg-farve-og-tekst-90-650-000\/\" \/>\n<meta property=\"og:site_name\" content=\"Puredent webshop\" \/>\n<meta property=\"article:modified_time\" content=\"2025-02-12T08:31:04+00:00\" \/>\n<meta property=\"og:image\" content=\"https:\/\/www.puredent.dk\/wp-content\/uploads\/2021\/05\/Ustomed-Identifikationsskilte.jpg\" \/>\n\t<meta property=\"og:image:width\" content=\"1067\" \/>\n\t<meta property=\"og:image:height\" content=\"1067\" \/>\n\t<meta property=\"og:image:type\" content=\"image\/jpeg\" \/>\n<meta name=\"twitter:card\" content=\"summary_large_image\" \/>\n<meta name=\"twitter:label1\" content=\"Estimated reading time\" \/>\n\t<meta name=\"twitter:data1\" content=\"1 minute\" \/>\n<script type=\"application\/ld+json\" class=\"yoast-schema-graph\">{\"@context\":\"https:\\\/\\\/schema.org\",\"@graph\":[{\"@type\":\"WebPage\",\"@id\":\"https:\\\/\\\/www.puredent.dk\\\/vare\\\/identifikationsskilt-med-valgfri-indgravering-til-ustomed-sterilkassetter-vaelg-farve-og-tekst-90-650-000\\\/\",\"url\":\"https:\\\/\\\/www.puredent.dk\\\/vare\\\/identifikationsskilt-med-valgfri-indgravering-til-ustomed-sterilkassetter-vaelg-farve-og-tekst-90-650-000\\\/\",\"name\":\"90-650-007 Ustomed Identification label, PURPLE, incl. inscript.\",\"isPartOf\":{\"@id\":\"https:\\\/\\\/www.puredent.dk\\\/#website\"},\"primaryImageOfPage\":{\"@id\":\"https:\\\/\\\/www.puredent.dk\\\/vare\\\/identifikationsskilt-med-valgfri-indgravering-til-ustomed-sterilkassetter-vaelg-farve-og-tekst-90-650-000\\\/#primaryimage\"},\"image\":{\"@id\":\"https:\\\/\\\/www.puredent.dk\\\/vare\\\/identifikationsskilt-med-valgfri-indgravering-til-ustomed-sterilkassetter-vaelg-farve-og-tekst-90-650-000\\\/#primaryimage\"},\"thumbnailUrl\":\"https:\\\/\\\/www.puredent.dk\\\/wp-content\\\/uploads\\\/2021\\\/05\\\/Ustomed-Identifikationsskilte.jpg\",\"datePublished\":\"2021-10-07T11:54:19+00:00\",\"dateModified\":\"2025-02-12T08:31:04+00:00\",\"description\":\"Identifikationsskilt til Ustomed sterilkassetter med valgfri tekst og 7 farvervarianter. Kun hos Puredent\",\"breadcrumb\":{\"@id\":\"https:\\\/\\\/www.puredent.dk\\\/vare\\\/identifikationsskilt-med-valgfri-indgravering-til-ustomed-sterilkassetter-vaelg-farve-og-tekst-90-650-000\\\/#breadcrumb\"},\"inLanguage\":\"en-GB\",\"potentialAction\":[{\"@type\":\"ReadAction\",\"target\":[\"https:\\\/\\\/www.puredent.dk\\\/vare\\\/identifikationsskilt-med-valgfri-indgravering-til-ustomed-sterilkassetter-vaelg-farve-og-tekst-90-650-000\\\/\"]}]},{\"@type\":\"ImageObject\",\"inLanguage\":\"en-GB\",\"@id\":\"https:\\\/\\\/www.puredent.dk\\\/vare\\\/identifikationsskilt-med-valgfri-indgravering-til-ustomed-sterilkassetter-vaelg-farve-og-tekst-90-650-000\\\/#primaryimage\",\"url\":\"https:\\\/\\\/www.puredent.dk\\\/wp-content\\\/uploads\\\/2021\\\/05\\\/Ustomed-Identifikationsskilte.jpg\",\"contentUrl\":\"https:\\\/\\\/www.puredent.dk\\\/wp-content\\\/uploads\\\/2021\\\/05\\\/Ustomed-Identifikationsskilte.jpg\",\"width\":1067,\"height\":1067},{\"@type\":\"BreadcrumbList\",\"@id\":\"https:\\\/\\\/www.puredent.dk\\\/vare\\\/identifikationsskilt-med-valgfri-indgravering-til-ustomed-sterilkassetter-vaelg-farve-og-tekst-90-650-000\\\/#breadcrumb\",\"itemListElement\":[{\"@type\":\"ListItem\",\"position\":1,\"name\":\"Hjem\",\"item\":\"https:\\\/\\\/www.puredent.dk\\\/\"},{\"@type\":\"ListItem\",\"position\":2,\"name\":\"Forside\",\"item\":\"https:\\\/\\\/www.puredent.dk\\\/\"},{\"@type\":\"ListItem\",\"position\":3,\"name\":\"Identifikationsskilt med valgfri indgravering til Ustomed sterilkassetter, v\u00e6lg farve og tekst &#8211; 90-650-000\"}]},{\"@type\":\"WebSite\",\"@id\":\"https:\\\/\\\/www.puredent.dk\\\/#website\",\"url\":\"https:\\\/\\\/www.puredent.dk\\\/\",\"name\":\"Puredent webshop\",\"description\":\"Udstyr til tandl\u00e6ger, l\u00e6ger og dyrl\u00e6ger\",\"publisher\":{\"@id\":\"https:\\\/\\\/www.puredent.dk\\\/#organization\"},\"potentialAction\":[{\"@type\":\"SearchAction\",\"target\":{\"@type\":\"EntryPoint\",\"urlTemplate\":\"https:\\\/\\\/www.puredent.dk\\\/?s={search_term_string}\"},\"query-input\":{\"@type\":\"PropertyValueSpecification\",\"valueRequired\":true,\"valueName\":\"search_term_string\"}}],\"inLanguage\":\"en-GB\"},{\"@type\":\"Organization\",\"@id\":\"https:\\\/\\\/www.puredent.dk\\\/#organization\",\"name\":\"Puredent webshop\",\"url\":\"https:\\\/\\\/www.puredent.dk\\\/\",\"logo\":{\"@type\":\"ImageObject\",\"inLanguage\":\"en-GB\",\"@id\":\"https:\\\/\\\/www.puredent.dk\\\/#\\\/schema\\\/logo\\\/image\\\/\",\"url\":\"https:\\\/\\\/www.puredent.dk\\\/wp-content\\\/uploads\\\/2024\\\/07\\\/cropped-PD_2024_logo_72ppi.jpg\",\"contentUrl\":\"https:\\\/\\\/www.puredent.dk\\\/wp-content\\\/uploads\\\/2024\\\/07\\\/cropped-PD_2024_logo_72ppi.jpg\",\"width\":1311,\"height\":445,\"caption\":\"Puredent webshop\"},\"image\":{\"@id\":\"https:\\\/\\\/www.puredent.dk\\\/#\\\/schema\\\/logo\\\/image\\\/\"}}]}<\/script>\n<!-- \/ Yoast SEO plugin. -->","yoast_head_json":{"title":"90-650-007 Ustomed Identification label, PURPLE, incl. inscript.","description":"Identifikationsskilt til Ustomed sterilkassetter med valgfri tekst og 7 farvervarianter. Kun hos Puredent","robots":{"index":"index","follow":"follow","max-snippet":"max-snippet:-1","max-image-preview":"max-image-preview:large","max-video-preview":"max-video-preview:-1"},"canonical":"https:\/\/www.puredent.dk\/en\/vare\/identifikationsskilt-med-valgfri-indgravering-til-ustomed-sterilkassetter-vaelg-farve-og-tekst-90-650-000\/","og_locale":"en_GB","og_type":"article","og_title":"[:da]Identifikationsskilt med valgfri indgravering til Ustomed sterilkassetter, v\u00e6lg farve og tekst - 90-650-000[:en]90-650-007 Ustomed Identification label, PURPLE, incl. inscript.[:] - Puredent webshop","og_description":"[:da]Identifikationsskilt til Ustomed sterilkassetter med valgfri tekst og 7 farvervarianter. Kun hos Puredent[:]","og_url":"https:\/\/www.puredent.dk\/en\/vare\/identifikationsskilt-med-valgfri-indgravering-til-ustomed-sterilkassetter-vaelg-farve-og-tekst-90-650-000\/","og_site_name":"Puredent webshop","article_modified_time":"2025-02-12T08:31:04+00:00","og_image":[{"width":1067,"height":1067,"url":"https:\/\/www.puredent.dk\/wp-content\/uploads\/2021\/05\/Ustomed-Identifikationsskilte.jpg","type":"image\/jpeg"}],"twitter_card":"summary_large_image","twitter_misc":{"Estimated reading time":"1 minute"},"schema":{"@context":"https:\/\/schema.org","@graph":[{"@type":"WebPage","@id":"https:\/\/www.puredent.dk\/vare\/identifikationsskilt-med-valgfri-indgravering-til-ustomed-sterilkassetter-vaelg-farve-og-tekst-90-650-000\/","url":"https:\/\/www.puredent.dk\/vare\/identifikationsskilt-med-valgfri-indgravering-til-ustomed-sterilkassetter-vaelg-farve-og-tekst-90-650-000\/","name":"90-650-007 Ustomed Identification label, PURPLE, incl. inscript.","isPartOf":{"@id":"https:\/\/www.puredent.dk\/#website"},"primaryImageOfPage":{"@id":"https:\/\/www.puredent.dk\/vare\/identifikationsskilt-med-valgfri-indgravering-til-ustomed-sterilkassetter-vaelg-farve-og-tekst-90-650-000\/#primaryimage"},"image":{"@id":"https:\/\/www.puredent.dk\/vare\/identifikationsskilt-med-valgfri-indgravering-til-ustomed-sterilkassetter-vaelg-farve-og-tekst-90-650-000\/#primaryimage"},"thumbnailUrl":"https:\/\/www.puredent.dk\/wp-content\/uploads\/2021\/05\/Ustomed-Identifikationsskilte.jpg","datePublished":"2021-10-07T11:54:19+00:00","dateModified":"2025-02-12T08:31:04+00:00","description":"Identifikationsskilt til Ustomed sterilkassetter med valgfri tekst og 7 farvervarianter. Kun hos Puredent","breadcrumb":{"@id":"https:\/\/www.puredent.dk\/vare\/identifikationsskilt-med-valgfri-indgravering-til-ustomed-sterilkassetter-vaelg-farve-og-tekst-90-650-000\/#breadcrumb"},"inLanguage":"en-GB","potentialAction":[{"@type":"ReadAction","target":["https:\/\/www.puredent.dk\/vare\/identifikationsskilt-med-valgfri-indgravering-til-ustomed-sterilkassetter-vaelg-farve-og-tekst-90-650-000\/"]}]},{"@type":"ImageObject","inLanguage":"en-GB","@id":"https:\/\/www.puredent.dk\/vare\/identifikationsskilt-med-valgfri-indgravering-til-ustomed-sterilkassetter-vaelg-farve-og-tekst-90-650-000\/#primaryimage","url":"https:\/\/www.puredent.dk\/wp-content\/uploads\/2021\/05\/Ustomed-Identifikationsskilte.jpg","contentUrl":"https:\/\/www.puredent.dk\/wp-content\/uploads\/2021\/05\/Ustomed-Identifikationsskilte.jpg","width":1067,"height":1067},{"@type":"BreadcrumbList","@id":"https:\/\/www.puredent.dk\/vare\/identifikationsskilt-med-valgfri-indgravering-til-ustomed-sterilkassetter-vaelg-farve-og-tekst-90-650-000\/#breadcrumb","itemListElement":[{"@type":"ListItem","position":1,"name":"Hjem","item":"https:\/\/www.puredent.dk\/"},{"@type":"ListItem","position":2,"name":"Forside","item":"https:\/\/www.puredent.dk\/"},{"@type":"ListItem","position":3,"name":"Identifikationsskilt med valgfri indgravering til Ustomed sterilkassetter, v\u00e6lg farve og tekst &#8211; 90-650-000"}]},{"@type":"WebSite","@id":"https:\/\/www.puredent.dk\/#website","url":"https:\/\/www.puredent.dk\/","name":"Puredent webshop","description":"Udstyr til tandl\u00e6ger, l\u00e6ger og dyrl\u00e6ger","publisher":{"@id":"https:\/\/www.puredent.dk\/#organization"},"potentialAction":[{"@type":"SearchAction","target":{"@type":"EntryPoint","urlTemplate":"https:\/\/www.puredent.dk\/?s={search_term_string}"},"query-input":{"@type":"PropertyValueSpecification","valueRequired":true,"valueName":"search_term_string"}}],"inLanguage":"en-GB"},{"@type":"Organization","@id":"https:\/\/www.puredent.dk\/#organization","name":"Puredent webshop","url":"https:\/\/www.puredent.dk\/","logo":{"@type":"ImageObject","inLanguage":"en-GB","@id":"https:\/\/www.puredent.dk\/#\/schema\/logo\/image\/","url":"https:\/\/www.puredent.dk\/wp-content\/uploads\/2024\/07\/cropped-PD_2024_logo_72ppi.jpg","contentUrl":"https:\/\/www.puredent.dk\/wp-content\/uploads\/2024\/07\/cropped-PD_2024_logo_72ppi.jpg","width":1311,"height":445,"caption":"Puredent webshop"},"image":{"@id":"https:\/\/www.puredent.dk\/#\/schema\/logo\/image\/"}}]}},"_links":{"self":[{"href":"https:\/\/www.puredent.dk\/en\/wp-json\/wp\/v2\/product\/1858","targetHints":{"allow":["GET"]}}],"collection":[{"href":"https:\/\/www.puredent.dk\/en\/wp-json\/wp\/v2\/product"}],"about":[{"href":"https:\/\/www.puredent.dk\/en\/wp-json\/wp\/v2\/types\/product"}],"version-history":[{"count":3,"href":"https:\/\/www.puredent.dk\/en\/wp-json\/wp\/v2\/product\/1858\/revisions"}],"predecessor-version":[{"id":3488,"href":"https:\/\/www.puredent.dk\/en\/wp-json\/wp\/v2\/product\/1858\/revisions\/3488"}],"wp:featuredmedia":[{"embeddable":true,"href":"https:\/\/www.puredent.dk\/en\/wp-json\/wp\/v2\/media\/1659"}],"wp:attachment":[{"href":"https:\/\/www.puredent.dk\/en\/wp-json\/wp\/v2\/media?parent=1858"}],"wp:term":[{"taxonomy":"product_brand","embeddable":true,"href":"https:\/\/www.puredent.dk\/en\/wp-json\/wp\/v2\/product_brand?post=1858"},{"taxonomy":"product_cat","embeddable":true,"href":"https:\/\/www.puredent.dk\/en\/wp-json\/wp\/v2\/product_cat?post=1858"},{"taxonomy":"product_tag","embeddable":true,"href":"https:\/\/www.puredent.dk\/en\/wp-json\/wp\/v2\/product_tag?post=1858"}],"curies":[{"name":"wp","href":"https:\/\/api.w.org\/{rel}","templated":true}]}}