{"id":1643,"date":"2021-05-17T10:26:53","date_gmt":"2021-05-17T10:26:53","guid":{"rendered":"https:\/\/www.puredent.dk\/?post_type=product&#038;p=1643"},"modified":"2021-05-17T10:51:41","modified_gmt":"2021-05-17T10:51:41","slug":"vled-dpc","status":"publish","type":"product","link":"https:\/\/www.puredent.dk\/en\/vare\/vled-dpc\/","title":{"rendered":"VLED+-DPC Veinlite LED+ covers, 50 pcs"},"content":{"rendered":"","protected":false},"excerpt":{"rendered":"<h3><strong>Veinlite LED+ covers<\/strong><\/h3>\n<p>Plastcovers til Veinlite LED+, engangsartikel.<\/p>\n","protected":false},"featured_media":1644,"template":"","meta":[],"product_brand":[],"product_cat":[48,270],"product_tag":[],"class_list":{"0":"post-1643","1":"product","2":"type-product","3":"status-publish","4":"has-post-thumbnail","6":"product_cat-prf","7":"product_cat-veinlite","8":"product_shipping_class-standard-shipping","10":"first","11":"instock","12":"taxable","13":"shipping-taxable","14":"purchasable","15":"product-type-simple"},"yoast_head":"<!-- This site is optimized with the Yoast SEO plugin v27.5 - https:\/\/yoast.com\/product\/yoast-seo-wordpress\/ -->\n<title>VLED+-DPC Veinlite LED+ covers, 50 pcs<\/title>\n<meta name=\"description\" content=\"Veinlite LED+The newest adult model with optimum viewing area and highest contrast for vein imaging. Use on patients of all ages and skin tones.\" \/>\n<meta name=\"robots\" content=\"index, follow, max-snippet:-1, max-image-preview:large, max-video-preview:-1\" \/>\n<link rel=\"canonical\" href=\"https:\/\/www.puredent.dk\/en\/vare\/vled-dpc\/\" \/>\n<meta property=\"og:locale\" content=\"en_GB\" \/>\n<meta property=\"og:locale:alternate\" content=\"da_DK\" \/>\n<meta property=\"og:type\" content=\"article\" \/>\n<meta property=\"og:title\" content=\"VLED+-DPC Veinlite LED+ covers, 50 pcs\" \/>\n<meta property=\"og:description\" content=\"Veinlite LED+The newest adult model with optimum viewing area and highest contrast for vein imaging. Use on patients of all ages and skin tones.\" \/>\n<meta property=\"og:url\" content=\"https:\/\/www.puredent.dk\/en\/vare\/vled-dpc\/\" \/>\n<meta property=\"og:site_name\" content=\"Puredent webshop\" \/>\n<meta property=\"article:modified_time\" content=\"2021-05-17T10:51:41+00:00\" \/>\n<meta property=\"og:image\" content=\"https:\/\/www.puredent.dk\/wp-content\/uploads\/2021\/05\/Veinlite-covers.jpg\" \/>\n\t<meta property=\"og:image:width\" content=\"1067\" \/>\n\t<meta property=\"og:image:height\" content=\"1067\" \/>\n\t<meta property=\"og:image:type\" content=\"image\/jpeg\" \/>\n<meta name=\"twitter:card\" content=\"summary_large_image\" \/>\n<script type=\"application\/ld+json\" class=\"yoast-schema-graph\">{\"@context\":\"https:\\\/\\\/schema.org\",\"@graph\":[{\"@type\":\"WebPage\",\"@id\":\"https:\\\/\\\/www.puredent.dk\\\/en\\\/vare\\\/vled-dpc\\\/\",\"url\":\"https:\\\/\\\/www.puredent.dk\\\/en\\\/vare\\\/vled-dpc\\\/\",\"name\":\"VLED+-DPC Veinlite LED+ covers, 50 pcs\",\"isPartOf\":{\"@id\":\"https:\\\/\\\/www.puredent.dk\\\/#website\"},\"primaryImageOfPage\":{\"@id\":\"https:\\\/\\\/www.puredent.dk\\\/en\\\/vare\\\/vled-dpc\\\/#primaryimage\"},\"image\":{\"@id\":\"https:\\\/\\\/www.puredent.dk\\\/en\\\/vare\\\/vled-dpc\\\/#primaryimage\"},\"thumbnailUrl\":\"https:\\\/\\\/www.puredent.dk\\\/wp-content\\\/uploads\\\/2021\\\/05\\\/Veinlite-covers.jpg\",\"datePublished\":\"2021-05-17T10:26:53+00:00\",\"dateModified\":\"2021-05-17T10:51:41+00:00\",\"description\":\"Veinlite LED+The newest adult model with optimum viewing area and highest contrast for vein imaging. Use on patients of all ages and skin tones.\",\"breadcrumb\":{\"@id\":\"https:\\\/\\\/www.puredent.dk\\\/en\\\/vare\\\/vled-dpc\\\/#breadcrumb\"},\"inLanguage\":\"en-GB\",\"potentialAction\":[{\"@type\":\"ReadAction\",\"target\":[\"https:\\\/\\\/www.puredent.dk\\\/en\\\/vare\\\/vled-dpc\\\/\"]}]},{\"@type\":\"ImageObject\",\"inLanguage\":\"en-GB\",\"@id\":\"https:\\\/\\\/www.puredent.dk\\\/en\\\/vare\\\/vled-dpc\\\/#primaryimage\",\"url\":\"https:\\\/\\\/www.puredent.dk\\\/wp-content\\\/uploads\\\/2021\\\/05\\\/Veinlite-covers.jpg\",\"contentUrl\":\"https:\\\/\\\/www.puredent.dk\\\/wp-content\\\/uploads\\\/2021\\\/05\\\/Veinlite-covers.jpg\",\"width\":1067,\"height\":1067},{\"@type\":\"BreadcrumbList\",\"@id\":\"https:\\\/\\\/www.puredent.dk\\\/en\\\/vare\\\/vled-dpc\\\/#breadcrumb\",\"itemListElement\":[{\"@type\":\"ListItem\",\"position\":1,\"name\":\"Hjem\",\"item\":\"https:\\\/\\\/www.puredent.dk\\\/\"},{\"@type\":\"ListItem\",\"position\":2,\"name\":\"Forside\",\"item\":\"https:\\\/\\\/www.puredent.dk\\\/\"},{\"@type\":\"ListItem\",\"position\":3,\"name\":\"VLED+-DPC Veinlite LED+ covers, 50 pcs\"}]},{\"@type\":\"WebSite\",\"@id\":\"https:\\\/\\\/www.puredent.dk\\\/#website\",\"url\":\"https:\\\/\\\/www.puredent.dk\\\/\",\"name\":\"Puredent webshop\",\"description\":\"Udstyr til tandl\u00e6ger, l\u00e6ger og dyrl\u00e6ger\",\"publisher\":{\"@id\":\"https:\\\/\\\/www.puredent.dk\\\/#organization\"},\"potentialAction\":[{\"@type\":\"SearchAction\",\"target\":{\"@type\":\"EntryPoint\",\"urlTemplate\":\"https:\\\/\\\/www.puredent.dk\\\/?s={search_term_string}\"},\"query-input\":{\"@type\":\"PropertyValueSpecification\",\"valueRequired\":true,\"valueName\":\"search_term_string\"}}],\"inLanguage\":\"en-GB\"},{\"@type\":\"Organization\",\"@id\":\"https:\\\/\\\/www.puredent.dk\\\/#organization\",\"name\":\"Puredent webshop\",\"url\":\"https:\\\/\\\/www.puredent.dk\\\/\",\"logo\":{\"@type\":\"ImageObject\",\"inLanguage\":\"en-GB\",\"@id\":\"https:\\\/\\\/www.puredent.dk\\\/#\\\/schema\\\/logo\\\/image\\\/\",\"url\":\"https:\\\/\\\/www.puredent.dk\\\/wp-content\\\/uploads\\\/2024\\\/07\\\/cropped-PD_2024_logo_72ppi.jpg\",\"contentUrl\":\"https:\\\/\\\/www.puredent.dk\\\/wp-content\\\/uploads\\\/2024\\\/07\\\/cropped-PD_2024_logo_72ppi.jpg\",\"width\":1311,\"height\":445,\"caption\":\"Puredent webshop\"},\"image\":{\"@id\":\"https:\\\/\\\/www.puredent.dk\\\/#\\\/schema\\\/logo\\\/image\\\/\"}}]}<\/script>\n<!-- \/ Yoast SEO plugin. -->","yoast_head_json":{"title":"VLED+-DPC Veinlite LED+ covers, 50 pcs","description":"Veinlite LED+The newest adult model with optimum viewing area and highest contrast for vein imaging. Use on patients of all ages and skin tones.","robots":{"index":"index","follow":"follow","max-snippet":"max-snippet:-1","max-image-preview":"max-image-preview:large","max-video-preview":"max-video-preview:-1"},"canonical":"https:\/\/www.puredent.dk\/en\/vare\/vled-dpc\/","og_locale":"en_GB","og_type":"article","og_title":"[:da]VLED+-DPC Veinlite LED+ covers, 50 pcs[:en]VLED+-DPC Veinlite LED+ covers, 50 pcs[:] -","og_description":"Veinlite LED+The newest adult model with optimum viewing area and highest contrast for vein imaging. Use on patients of all ages and skin tones.","og_url":"https:\/\/www.puredent.dk\/en\/vare\/vled-dpc\/","og_site_name":"Puredent webshop","article_modified_time":"2021-05-17T10:51:41+00:00","og_image":[{"width":1067,"height":1067,"url":"https:\/\/www.puredent.dk\/wp-content\/uploads\/2021\/05\/Veinlite-covers.jpg","type":"image\/jpeg"}],"twitter_card":"summary_large_image","schema":{"@context":"https:\/\/schema.org","@graph":[{"@type":"WebPage","@id":"https:\/\/www.puredent.dk\/en\/vare\/vled-dpc\/","url":"https:\/\/www.puredent.dk\/en\/vare\/vled-dpc\/","name":"VLED+-DPC Veinlite LED+ covers, 50 pcs","isPartOf":{"@id":"https:\/\/www.puredent.dk\/#website"},"primaryImageOfPage":{"@id":"https:\/\/www.puredent.dk\/en\/vare\/vled-dpc\/#primaryimage"},"image":{"@id":"https:\/\/www.puredent.dk\/en\/vare\/vled-dpc\/#primaryimage"},"thumbnailUrl":"https:\/\/www.puredent.dk\/wp-content\/uploads\/2021\/05\/Veinlite-covers.jpg","datePublished":"2021-05-17T10:26:53+00:00","dateModified":"2021-05-17T10:51:41+00:00","description":"Veinlite LED+The newest adult model with optimum viewing area and highest contrast for vein imaging. Use on patients of all ages and skin tones.","breadcrumb":{"@id":"https:\/\/www.puredent.dk\/en\/vare\/vled-dpc\/#breadcrumb"},"inLanguage":"en-GB","potentialAction":[{"@type":"ReadAction","target":["https:\/\/www.puredent.dk\/en\/vare\/vled-dpc\/"]}]},{"@type":"ImageObject","inLanguage":"en-GB","@id":"https:\/\/www.puredent.dk\/en\/vare\/vled-dpc\/#primaryimage","url":"https:\/\/www.puredent.dk\/wp-content\/uploads\/2021\/05\/Veinlite-covers.jpg","contentUrl":"https:\/\/www.puredent.dk\/wp-content\/uploads\/2021\/05\/Veinlite-covers.jpg","width":1067,"height":1067},{"@type":"BreadcrumbList","@id":"https:\/\/www.puredent.dk\/en\/vare\/vled-dpc\/#breadcrumb","itemListElement":[{"@type":"ListItem","position":1,"name":"Hjem","item":"https:\/\/www.puredent.dk\/"},{"@type":"ListItem","position":2,"name":"Forside","item":"https:\/\/www.puredent.dk\/"},{"@type":"ListItem","position":3,"name":"VLED+-DPC Veinlite LED+ covers, 50 pcs"}]},{"@type":"WebSite","@id":"https:\/\/www.puredent.dk\/#website","url":"https:\/\/www.puredent.dk\/","name":"Puredent webshop","description":"Udstyr til tandl\u00e6ger, l\u00e6ger og dyrl\u00e6ger","publisher":{"@id":"https:\/\/www.puredent.dk\/#organization"},"potentialAction":[{"@type":"SearchAction","target":{"@type":"EntryPoint","urlTemplate":"https:\/\/www.puredent.dk\/?s={search_term_string}"},"query-input":{"@type":"PropertyValueSpecification","valueRequired":true,"valueName":"search_term_string"}}],"inLanguage":"en-GB"},{"@type":"Organization","@id":"https:\/\/www.puredent.dk\/#organization","name":"Puredent webshop","url":"https:\/\/www.puredent.dk\/","logo":{"@type":"ImageObject","inLanguage":"en-GB","@id":"https:\/\/www.puredent.dk\/#\/schema\/logo\/image\/","url":"https:\/\/www.puredent.dk\/wp-content\/uploads\/2024\/07\/cropped-PD_2024_logo_72ppi.jpg","contentUrl":"https:\/\/www.puredent.dk\/wp-content\/uploads\/2024\/07\/cropped-PD_2024_logo_72ppi.jpg","width":1311,"height":445,"caption":"Puredent webshop"},"image":{"@id":"https:\/\/www.puredent.dk\/#\/schema\/logo\/image\/"}}]}},"_links":{"self":[{"href":"https:\/\/www.puredent.dk\/en\/wp-json\/wp\/v2\/product\/1643","targetHints":{"allow":["GET"]}}],"collection":[{"href":"https:\/\/www.puredent.dk\/en\/wp-json\/wp\/v2\/product"}],"about":[{"href":"https:\/\/www.puredent.dk\/en\/wp-json\/wp\/v2\/types\/product"}],"version-history":[{"count":0,"href":"https:\/\/www.puredent.dk\/en\/wp-json\/wp\/v2\/product\/1643\/revisions"}],"wp:featuredmedia":[{"embeddable":true,"href":"https:\/\/www.puredent.dk\/en\/wp-json\/wp\/v2\/media\/1644"}],"wp:attachment":[{"href":"https:\/\/www.puredent.dk\/en\/wp-json\/wp\/v2\/media?parent=1643"}],"wp:term":[{"taxonomy":"product_brand","embeddable":true,"href":"https:\/\/www.puredent.dk\/en\/wp-json\/wp\/v2\/product_brand?post=1643"},{"taxonomy":"product_cat","embeddable":true,"href":"https:\/\/www.puredent.dk\/en\/wp-json\/wp\/v2\/product_cat?post=1643"},{"taxonomy":"product_tag","embeddable":true,"href":"https:\/\/www.puredent.dk\/en\/wp-json\/wp\/v2\/product_tag?post=1643"}],"curies":[{"name":"wp","href":"https:\/\/api.w.org\/{rel}","templated":true}]}}